{"id":8266,"date":"2017-11-29T16:03:17","date_gmt":"2017-11-29T15:03:17","guid":{"rendered":"https:\/\/www.blumen-schwarz.de\/aktuell\/?post_type=product&#038;p=8266"},"modified":"2024-05-20T11:12:35","modified_gmt":"2024-05-20T09:12:35","slug":"sepa-basislastschrift","status":"publish","type":"product","link":"https:\/\/www.blumen-schwarz.de\/aktuell\/produkt\/sepa-basislastschrift\/","title":{"rendered":"Sepa - Basislastschrift"},"content":{"rendered":"<p>Dieser Artikel beinhaltet die Zustimmung zum Sepa-Basis-Lastschritmandat. Bitte f\u00fcgen Sie diesen Artikel Ihren Warenkorb zu und gehen nachher bei der<strong> Kasse als Bezahlweise Ihre Sepalastschrift und Ihre Kontodaten ein.<\/strong><\/p>\n<p>Der im Webshop angezeigte Preis von 21 \u20ac dient nur, den Mindestbestellwert zu umgehen. Nat\u00fcrlich buchen wir nur Ihre aktuellen, offenen Rechnungen ab und berechnen weder evtl. Liefergeb\u00fchren, noch diesen Artikelpreis.<\/p>\n<p>Dieses Sepa-Lastschriftmandat k\u00f6nnen Sie jederzeit k\u00fcndigen und wird von uns f\u00fcr alle Ihre zuk\u00fcnftigen anfallenden Rechnungen (auch au\u00dferhalb des Webshops) verwendet. Falls noch Rechnungen offen sind, werden diese automatisch mit abgebucht.<\/p>\n<p>Vielen Dank f\u00fcr Ihr Vertrauen.<\/p>\n","protected":false},"excerpt":{"rendered":"<p>Auftrag Sepa-Basislastschrift<\/p>\n","protected":false},"featured_media":232141,"comment_status":"open","ping_status":"closed","template":"","meta":{"inline_featured_image":false},"product_brand":[],"product_cat":[764],"product_tag":[],"class_list":{"0":"post-8266","1":"product","2":"type-product","3":"status-publish","4":"has-post-thumbnail","6":"product_cat-dienstleistung","7":"thunk-woo-product-list","8":"open-woo-hover-zoom","9":"open-single-product-tab-horizontal","10":"open-shadow-","11":"open-shadow-hover-","13":"first","14":"instock","15":"virtual","16":"taxable","17":"purchasable","18":"product-type-simple"},"wcpa_form_fields":null,"_links":{"self":[{"href":"https:\/\/www.blumen-schwarz.de\/aktuell\/wp-json\/wp\/v2\/product\/8266","targetHints":{"allow":["GET"]}}],"collection":[{"href":"https:\/\/www.blumen-schwarz.de\/aktuell\/wp-json\/wp\/v2\/product"}],"about":[{"href":"https:\/\/www.blumen-schwarz.de\/aktuell\/wp-json\/wp\/v2\/types\/product"}],"replies":[{"embeddable":true,"href":"https:\/\/www.blumen-schwarz.de\/aktuell\/wp-json\/wp\/v2\/comments?post=8266"}],"wp:featuredmedia":[{"embeddable":true,"href":"https:\/\/www.blumen-schwarz.de\/aktuell\/wp-json\/wp\/v2\/media\/232141"}],"wp:attachment":[{"href":"https:\/\/www.blumen-schwarz.de\/aktuell\/wp-json\/wp\/v2\/media?parent=8266"}],"wp:term":[{"taxonomy":"product_brand","embeddable":true,"href":"https:\/\/www.blumen-schwarz.de\/aktuell\/wp-json\/wp\/v2\/product_brand?post=8266"},{"taxonomy":"product_cat","embeddable":true,"href":"https:\/\/www.blumen-schwarz.de\/aktuell\/wp-json\/wp\/v2\/product_cat?post=8266"},{"taxonomy":"product_tag","embeddable":true,"href":"https:\/\/www.blumen-schwarz.de\/aktuell\/wp-json\/wp\/v2\/product_tag?post=8266"}],"curies":[{"name":"wp","href":"https:\/\/api.w.org\/{rel}","templated":true}]}}