{"id":288736,"date":"2026-04-22T15:17:50","date_gmt":"2026-04-22T13:14:56","guid":{"rendered":"https:\/\/www.blumen-schwarz.de\/aktuell\/produkt\/acer-murasaki-kiyohime-t17-roter-faecherahorn\/"},"modified":"2026-04-22T15:17:52","modified_gmt":"2026-04-22T13:17:52","slug":"acer-murasaki-kiyohime-t17-roter-faecherahorn","status":"publish","type":"product","link":"https:\/\/www.blumen-schwarz.de\/aktuell\/produkt\/acer-murasaki-kiyohime-t17-roter-faecherahorn\/","title":{"rendered":"Acer pal. Wilsons Pink Dwarf, T17, Kleinbl\u00e4ttriger F\u00e4cherahorn"},"content":{"rendered":"<p>Pinktriebiger F\u00e4cherahorn<br \/>Acer palmatum Wilsons Pink Dwarf<\/p>\n<p><\/p>\n","protected":false},"excerpt":{"rendered":"<br \/>\n","protected":false},"featured_media":0,"comment_status":"open","ping_status":"closed","template":"","meta":{"inline_featured_image":false},"product_brand":[],"product_cat":[1259,1258],"product_tag":[2021,1591,1569],"class_list":{"0":"post-288736","1":"product","2":"type-product","3":"status-publish","5":"product_cat-gehoelze","6":"product_cat-pflanzen","7":"product_tag-ahorn","8":"product_tag-strauch","9":"product_tag-t17","10":"thunk-woo-product-list","11":"open-woo-hover-zoom","12":"open-single-product-tab-horizontal","13":"open-shadow-","14":"open-shadow-hover-","16":"first","17":"instock","18":"taxable","19":"shipping-taxable","20":"purchasable","21":"product-type-simple"},"wcpa_form_fields":null,"_links":{"self":[{"href":"https:\/\/www.blumen-schwarz.de\/aktuell\/wp-json\/wp\/v2\/product\/288736","targetHints":{"allow":["GET"]}}],"collection":[{"href":"https:\/\/www.blumen-schwarz.de\/aktuell\/wp-json\/wp\/v2\/product"}],"about":[{"href":"https:\/\/www.blumen-schwarz.de\/aktuell\/wp-json\/wp\/v2\/types\/product"}],"replies":[{"embeddable":true,"href":"https:\/\/www.blumen-schwarz.de\/aktuell\/wp-json\/wp\/v2\/comments?post=288736"}],"wp:attachment":[{"href":"https:\/\/www.blumen-schwarz.de\/aktuell\/wp-json\/wp\/v2\/media?parent=288736"}],"wp:term":[{"taxonomy":"product_brand","embeddable":true,"href":"https:\/\/www.blumen-schwarz.de\/aktuell\/wp-json\/wp\/v2\/product_brand?post=288736"},{"taxonomy":"product_cat","embeddable":true,"href":"https:\/\/www.blumen-schwarz.de\/aktuell\/wp-json\/wp\/v2\/product_cat?post=288736"},{"taxonomy":"product_tag","embeddable":true,"href":"https:\/\/www.blumen-schwarz.de\/aktuell\/wp-json\/wp\/v2\/product_tag?post=288736"}],"curies":[{"name":"wp","href":"https:\/\/api.w.org\/{rel}","templated":true}]}}