{"id":288732,"date":"2026-04-22T15:15:42","date_gmt":"2026-04-22T13:12:19","guid":{"rendered":"https:\/\/www.blumen-schwarz.de\/aktuell\/produkt\/acer-atropurpureum-t17-roter-faecherahorn\/"},"modified":"2026-04-22T15:15:43","modified_gmt":"2026-04-22T13:15:43","slug":"acer-atropurpureum-t17-roter-faecherahorn","status":"publish","type":"product","link":"https:\/\/www.blumen-schwarz.de\/aktuell\/produkt\/acer-atropurpureum-t17-roter-faecherahorn\/","title":{"rendered":"Acer Atropurpureum, T17, roter F\u00e4cherahorn"},"content":{"rendered":"<p>F\u00e4cherahorn<br \/>Acer palmatum Atropurpureum<br \/>Aceraceae<br \/>Blatt: sommergr\u00fcn, ganzj\u00e4hrig rot ausgef\u00e4rbt<br \/> Wuchsh\u00f6he: aufrechter Wuchs, bis 3m<br \/> Standort: warme, gesch\u00fctzte Ecken, Halbschatten<br \/> Sonstiges: nicht zu trocken<\/p>\n","protected":false},"excerpt":{"rendered":"<p> Roter F\u00e4cherahorn 40- 60<\/p>\n<p><\/p>\n","protected":false},"featured_media":234761,"comment_status":"open","ping_status":"closed","template":"","meta":{"inline_featured_image":false},"product_brand":[],"product_cat":[1259,1258],"product_tag":[2021,1591,1569],"class_list":{"0":"post-288732","1":"product","2":"type-product","3":"status-publish","4":"has-post-thumbnail","6":"product_cat-gehoelze","7":"product_cat-pflanzen","8":"product_tag-ahorn","9":"product_tag-strauch","10":"product_tag-t17","11":"thunk-woo-product-list","12":"open-woo-hover-zoom","13":"open-single-product-tab-horizontal","14":"open-shadow-","15":"open-shadow-hover-","17":"first","18":"instock","19":"taxable","20":"shipping-taxable","21":"product-type-simple"},"wcpa_form_fields":null,"_links":{"self":[{"href":"https:\/\/www.blumen-schwarz.de\/aktuell\/wp-json\/wp\/v2\/product\/288732","targetHints":{"allow":["GET"]}}],"collection":[{"href":"https:\/\/www.blumen-schwarz.de\/aktuell\/wp-json\/wp\/v2\/product"}],"about":[{"href":"https:\/\/www.blumen-schwarz.de\/aktuell\/wp-json\/wp\/v2\/types\/product"}],"replies":[{"embeddable":true,"href":"https:\/\/www.blumen-schwarz.de\/aktuell\/wp-json\/wp\/v2\/comments?post=288732"}],"wp:featuredmedia":[{"embeddable":true,"href":"https:\/\/www.blumen-schwarz.de\/aktuell\/wp-json\/wp\/v2\/media\/234761"}],"wp:attachment":[{"href":"https:\/\/www.blumen-schwarz.de\/aktuell\/wp-json\/wp\/v2\/media?parent=288732"}],"wp:term":[{"taxonomy":"product_brand","embeddable":true,"href":"https:\/\/www.blumen-schwarz.de\/aktuell\/wp-json\/wp\/v2\/product_brand?post=288732"},{"taxonomy":"product_cat","embeddable":true,"href":"https:\/\/www.blumen-schwarz.de\/aktuell\/wp-json\/wp\/v2\/product_cat?post=288732"},{"taxonomy":"product_tag","embeddable":true,"href":"https:\/\/www.blumen-schwarz.de\/aktuell\/wp-json\/wp\/v2\/product_tag?post=288732"}],"curies":[{"name":"wp","href":"https:\/\/api.w.org\/{rel}","templated":true}]}}