{"id":285139,"date":"2026-02-25T15:46:42","date_gmt":"2025-06-02T05:56:42","guid":{"rendered":"https:\/\/www.blumen-schwarz.de\/aktuell\/produkt\/ficus-elastica-rosa-gruenes-blatt-t10\/"},"modified":"2026-02-25T15:46:43","modified_gmt":"2026-02-25T14:46:43","slug":"ficus-elastica-rosa-gruenes-blatt-t10","status":"publish","type":"product","link":"https:\/\/www.blumen-schwarz.de\/aktuell\/produkt\/ficus-elastica-rosa-gruenes-blatt-t10\/","title":{"rendered":"Ficus elastica rosa-gr\u00fcnes Blatt T10"},"content":{"rendered":"<p>Gummibaum<br \/>Ficus elastica Robusta<br \/>Moraceae<br \/>Wuchsh\u00f6he: bis 3 m, schnellwachsend<br \/> Standort: hell - halbschattig, braucht Platz<br \/> Sonstiges: flott-wachsende Zimmerpflanze, langlebig und sch\u00e4dlingsfrei, problemloser R\u00fcckschnitt<\/p>\n<p> Aus S\u00fcdostasien hat der Gummibaum den Weg in unsere Zimmer gefunden. Gerade die gro\u00dfbl\u00e4ttrigen Ficus elastica Sorten sind robust, schnittvertr\u00e4glich und kaum kaputtbar.<\/p>\n","protected":false},"excerpt":{"rendered":"<br \/>\n","protected":false},"featured_media":246019,"comment_status":"open","ping_status":"closed","template":"","meta":{"inline_featured_image":false},"product_brand":[],"product_cat":[1258,1406],"product_tag":[2278,2277,2281,2280,1851],"class_list":{"0":"post-285139","1":"product","2":"type-product","3":"status-publish","4":"has-post-thumbnail","6":"product_cat-pflanzen","7":"product_cat-zimmerpflanzen","8":"product_tag-gruenpflanze","9":"product_tag-hell","10":"product_tag-maessig_giessen","11":"product_tag-unverwuestbar","12":"product_tag-zimmer","13":"thunk-woo-product-list","14":"open-woo-hover-zoom","15":"open-single-product-tab-horizontal","16":"open-shadow-","17":"open-shadow-hover-","18":"wcpa_has_options","20":"first","21":"outofstock","22":"taxable","23":"shipping-taxable","24":"purchasable","25":"product-type-simple"},"wcpa_form_fields":{"wcpaData":{"product":{"product_price":9.49,"price_html":"<span class=\"woocommerce-Price-amount amount\"><bdi>9,49&nbsp;<span class=\"woocommerce-Price-currencySymbol\">&euro;<\/span><\/bdi><\/span>","original_product_price":9.49,"price_including_tax":9.49,"price_excluding_tax":8.869159,"product_id":{"parent":285139,"variation":false},"is_variable":false,"stock_status":"outofstock","stock_quantity":0,"parent_sku":"8350928554","product_attributes":[],"custom_fields":[],"is_taxable":true,"product_name":"Ficus elastica rosa-gr\u00fcnes Blatt T10","hasImage":false},"fields":{"sec_1069ea44eddabdf":{"extra":{"key":"sec_1069ea44eddabdf","section_id":"sec_1069ea44eddabdf","name":"Default","status":1,"cl_rule":"show","enableCl":false,"relations":[],"toggle":true,"title_tag":"h3","show_title":false,"showPrice":"default","form_id":245222,"form_rules":{"exclude_from_discount":false,"fee_label":"Steuer","disp_hide_options_price":false,"disp_show_section_price":false,"disp_show_field_price":true,"layout_option":"standard","pric_use_as_fee":false,"process_fee_as":"woo_fee"},"layout_option":"standard"},"fields":[[{"type":"textarea","elementId":"wcpa-textarea-1608033486494","label":"zus. W\u00fcnsche (Farbe, Form o.\u00e4.)","description":"","desc_type":true,"pricingType":"fixed","rows":"2","className":"form-control","name":"textarea-1608033486494","cl_rule":"show","col":6,"relations":false,"active":true,"tooltip":"Hier k\u00f6nnen Sie, falls der Artikel nicht eindeutig ist, Ihre W\u00fcnsche eintragen. Im Zweifelsfall lassen Sie dieses Feld einfach leer.","gt_translate_keys":["label","description","tooltip"],"price_dependency":false,"cl_dependency":false,"value":""}]]}},"config":{"price_override":"","enable_recaptcha":false,"bind_quantity":false,"quantity_bind_formula":false,"disp_summ_show_option_price":true,"disp_summ_show_product_price":true,"disp_summ_show_total_price":true,"disp_summ_show_fee":false,"disp_summ_show_discount":false,"summary_title":"","options_total_label":"ausgew\u00e4hlter Preis","total_label":"Komplett","options_product_label":"Produkt Preis","fee_label":"Steuer","discount_label":"Discount","has_price":true,"has_quantity_formula":false},"mc_unit":1,"tax_rate":1,"tax_rate_real":0.07,"discount":{"percentage":0,"fixed":0},"design":{"conf":{"LabelPosition":"above","DescPosition":"above","UploadField":"custom_1","QuantityFieldStyle":"default"},"css":{"LeftLabelWidth":"120px"}},"formulas":[],"lookuptables":[],"clones":false,"cartKey":false}},"_links":{"self":[{"href":"https:\/\/www.blumen-schwarz.de\/aktuell\/wp-json\/wp\/v2\/product\/285139","targetHints":{"allow":["GET"]}}],"collection":[{"href":"https:\/\/www.blumen-schwarz.de\/aktuell\/wp-json\/wp\/v2\/product"}],"about":[{"href":"https:\/\/www.blumen-schwarz.de\/aktuell\/wp-json\/wp\/v2\/types\/product"}],"replies":[{"embeddable":true,"href":"https:\/\/www.blumen-schwarz.de\/aktuell\/wp-json\/wp\/v2\/comments?post=285139"}],"wp:featuredmedia":[{"embeddable":true,"href":"https:\/\/www.blumen-schwarz.de\/aktuell\/wp-json\/wp\/v2\/media\/246019"}],"wp:attachment":[{"href":"https:\/\/www.blumen-schwarz.de\/aktuell\/wp-json\/wp\/v2\/media?parent=285139"}],"wp:term":[{"taxonomy":"product_brand","embeddable":true,"href":"https:\/\/www.blumen-schwarz.de\/aktuell\/wp-json\/wp\/v2\/product_brand?post=285139"},{"taxonomy":"product_cat","embeddable":true,"href":"https:\/\/www.blumen-schwarz.de\/aktuell\/wp-json\/wp\/v2\/product_cat?post=285139"},{"taxonomy":"product_tag","embeddable":true,"href":"https:\/\/www.blumen-schwarz.de\/aktuell\/wp-json\/wp\/v2\/product_tag?post=285139"}],"curies":[{"name":"wp","href":"https:\/\/api.w.org\/{rel}","templated":true}]}}