{"id":284728,"date":"2026-03-31T10:17:59","date_gmt":"2025-05-02T13:37:35","guid":{"rendered":"https:\/\/www.blumen-schwarz.de\/aktuell\/produkt\/neem-cake12er-topf-490g\/"},"modified":"2026-03-31T10:18:00","modified_gmt":"2026-03-31T08:18:00","slug":"neem-cake12er-topf-490g","status":"publish","type":"product","link":"https:\/\/www.blumen-schwarz.de\/aktuell\/produkt\/neem-cake12er-topf-490g\/","title":{"rendered":"Neem-Cake,12er Topf,~ 490g"},"content":{"rendered":"<p>Neem-Cake D\u00fcnger<\/p>\n<p>Organischer D\u00fcnger <br \/> 5% Stickstoff<br \/> 1% Phosphor<br \/> 2,5% Kalium<br \/> Neem-Cake ist das Abfallprodukt, dass beim Erstellen des biologischen Pflanzenschutzmittels Neem\u00f6l anf\u00e4llt. Dementsprechend besteht es zu 100% aus nachwachsendem, organischem Material.<br \/> Der D\u00fcnger gibt langsam ab. Ein Nachd\u00fcngen ist daher erst nach 5 -7 Wochen n\u00f6tig.<br \/> 2 H\u00e4nde (=100-200g) auf einen Meter Balkonkasten.<br \/> Die Neemreste sollen sch\u00e4dlingsvertreibend wirkend. Wir empfehlen Neem-Cake f\u00fcr lausanf\u00e4llige Pflanzen (Petunien o.\u00e4.).<\/p>\n","protected":false},"excerpt":{"rendered":"<p> Zum Selbstabf\u00fcllen: Ein 12er Topf entspricht ungef\u00e4hr 490g. D.h. der 1kg Preis iiegt ungef\u00e4hr bei 8,10 \u20ac<\/p>\n","protected":false},"featured_media":284729,"comment_status":"open","ping_status":"closed","template":"","meta":{"inline_featured_image":false},"product_brand":[],"product_cat":[1398,1397],"product_tag":[],"class_list":{"0":"post-284728","1":"product","2":"type-product","3":"status-publish","4":"has-post-thumbnail","6":"product_cat-erde","7":"product_cat-gartenbedarf","8":"thunk-woo-product-list","9":"open-woo-hover-zoom","10":"open-single-product-tab-horizontal","11":"open-shadow-","12":"open-shadow-hover-","14":"first","15":"instock","16":"taxable","17":"shipping-taxable","18":"purchasable","19":"product-type-simple"},"wcpa_form_fields":null,"_links":{"self":[{"href":"https:\/\/www.blumen-schwarz.de\/aktuell\/wp-json\/wp\/v2\/product\/284728","targetHints":{"allow":["GET"]}}],"collection":[{"href":"https:\/\/www.blumen-schwarz.de\/aktuell\/wp-json\/wp\/v2\/product"}],"about":[{"href":"https:\/\/www.blumen-schwarz.de\/aktuell\/wp-json\/wp\/v2\/types\/product"}],"replies":[{"embeddable":true,"href":"https:\/\/www.blumen-schwarz.de\/aktuell\/wp-json\/wp\/v2\/comments?post=284728"}],"wp:featuredmedia":[{"embeddable":true,"href":"https:\/\/www.blumen-schwarz.de\/aktuell\/wp-json\/wp\/v2\/media\/284729"}],"wp:attachment":[{"href":"https:\/\/www.blumen-schwarz.de\/aktuell\/wp-json\/wp\/v2\/media?parent=284728"}],"wp:term":[{"taxonomy":"product_brand","embeddable":true,"href":"https:\/\/www.blumen-schwarz.de\/aktuell\/wp-json\/wp\/v2\/product_brand?post=284728"},{"taxonomy":"product_cat","embeddable":true,"href":"https:\/\/www.blumen-schwarz.de\/aktuell\/wp-json\/wp\/v2\/product_cat?post=284728"},{"taxonomy":"product_tag","embeddable":true,"href":"https:\/\/www.blumen-schwarz.de\/aktuell\/wp-json\/wp\/v2\/product_tag?post=284728"}],"curies":[{"name":"wp","href":"https:\/\/api.w.org\/{rel}","templated":true}]}}