{"id":284726,"date":"2026-04-02T16:17:27","date_gmt":"2025-05-02T13:24:26","guid":{"rendered":"https:\/\/www.blumen-schwarz.de\/aktuell\/produkt\/baumschulduenger-provita-72512er-topf\/"},"modified":"2026-04-02T16:17:29","modified_gmt":"2026-04-02T14:17:29","slug":"baumschulduenger-provita-72512er-topf","status":"publish","type":"product","link":"https:\/\/www.blumen-schwarz.de\/aktuell\/produkt\/baumschulduenger-provita-72512er-topf\/","title":{"rendered":"Baumschuld\u00fcnger Provita 7+2+5,12er Topf, ca 500g"},"content":{"rendered":"<p>Baumschuld\u00fcnger Provita<\/p>\n<p>Organischer Speziald\u00fcnger f\u00fcr Freilandpflanzen.<br \/> 7% Gesamtstickstoff<br \/> 2% Gesamtphosphat<br \/> 5% Gesamtkaliumoxid<\/p>\n<p> Wir verwenden den Baumschuld\u00fcnger in Kombination mit Schafwollpellets.<br \/> Die Wollpellets fangen mit der D\u00fcngewirkung ab der 4. bis 6. Woche an. Der Baumschuld\u00fcnger ist hingegen relativ schnell verf\u00fcgbar. Das ergibt die ideale Erg\u00e4nzung.<br \/> Ungef\u00e4hr 100g auf 1m Balkonkasten. <br \/> Starkzehrer (wie Geranien) 6-7g\/l<br \/> Schwachzehrer 4-5g \/l<br \/> Ohne anderen D\u00fcnger (wie Schafwollpellets) muss die D\u00fcngung alle 4- 6 Wochen wiederholt werden.<\/p>\n","protected":false},"excerpt":{"rendered":"<p> Ein 12er Topf zum Selbstabf\u00fcllen entspricht ungef\u00e4hr 490g. Der 1kg liegt damit bei ungef\u00e4hr 5,60 \u20ac<\/p>\n","protected":false},"featured_media":284727,"comment_status":"open","ping_status":"closed","template":"","meta":{"inline_featured_image":false},"product_brand":[],"product_cat":[1398,1397],"product_tag":[],"class_list":{"0":"post-284726","1":"product","2":"type-product","3":"status-publish","4":"has-post-thumbnail","6":"product_cat-erde","7":"product_cat-gartenbedarf","8":"thunk-woo-product-list","9":"open-woo-hover-zoom","10":"open-single-product-tab-horizontal","11":"open-shadow-","12":"open-shadow-hover-","14":"first","15":"instock","16":"taxable","17":"shipping-taxable","18":"purchasable","19":"product-type-simple"},"wcpa_form_fields":null,"_links":{"self":[{"href":"https:\/\/www.blumen-schwarz.de\/aktuell\/wp-json\/wp\/v2\/product\/284726","targetHints":{"allow":["GET"]}}],"collection":[{"href":"https:\/\/www.blumen-schwarz.de\/aktuell\/wp-json\/wp\/v2\/product"}],"about":[{"href":"https:\/\/www.blumen-schwarz.de\/aktuell\/wp-json\/wp\/v2\/types\/product"}],"replies":[{"embeddable":true,"href":"https:\/\/www.blumen-schwarz.de\/aktuell\/wp-json\/wp\/v2\/comments?post=284726"}],"wp:featuredmedia":[{"embeddable":true,"href":"https:\/\/www.blumen-schwarz.de\/aktuell\/wp-json\/wp\/v2\/media\/284727"}],"wp:attachment":[{"href":"https:\/\/www.blumen-schwarz.de\/aktuell\/wp-json\/wp\/v2\/media?parent=284726"}],"wp:term":[{"taxonomy":"product_brand","embeddable":true,"href":"https:\/\/www.blumen-schwarz.de\/aktuell\/wp-json\/wp\/v2\/product_brand?post=284726"},{"taxonomy":"product_cat","embeddable":true,"href":"https:\/\/www.blumen-schwarz.de\/aktuell\/wp-json\/wp\/v2\/product_cat?post=284726"},{"taxonomy":"product_tag","embeddable":true,"href":"https:\/\/www.blumen-schwarz.de\/aktuell\/wp-json\/wp\/v2\/product_tag?post=284726"}],"curies":[{"name":"wp","href":"https:\/\/api.w.org\/{rel}","templated":true}]}}