{"id":284244,"date":"2025-06-04T08:54:01","date_gmt":"2025-03-26T13:12:23","guid":{"rendered":"https:\/\/www.blumen-schwarz.de\/aktuell\/produkt\/aktiv-bodenaktivator-1000-ml\/"},"modified":"2025-06-04T08:54:03","modified_gmt":"2025-06-04T06:54:03","slug":"aktiv-bodenaktivator-1000-ml","status":"publish","type":"product","link":"https:\/\/www.blumen-schwarz.de\/aktuell\/produkt\/aktiv-bodenaktivator-1000-ml\/","title":{"rendered":"Aktiv Bodenaktivator 1000 ml"},"content":{"rendered":"","protected":false},"excerpt":{"rendered":"<p> Aktiv Bodenaktivator <\/p>\n<p> Effektive Mikroorganismen \u2026 <\/p>\n<p> \u2026 sind nat\u00fcrliche Bakterien mit Riesenhunger, sie zerkleinern organische Reste und produzieren wertvolle Enzyme und Vitamine. Sie setzen so N\u00e4hrstoffe f\u00fcr ein optimales Pflanzenwachstum frei. Au\u00dferdem werden nat\u00fcrliche regenerative Prozesse in Gang gesetzt, die Krankheiten, Ger\u00fcche und F\u00e4ulnis bek\u00e4mpfen und so zur Bodengesundheit beitragen. <\/p>\n<p> ANWENDUNG &amp; DOSIERUNG <\/p>\n<p> Dient der Impfung von B\u00f6den mit frei in der Natur vorkommenden Mikroorganismen. Geeignet f\u00fcr alle B\u00f6den. Nach Anbruch z\u00fcgig aufbrauchen. Gie\u00dfl\u00f6sung stets frisch herstellen und innerhalb von 24 Stunden verbrauchen. <\/p>\n<p> Anwendung im Garten: <\/p>\n<p> 4-6 mal im Jahr 20 ml pro 1 l Wasser und m\u00b2 <\/p>\n<p> Anwendung bei Zimmerpflanzen: <\/p>\n<p> 20 ml pro 1 l Wasser. <\/p>\n<p> AUSGANGSSTOFFE <\/p>\n<p> von lebenden Mikroorganismen (Milchs\u00e4urebakterien, Photosynthesebakterien,Hefen), pflanzlichen Stoffen aus der verarbeitenden Industrie (Zuckerrohrmelasse), Wasser <\/p>\n<p> N\u00c4HRSTOFFE <\/p>\n<p> 0,32 % i.d.FM Gesamt-Kaliumoxid <\/p>\n<p> Aktiv Bodenaktivator mit effektiven Mikroorganismen schafft optimale Voraussetzungen, damit sich alle Pflanzen vital und kr\u00e4ftig entwickeln. Er verbessert das Bodenleben im Zier- und Nutzgarten sowie auf Rasenfl\u00e4chen und st\u00e4rkt Balkon- und Zimmerpflanzen, weil ihre Erde aufgewertet wird. <\/p>\n<p> Besteht zu 100 % aus nat\u00fcrlichen, veganen Rohstoffen. Leichte Abweichungen in Farbe und Geruch beeinflussen nicht die Wirksamkeit. <\/p>\n<p> ZWECKBESTIMMUNG <\/p>\n<p> f\u00f6rdert das nat\u00fcrliche Bodenleben und den Humusaufbau und unterst\u00fctzt so Keimung, Wurzelbildung, Bl\u00fcte, Fruchtansatz und Reifung der Fr\u00fcchte <\/p>\n<p> verbessert den physikalischen, chemischen und biologischen Zustand des Bodens und beschleunigt alle biochemischen Funktionen <\/p>\n<p> Im Gartenboden: Aktiv Bodenaktivator mit effektiven Mikroorganismen wirken bei regelm\u00e4\u00dfiger Anwendung richtungsweisend auf ein stabiles Bodenleben, das andere gew\u00fcnschte Bodenlebewesen anzieht und f\u00f6rdert. Gemeinsam setzen sie organisches Material um und bauen wertvollen Humus auf. Bisher festgelegte N\u00e4hrstoffe werden mobilisiert und pflanzenverf\u00fcgbar. Die Aktivit\u00e4t des Bodens zeigt sich bei langfristiger Anwendung durch eine h\u00f6here Bodentemperatur, eine fr\u00fcher beginnende Vegetation im Fr\u00fchjahr und eine l\u00e4ngere Vegetation im Herbst.<\/p>\n<p> Zus\u00e4tzliche Informationen <\/p>\n<p> Art.-Nr. 1035 <\/p>\n<p> Inhalt: 1000 ml <\/p>\n<p> EAN: 4015574004060 <\/p>\n<p> Ausgangsstoffe: Gentechnisch nicht ver\u00e4nderte Milchs\u00e4urebakterien, Photosynthesebakterien, Hefen, Zuckerrohrmelasse. <\/p>\n<p> !Diese Produktinformationen ersetzen nicht die Beachtung der Gebrauchsanweisung!<\/p>\n","protected":false},"featured_media":284245,"comment_status":"open","ping_status":"closed","template":"","meta":{"inline_featured_image":false},"product_brand":[],"product_cat":[832],"product_tag":[],"class_list":{"0":"post-284244","1":"product","2":"type-product","3":"status-publish","4":"has-post-thumbnail","6":"product_cat-unkategorisiert","7":"thunk-woo-product-list","8":"open-woo-hover-zoom","9":"open-single-product-tab-horizontal","10":"open-shadow-","11":"open-shadow-hover-","13":"first","14":"instock","15":"taxable","16":"shipping-taxable","17":"purchasable","18":"product-type-simple"},"wcpa_form_fields":null,"_links":{"self":[{"href":"https:\/\/www.blumen-schwarz.de\/aktuell\/wp-json\/wp\/v2\/product\/284244","targetHints":{"allow":["GET"]}}],"collection":[{"href":"https:\/\/www.blumen-schwarz.de\/aktuell\/wp-json\/wp\/v2\/product"}],"about":[{"href":"https:\/\/www.blumen-schwarz.de\/aktuell\/wp-json\/wp\/v2\/types\/product"}],"replies":[{"embeddable":true,"href":"https:\/\/www.blumen-schwarz.de\/aktuell\/wp-json\/wp\/v2\/comments?post=284244"}],"wp:featuredmedia":[{"embeddable":true,"href":"https:\/\/www.blumen-schwarz.de\/aktuell\/wp-json\/wp\/v2\/media\/284245"}],"wp:attachment":[{"href":"https:\/\/www.blumen-schwarz.de\/aktuell\/wp-json\/wp\/v2\/media?parent=284244"}],"wp:term":[{"taxonomy":"product_brand","embeddable":true,"href":"https:\/\/www.blumen-schwarz.de\/aktuell\/wp-json\/wp\/v2\/product_brand?post=284244"},{"taxonomy":"product_cat","embeddable":true,"href":"https:\/\/www.blumen-schwarz.de\/aktuell\/wp-json\/wp\/v2\/product_cat?post=284244"},{"taxonomy":"product_tag","embeddable":true,"href":"https:\/\/www.blumen-schwarz.de\/aktuell\/wp-json\/wp\/v2\/product_tag?post=284244"}],"curies":[{"name":"wp","href":"https:\/\/api.w.org\/{rel}","templated":true}]}}