{"id":284112,"date":"2026-04-17T16:15:23","date_gmt":"2025-03-20T14:51:57","guid":{"rendered":"https:\/\/www.blumen-schwarz.de\/aktuell\/produkt\/brassica-blaro-blauer-kohlrabi-jungpflanze-2\/"},"modified":"2026-04-17T16:15:24","modified_gmt":"2026-04-17T14:15:24","slug":"brassica-blaro-blauer-kohlrabi-jungpflanze-2","status":"publish","type":"product","link":"https:\/\/www.blumen-schwarz.de\/aktuell\/produkt\/brassica-blaro-blauer-kohlrabi-jungpflanze-2\/","title":{"rendered":"Brassica Blaro - Blauer Kohlrabi - Jungpflanze"},"content":{"rendered":"<p>blauer Kohlrabi<br \/>Brassica oleracea var. gongylodes Blaro<br \/>Brassicaceae<br \/>Mittelsp\u00e4t abreifende Gew\u00e4chshaus- und Freilandsorte<br \/> Wegen der geringen K\u00e4lteanf\u00e4lligkeit und guten Schossfestigkeit f\u00fcr die fr\u00fchen Freilands\u00e4tze empfohlen<br \/> Knollen sind gut blau gef\u00e4rbt, flachrund\/rund, das Laub ist besonders kr\u00e4ftig und stabil <\/p>\n","protected":false},"excerpt":{"rendered":"<p> 10 Jungpflanzen <\/p>\n","protected":false},"featured_media":241935,"comment_status":"open","ping_status":"closed","template":"","meta":{"inline_featured_image":false},"product_brand":[],"product_cat":[1400,1258],"product_tag":[1462,1930,1489,1826],"class_list":{"0":"post-284112","1":"product","2":"type-product","3":"status-publish","4":"has-post-thumbnail","6":"product_cat-gemuese-kraeuter","7":"product_cat-pflanzen","8":"product_tag-gemuese","9":"product_tag-jungpflanze","10":"product_tag-kohl","11":"product_tag-kohlrabi","12":"thunk-woo-product-list","13":"open-woo-hover-zoom","14":"open-single-product-tab-horizontal","15":"open-shadow-","16":"open-shadow-hover-","17":"wcpa_has_options","19":"first","20":"instock","21":"taxable","22":"shipping-taxable","23":"product-type-simple"},"wcpa_form_fields":{"wcpaData":{"product":{"product_price":0,"price_html":"","original_product_price":0,"price_including_tax":0,"price_excluding_tax":0,"product_id":{"parent":284112,"variation":false},"is_variable":false,"stock_status":"instock","stock_quantity":10,"parent_sku":"8350928178","product_attributes":[],"custom_fields":[],"is_taxable":true,"product_name":"Brassica Blaro - Blauer Kohlrabi - Jungpflanze","hasImage":false},"fields":{"sec_869e21734df3ac":{"extra":{"key":"sec_869e21734df3ac","section_id":"sec_869e21734df3ac","name":"Default","status":1,"cl_rule":"show","enableCl":false,"relations":[],"toggle":true,"title_tag":"h3","show_title":false,"showPrice":"default","form_id":245222,"form_rules":{"exclude_from_discount":false,"fee_label":"Steuer","disp_hide_options_price":false,"disp_show_section_price":false,"disp_show_field_price":true,"layout_option":"standard","pric_use_as_fee":false,"process_fee_as":"woo_fee"},"layout_option":"standard"},"fields":[[{"type":"textarea","elementId":"wcpa-textarea-1608033486494","label":"zus. W\u00fcnsche (Farbe, Form o.\u00e4.)","description":"","desc_type":true,"pricingType":"fixed","rows":"2","className":"form-control","name":"textarea-1608033486494","cl_rule":"show","col":6,"relations":false,"active":true,"tooltip":"Hier k\u00f6nnen Sie, falls der Artikel nicht eindeutig ist, Ihre W\u00fcnsche eintragen. Im Zweifelsfall lassen Sie dieses Feld einfach leer.","gt_translate_keys":["label","description","tooltip"],"price_dependency":false,"cl_dependency":false,"value":""}]]}},"config":{"price_override":"","enable_recaptcha":false,"bind_quantity":false,"quantity_bind_formula":false,"disp_summ_show_option_price":true,"disp_summ_show_product_price":true,"disp_summ_show_total_price":true,"disp_summ_show_fee":false,"disp_summ_show_discount":false,"summary_title":"","options_total_label":"ausgew\u00e4hlter Preis","total_label":"Komplett","options_product_label":"Produkt Preis","fee_label":"Steuer","discount_label":"Discount","has_price":true,"has_quantity_formula":false},"mc_unit":1,"tax_rate":1,"tax_rate_real":0.07,"discount":{"percentage":0,"fixed":0},"design":{"conf":{"LabelPosition":"above","DescPosition":"above","UploadField":"custom_1","QuantityFieldStyle":"default"},"css":{"LeftLabelWidth":"120px"}},"formulas":[],"lookuptables":[],"clones":false,"cartKey":false}},"_links":{"self":[{"href":"https:\/\/www.blumen-schwarz.de\/aktuell\/wp-json\/wp\/v2\/product\/284112","targetHints":{"allow":["GET"]}}],"collection":[{"href":"https:\/\/www.blumen-schwarz.de\/aktuell\/wp-json\/wp\/v2\/product"}],"about":[{"href":"https:\/\/www.blumen-schwarz.de\/aktuell\/wp-json\/wp\/v2\/types\/product"}],"replies":[{"embeddable":true,"href":"https:\/\/www.blumen-schwarz.de\/aktuell\/wp-json\/wp\/v2\/comments?post=284112"}],"wp:featuredmedia":[{"embeddable":true,"href":"https:\/\/www.blumen-schwarz.de\/aktuell\/wp-json\/wp\/v2\/media\/241935"}],"wp:attachment":[{"href":"https:\/\/www.blumen-schwarz.de\/aktuell\/wp-json\/wp\/v2\/media?parent=284112"}],"wp:term":[{"taxonomy":"product_brand","embeddable":true,"href":"https:\/\/www.blumen-schwarz.de\/aktuell\/wp-json\/wp\/v2\/product_brand?post=284112"},{"taxonomy":"product_cat","embeddable":true,"href":"https:\/\/www.blumen-schwarz.de\/aktuell\/wp-json\/wp\/v2\/product_cat?post=284112"},{"taxonomy":"product_tag","embeddable":true,"href":"https:\/\/www.blumen-schwarz.de\/aktuell\/wp-json\/wp\/v2\/product_tag?post=284112"}],"curies":[{"name":"wp","href":"https:\/\/api.w.org\/{rel}","templated":true}]}}