{"id":284088,"date":"2025-05-09T09:58:38","date_gmt":"2025-03-20T10:33:46","guid":{"rendered":"https:\/\/www.blumen-schwarz.de\/aktuell\/produkt\/ameisen-ex-koederdose-2-dosen\/"},"modified":"2025-05-09T09:58:39","modified_gmt":"2025-05-09T07:58:39","slug":"ameisen-ex-koederdose-2-dosen","status":"publish","type":"product","link":"https:\/\/www.blumen-schwarz.de\/aktuell\/produkt\/ameisen-ex-koederdose-2-dosen\/","title":{"rendered":"Ameisen-Ex K\u00f6derdose, 2 Dosen"},"content":{"rendered":"","protected":false},"excerpt":{"rendered":"<p> Verkauf nur nach pers\u00f6nllicher Beratung. <\/p>\n<p> AMEISEN-EX K\u00d6DERDOSE <\/p>\n<p> WIRKUNGSWEISE <\/p>\n<p> Die K\u00f6derdose wirkt so, dass Ameisen und ihre Nester vollst\u00e4ndig vernichtet werden. Der s\u00fc\u00dfe, auf Zucker basierende, Lockk\u00f6der entspricht den Ern\u00e4hrungsgewohnheiten der Ameisen. Sie nehmen den K\u00f6der mit dem Wirkstoff auf und transportieren diesen in ihr Nest, wo sie ihn auch an ihre Artgenossen und ihre Brut verf\u00fcttern. Auf diese Weise wird das gesamte Ameisennest innerhalb weniger Tage vernichtet. Da die Ameisen in der Regel erst im Nest sterben, sind keine oder nur wenige tote Ameisen zu sehen. <\/p>\n<p> ANWENDUNG <\/p>\n<p> Stellen Sie die meist frequentierten Ameisenlaufwege fest bzw. versuchen Sie die Lage des Nestes zu orten. \u00d6ffnen Sie die Dose, indem Sie die 3 Zungen zuerst kurz nach innen dr\u00fccken und danach nach au\u00dfen abbrechen. Stellen Sie die K\u00f6derdosen auf die Ameisenlaufwege bzw. in die N\u00e4he des vermuteten Nestes. Ca. 1 Dose\/5 m\u00b2. Die Verwendung der K\u00f6derdose ist sehr sicher, denn der K\u00f6der bleibt au\u00dfer Reichweite von Kindern und Haustieren und l\u00e4sst sich ohne Zuhilfenahme eines Werkzeuges \u00f6ffnen und aufstellen.<\/p>\n<p> HINWEISE <\/p>\n<p> Entfernen Sie m\u00f6glichst alle anderen potentiellen Nahrungsquellen f\u00fcr Ameisen, um die K\u00f6derannahme zu verbessern. K\u00f6derdosen nicht auf warme oder sich erhitzende Gegenst\u00e4nde legen (z. B. Heizk\u00f6rper). Auch nach Ausbleiben weiterer Ameisen, die K\u00f6derdose weitere 6 \u2013 8 Wochen stehen lassen. Bei besonders starkem Befall empfiehlt sich die Verwendung mehrerer K\u00f6derdosen bzw. eine neuerliche Anwendung nach 3 \u2013 4 Wochen Pause. <\/p>\n<p> Zus\u00e4tzliche Informationen <\/p>\n<p> Art.-Nr. 4490 <\/p>\n<p> Inhalt: 2 St\u00fcck <\/p>\n<p> EAN: 4015574003889 <\/p>\n<p> BAuA-Reg.-Nr: N-99828 <\/p>\n<p> Wirkstoffe: Natriumkakodylat 57,5 g\/kg, Enth\u00e4lt einen Bitterstoff (Denatoniumbenzoat) <\/p>\n<p> Kennzeichnung: Sch\u00e4dlich f\u00fcr Wasserorganismen mit langfristiger Wirkung. Darf nicht in die H\u00e4nde von Kindern gelangen. Freisetzung in die Umwelt vermeiden. Bei Unwohlsein GIFTINFORMATIONSZENTRUM oder Arzt anrufen. Inhalt\/Beh\u00e4lter gem\u00e4\u00df den nationalen Vorschriften entsorgen. Enth\u00e4lt (Benzyloxy)methanol. Kann allergische Reaktionen hervorrufen. <\/p>\n<p> !Diese Produktinformationen ersetzen nicht die Beachtung der Gebrauchsanweisung! <\/p>\n","protected":false},"featured_media":284087,"comment_status":"open","ping_status":"closed","template":"","meta":{"inline_featured_image":false},"product_brand":[],"product_cat":[832],"product_tag":[],"class_list":{"0":"post-284088","1":"product","2":"type-product","3":"status-publish","4":"has-post-thumbnail","6":"product_cat-unkategorisiert","7":"thunk-woo-product-list","8":"open-woo-hover-zoom","9":"open-single-product-tab-horizontal","10":"open-shadow-","11":"open-shadow-hover-","13":"first","14":"instock","15":"taxable","16":"shipping-taxable","17":"purchasable","18":"product-type-simple"},"wcpa_form_fields":null,"_links":{"self":[{"href":"https:\/\/www.blumen-schwarz.de\/aktuell\/wp-json\/wp\/v2\/product\/284088","targetHints":{"allow":["GET"]}}],"collection":[{"href":"https:\/\/www.blumen-schwarz.de\/aktuell\/wp-json\/wp\/v2\/product"}],"about":[{"href":"https:\/\/www.blumen-schwarz.de\/aktuell\/wp-json\/wp\/v2\/types\/product"}],"replies":[{"embeddable":true,"href":"https:\/\/www.blumen-schwarz.de\/aktuell\/wp-json\/wp\/v2\/comments?post=284088"}],"wp:featuredmedia":[{"embeddable":true,"href":"https:\/\/www.blumen-schwarz.de\/aktuell\/wp-json\/wp\/v2\/media\/284087"}],"wp:attachment":[{"href":"https:\/\/www.blumen-schwarz.de\/aktuell\/wp-json\/wp\/v2\/media?parent=284088"}],"wp:term":[{"taxonomy":"product_brand","embeddable":true,"href":"https:\/\/www.blumen-schwarz.de\/aktuell\/wp-json\/wp\/v2\/product_brand?post=284088"},{"taxonomy":"product_cat","embeddable":true,"href":"https:\/\/www.blumen-schwarz.de\/aktuell\/wp-json\/wp\/v2\/product_cat?post=284088"},{"taxonomy":"product_tag","embeddable":true,"href":"https:\/\/www.blumen-schwarz.de\/aktuell\/wp-json\/wp\/v2\/product_tag?post=284088"}],"curies":[{"name":"wp","href":"https:\/\/api.w.org\/{rel}","templated":true}]}}