{"id":284086,"date":"2025-07-15T08:25:07","date_gmt":"2025-03-20T10:33:14","guid":{"rendered":"https:\/\/www.blumen-schwarz.de\/aktuell\/produkt\/ameisen-ex-granulat-500-g\/"},"modified":"2026-03-25T09:22:31","modified_gmt":"2026-03-25T08:22:31","slug":"ameisen-ex-granulat-500-g","status":"publish","type":"product","link":"https:\/\/www.blumen-schwarz.de\/aktuell\/produkt\/ameisen-ex-granulat-500-g\/","title":{"rendered":"Ameisen-Ex Granulat 500 g"},"content":{"rendered":"","protected":false},"excerpt":{"rendered":"<p> Verkauf nur nach pers\u00f6nlicher oder telefonischer Beratung <\/p>\n<p> Ameisen-Ex Granulat <\/p>\n<p> Dr. St\u00e4hler Ameisen-Ex Granulat wirkt schnell und sicher gegen Ameisen auf Wegen, Pl\u00e4tzen und Terrassen am Haus. Die praktische Streudose erlaubt einen dosiergenauen, gezielten Einsatz. <\/p>\n<p> Eigenschaften: <\/p>\n<p> Biozid gegen l\u00e4stige Ameisen und deren Nester <\/p>\n<p> Saubere Handhabung durch die Granulat-Form <\/p>\n<p> Sichere und schnelle Wirkung auf Wegen, Pl\u00e4tzen und Terrassen <\/p>\n<p> Einfach gie\u00dfen oder streuen <\/p>\n<p> Gebrauchsanweisung: <\/p>\n<p> Streuverfahren: <\/p>\n<p> 10 g \/ m\u00b2 (entspricht ca. 2 gestrichenen Teel\u00f6ffeln) gleichm\u00e4\u00dfig auf die Laufwege (Ameisenstra\u00dfen) und in festgestellte Nester streuen. <\/p>\n<p> Gie\u00dfverfahren: <\/p>\n<p> Pro Ameisennest 10 g in 0,5 l Wasser aufl\u00f6sen und hineingie\u00dfen, auch die Ameisenstra\u00dfen und Fugen in Plattenwegen abgie\u00dfen. Die Nester am besten morgens oder abends behandeln, dann halten sich fast alle Ameisen im Bau auf. <\/p>\n<p> Hinweis: <\/p>\n<p> Das Gie\u00dfverfahren schont N\u00fctzlinge und andere Insekten. <\/p>\n<p> Zus\u00e4tzliche Informationen <\/p>\n<p> Art.-Nr. 4462 (250 g) | 4463 (500 g) <\/p>\n<p> Inhalt: 250 g | 500 g <\/p>\n<p> EAN: 4015574001960 (250 g) | 4015574001977 (500 g) <\/p>\n<p> Biozid-Nr.: N-72818 <\/p>\n<p> Wirkstoffe: 2,5 g\/kg Cypermethrin; 0,01 g\/kg Geraniol <\/p>\n<p> Kennzeichnung: <\/p>\n<p> Gefahrenhinweise: H410 Sehr giftig f\u00fcr Wasserorganismen mit langfristiger Wirkung. <\/p>\n<p> Sicherheitshinweise: P102 Darf nicht in die H\u00e4nde von Kindern gelangen. P273 Freisetzung in die Umwelt vermeiden. P501 Entsorgung des Inhalts\/des Beh\u00e4lters gem\u00e4\u00df den \u00f6rtlichen\/regionalen\/nationalen\/internationalen Vorschriften.<\/p>\n<p> Gefahrenpiktogramm(e): GHS09Achtung <\/p>\n<p> !Diese Produktinformationen ersetzen nicht die Beachtung der Gebrauchsanweisung! <\/p>\n","protected":false},"featured_media":284085,"comment_status":"open","ping_status":"closed","template":"","meta":{"inline_featured_image":false},"product_brand":[],"product_cat":[832],"product_tag":[],"class_list":{"0":"post-284086","1":"product","2":"type-product","3":"status-publish","4":"has-post-thumbnail","6":"product_cat-unkategorisiert","7":"thunk-woo-product-list","8":"open-woo-hover-zoom","9":"open-single-product-tab-horizontal","10":"open-shadow-","11":"open-shadow-hover-","13":"first","14":"instock","15":"taxable","16":"shipping-taxable","17":"purchasable","18":"product-type-simple"},"wcpa_form_fields":null,"_links":{"self":[{"href":"https:\/\/www.blumen-schwarz.de\/aktuell\/wp-json\/wp\/v2\/product\/284086","targetHints":{"allow":["GET"]}}],"collection":[{"href":"https:\/\/www.blumen-schwarz.de\/aktuell\/wp-json\/wp\/v2\/product"}],"about":[{"href":"https:\/\/www.blumen-schwarz.de\/aktuell\/wp-json\/wp\/v2\/types\/product"}],"replies":[{"embeddable":true,"href":"https:\/\/www.blumen-schwarz.de\/aktuell\/wp-json\/wp\/v2\/comments?post=284086"}],"wp:featuredmedia":[{"embeddable":true,"href":"https:\/\/www.blumen-schwarz.de\/aktuell\/wp-json\/wp\/v2\/media\/284085"}],"wp:attachment":[{"href":"https:\/\/www.blumen-schwarz.de\/aktuell\/wp-json\/wp\/v2\/media?parent=284086"}],"wp:term":[{"taxonomy":"product_brand","embeddable":true,"href":"https:\/\/www.blumen-schwarz.de\/aktuell\/wp-json\/wp\/v2\/product_brand?post=284086"},{"taxonomy":"product_cat","embeddable":true,"href":"https:\/\/www.blumen-schwarz.de\/aktuell\/wp-json\/wp\/v2\/product_cat?post=284086"},{"taxonomy":"product_tag","embeddable":true,"href":"https:\/\/www.blumen-schwarz.de\/aktuell\/wp-json\/wp\/v2\/product_tag?post=284086"}],"curies":[{"name":"wp","href":"https:\/\/api.w.org\/{rel}","templated":true}]}}