{"id":283634,"date":"2026-04-20T16:34:52","date_gmt":"2025-02-05T07:20:51","guid":{"rendered":"https:\/\/www.blumen-schwarz.de\/aktuell\/produkt\/phlox-s-drummond-polsterphlox-pink\/"},"modified":"2026-04-20T16:34:53","modified_gmt":"2026-04-20T14:34:53","slug":"phlox-s-drummond-polsterphlox-pink","status":"publish","type":"product","link":"https:\/\/www.blumen-schwarz.de\/aktuell\/produkt\/phlox-s-drummond-polsterphlox-pink\/","title":{"rendered":"Phlox s. Drummond, Polsterphlox pink"},"content":{"rendered":"<p>rosa Polsterphlox<br \/>Phlox subulata Drummond Pink<br \/>Polemoniaceae<br \/>Bl\u00fcte: pink, gro\u00dfblumig M\u00e4rz \/ April<br \/> Wuchsh\u00f6he: mittel wachsend, bis 15cm H\u00f6he<br \/> Standort: Sonne, Steingarten, winterharte Staude<br \/> Tolle gro\u00dfblumige Sorte, bei der man wirklich zweimal hinschauen muss um zu erkennen, dass es der winterharte Phlox ist (wie der Sortenname es schon sagt, hat diese Sorte sehr viel \u00c4hnlichkeit mit dem einj\u00e4hrigen Phlox drummondii)<\/p>\n","protected":false},"excerpt":{"rendered":"<p> _ _ <\/p>\n","protected":false},"featured_media":284652,"comment_status":"open","ping_status":"closed","template":"","meta":{"inline_featured_image":false},"product_brand":[],"product_cat":[1258,1402],"product_tag":[1415,1849,1507,2095],"class_list":{"0":"post-283634","1":"product","2":"type-product","3":"status-publish","4":"has-post-thumbnail","6":"product_cat-pflanzen","7":"product_cat-stauden","8":"product_tag-bodendecker","9":"product_tag-sonne","10":"product_tag-staude","11":"product_tag-steingarten","12":"thunk-woo-product-list","13":"open-woo-hover-zoom","14":"open-single-product-tab-horizontal","15":"open-shadow-","16":"open-shadow-hover-","17":"wcpa_has_options","19":"first","20":"instock","21":"taxable","22":"shipping-taxable","23":"purchasable","24":"product-type-simple"},"wcpa_form_fields":{"wcpaData":{"product":{"product_price":4.29,"price_html":"<span class=\"woocommerce-Price-amount amount\"><bdi>4,29&nbsp;<span class=\"woocommerce-Price-currencySymbol\">&euro;<\/span><\/bdi><\/span>","original_product_price":4.29,"price_including_tax":4.29,"price_excluding_tax":4.009346,"product_id":{"parent":283634,"variation":false},"is_variable":false,"stock_status":"instock","stock_quantity":28,"parent_sku":"350478","product_attributes":[],"custom_fields":[],"is_taxable":true,"product_name":"Phlox s. Drummond, Polsterphlox pink","hasImage":false},"fields":{"sec_469e8c197ab23f":{"extra":{"key":"sec_469e8c197ab23f","section_id":"sec_469e8c197ab23f","name":"Default","status":1,"cl_rule":"show","enableCl":false,"relations":[],"toggle":true,"title_tag":"h3","show_title":false,"showPrice":"default","form_id":245222,"form_rules":{"exclude_from_discount":false,"fee_label":"Steuer","disp_hide_options_price":false,"disp_show_section_price":false,"disp_show_field_price":true,"layout_option":"standard","pric_use_as_fee":false,"process_fee_as":"woo_fee"},"layout_option":"standard"},"fields":[[{"type":"textarea","elementId":"wcpa-textarea-1608033486494","label":"zus. W\u00fcnsche (Farbe, Form o.\u00e4.)","description":"","desc_type":true,"pricingType":"fixed","rows":"2","className":"form-control","name":"textarea-1608033486494","cl_rule":"show","col":6,"relations":false,"active":true,"tooltip":"Hier k\u00f6nnen Sie, falls der Artikel nicht eindeutig ist, Ihre W\u00fcnsche eintragen. Im Zweifelsfall lassen Sie dieses Feld einfach leer.","gt_translate_keys":["label","description","tooltip"],"price_dependency":false,"cl_dependency":false,"value":""}]]}},"config":{"price_override":"","enable_recaptcha":false,"bind_quantity":false,"quantity_bind_formula":false,"disp_summ_show_option_price":true,"disp_summ_show_product_price":true,"disp_summ_show_total_price":true,"disp_summ_show_fee":false,"disp_summ_show_discount":false,"summary_title":"","options_total_label":"ausgew\u00e4hlter Preis","total_label":"Komplett","options_product_label":"Produkt Preis","fee_label":"Steuer","discount_label":"Discount","has_price":true,"has_quantity_formula":false},"mc_unit":1,"tax_rate":1,"tax_rate_real":0.07,"discount":{"percentage":0,"fixed":0},"design":{"conf":{"LabelPosition":"above","DescPosition":"above","UploadField":"custom_1","QuantityFieldStyle":"default"},"css":{"LeftLabelWidth":"120px"}},"formulas":[],"lookuptables":[],"clones":false,"cartKey":false}},"_links":{"self":[{"href":"https:\/\/www.blumen-schwarz.de\/aktuell\/wp-json\/wp\/v2\/product\/283634","targetHints":{"allow":["GET"]}}],"collection":[{"href":"https:\/\/www.blumen-schwarz.de\/aktuell\/wp-json\/wp\/v2\/product"}],"about":[{"href":"https:\/\/www.blumen-schwarz.de\/aktuell\/wp-json\/wp\/v2\/types\/product"}],"replies":[{"embeddable":true,"href":"https:\/\/www.blumen-schwarz.de\/aktuell\/wp-json\/wp\/v2\/comments?post=283634"}],"wp:featuredmedia":[{"embeddable":true,"href":"https:\/\/www.blumen-schwarz.de\/aktuell\/wp-json\/wp\/v2\/media\/284652"}],"wp:attachment":[{"href":"https:\/\/www.blumen-schwarz.de\/aktuell\/wp-json\/wp\/v2\/media?parent=283634"}],"wp:term":[{"taxonomy":"product_brand","embeddable":true,"href":"https:\/\/www.blumen-schwarz.de\/aktuell\/wp-json\/wp\/v2\/product_brand?post=283634"},{"taxonomy":"product_cat","embeddable":true,"href":"https:\/\/www.blumen-schwarz.de\/aktuell\/wp-json\/wp\/v2\/product_cat?post=283634"},{"taxonomy":"product_tag","embeddable":true,"href":"https:\/\/www.blumen-schwarz.de\/aktuell\/wp-json\/wp\/v2\/product_tag?post=283634"}],"curies":[{"name":"wp","href":"https:\/\/api.w.org\/{rel}","templated":true}]}}