{"id":280362,"date":"2026-04-21T16:03:14","date_gmt":"2024-05-06T12:03:22","guid":{"rendered":"https:\/\/www.blumen-schwarz.de\/aktuell\/produkt\/fuchsia-sd-beatrices\/"},"modified":"2026-04-21T16:03:15","modified_gmt":"2026-04-21T14:03:15","slug":"fuchsia-sd-beatrices","status":"publish","type":"product","link":"https:\/\/www.blumen-schwarz.de\/aktuell\/produkt\/fuchsia-sd-beatrices\/","title":{"rendered":"Fuchsia SD Beatrices"},"content":{"rendered":"<p>h\u00e4ngende Fuchsie<br \/>Fuchsia cultivars Trailing Shadow Dancer Beatrice<br \/>Onagraceae<br \/>Bl\u00fcte: wei\u00df-violett, teilgef\u00fcllt<br \/> Wuchs: h\u00e4ngende, breitwachsende Sorte<br \/> Standort: Halbschatten, Schatten<br \/> Sonstiges: Neuheit 2023, fr\u00fch- und reichbl\u00fchende Fuchsiensorte<\/p>\n","protected":false},"excerpt":{"rendered":"<br \/>\n","protected":false},"featured_media":268353,"comment_status":"open","ping_status":"closed","template":"","meta":{"inline_featured_image":false},"product_brand":[],"product_cat":[1258,1728],"product_tag":[2283,2344,2955,2286],"class_list":{"0":"post-280362","1":"product","2":"type-product","3":"status-publish","4":"has-post-thumbnail","6":"product_cat-pflanzen","7":"product_cat-sommersortiment","8":"product_tag-halbschattig","9":"product_tag-haengend","10":"product_tag-neu2023","11":"product_tag-schattig","12":"thunk-woo-product-list","13":"open-woo-hover-zoom","14":"open-single-product-tab-horizontal","15":"open-shadow-","16":"open-shadow-hover-","17":"wcpa_has_options","19":"first","20":"instock","21":"taxable","22":"shipping-taxable","23":"purchasable","24":"product-type-simple"},"wcpa_form_fields":{"wcpaData":{"product":{"product_price":3.29,"price_html":"<span class=\"woocommerce-Price-amount amount\"><bdi>3,29&nbsp;<span class=\"woocommerce-Price-currencySymbol\">&euro;<\/span><\/bdi><\/span>","original_product_price":3.29,"price_including_tax":3.29,"price_excluding_tax":3.074766,"product_id":{"parent":280362,"variation":false},"is_variable":false,"stock_status":"instock","stock_quantity":25,"parent_sku":"8350927134","product_attributes":[],"custom_fields":[],"is_taxable":true,"product_name":"Fuchsia SD Beatrices","hasImage":false},"fields":{"sec_1069e8d9db32e6a":{"extra":{"key":"sec_1069e8d9db32e6a","section_id":"sec_1069e8d9db32e6a","name":"Default","status":1,"cl_rule":"show","enableCl":false,"relations":[],"toggle":true,"title_tag":"h3","show_title":false,"showPrice":"default","form_id":245222,"form_rules":{"exclude_from_discount":false,"fee_label":"Steuer","disp_hide_options_price":false,"disp_show_section_price":false,"disp_show_field_price":true,"layout_option":"standard","pric_use_as_fee":false,"process_fee_as":"woo_fee"},"layout_option":"standard"},"fields":[[{"type":"textarea","elementId":"wcpa-textarea-1608033486494","label":"zus. W\u00fcnsche (Farbe, Form o.\u00e4.)","description":"","desc_type":true,"pricingType":"fixed","rows":"2","className":"form-control","name":"textarea-1608033486494","cl_rule":"show","col":6,"relations":false,"active":true,"tooltip":"Hier k\u00f6nnen Sie, falls der Artikel nicht eindeutig ist, Ihre W\u00fcnsche eintragen. Im Zweifelsfall lassen Sie dieses Feld einfach leer.","gt_translate_keys":["label","description","tooltip"],"price_dependency":false,"cl_dependency":false,"value":""}]]}},"config":{"price_override":"","enable_recaptcha":false,"bind_quantity":false,"quantity_bind_formula":false,"disp_summ_show_option_price":true,"disp_summ_show_product_price":true,"disp_summ_show_total_price":true,"disp_summ_show_fee":false,"disp_summ_show_discount":false,"summary_title":"","options_total_label":"ausgew\u00e4hlter Preis","total_label":"Komplett","options_product_label":"Produkt Preis","fee_label":"Steuer","discount_label":"Discount","has_price":true,"has_quantity_formula":false},"mc_unit":1,"tax_rate":1,"tax_rate_real":0.07,"discount":{"percentage":0,"fixed":0},"design":{"conf":{"LabelPosition":"above","DescPosition":"above","UploadField":"custom_1","QuantityFieldStyle":"default"},"css":{"LeftLabelWidth":"120px"}},"formulas":[],"lookuptables":[],"clones":false,"cartKey":false}},"_links":{"self":[{"href":"https:\/\/www.blumen-schwarz.de\/aktuell\/wp-json\/wp\/v2\/product\/280362","targetHints":{"allow":["GET"]}}],"collection":[{"href":"https:\/\/www.blumen-schwarz.de\/aktuell\/wp-json\/wp\/v2\/product"}],"about":[{"href":"https:\/\/www.blumen-schwarz.de\/aktuell\/wp-json\/wp\/v2\/types\/product"}],"replies":[{"embeddable":true,"href":"https:\/\/www.blumen-schwarz.de\/aktuell\/wp-json\/wp\/v2\/comments?post=280362"}],"wp:featuredmedia":[{"embeddable":true,"href":"https:\/\/www.blumen-schwarz.de\/aktuell\/wp-json\/wp\/v2\/media\/268353"}],"wp:attachment":[{"href":"https:\/\/www.blumen-schwarz.de\/aktuell\/wp-json\/wp\/v2\/media?parent=280362"}],"wp:term":[{"taxonomy":"product_brand","embeddable":true,"href":"https:\/\/www.blumen-schwarz.de\/aktuell\/wp-json\/wp\/v2\/product_brand?post=280362"},{"taxonomy":"product_cat","embeddable":true,"href":"https:\/\/www.blumen-schwarz.de\/aktuell\/wp-json\/wp\/v2\/product_cat?post=280362"},{"taxonomy":"product_tag","embeddable":true,"href":"https:\/\/www.blumen-schwarz.de\/aktuell\/wp-json\/wp\/v2\/product_tag?post=280362"}],"curies":[{"name":"wp","href":"https:\/\/api.w.org\/{rel}","templated":true}]}}