{"id":279915,"date":"2026-04-05T19:01:12","date_gmt":"2024-04-15T09:22:21","guid":{"rendered":"https:\/\/www.blumen-schwarz.de\/aktuell\/produkt\/blumenkast-standard-ca-80-cm\/"},"modified":"2026-04-05T19:01:13","modified_gmt":"2026-04-05T17:01:13","slug":"blumenkast-standard-ca-80-cm","status":"publish","type":"product","link":"https:\/\/www.blumen-schwarz.de\/aktuell\/produkt\/blumenkast-standard-ca-80-cm\/","title":{"rendered":"Blumenkast. Standard ca. 80 cm"},"content":{"rendered":"<p>geli - T\u00f6pfe aus Franken<\/p>\n<p>geli steht f\u00fcr viele gute <a href=\"https:\/\/www.geli.de\/nachhaltigkeit\/\" \/>Grundlagen<\/a>:<br \/> resourcenarme und umweltschonende Produktion<br \/> regionale Produktion in Franken<br \/> Vorbildlich in der Umsetzung von Nachhaltigkeit<br \/> (jetzt schon sind 75% der Produkte aus recycletem Kunststoff).<br \/> Wir stufen die geli T\u00f6pfe als kosteng\u00fcnstige, umweltfreundliche, brauchbare und innovative T\u00f6pfe ein. <br \/> Im Premiumbereich der Kunststoffterrakotta produzieren aber unsere italienischen Lieferanten deutlich edlere Ware (ohne den Umweltschutzgedanken, aber mit t\u00e4uschend echten Oberfl\u00e4chen) - allerdings zu einem deutlich h\u00f6herem Preis.<\/p>\n","protected":false},"excerpt":{"rendered":"<br \/>\n","protected":false},"featured_media":0,"comment_status":"open","ping_status":"closed","template":"","meta":{"inline_featured_image":false},"product_brand":[],"product_cat":[1397,2007],"product_tag":[2327,2389],"class_list":{"0":"post-279915","1":"product","2":"type-product","3":"status-publish","5":"product_cat-gartenbedarf","6":"product_cat-toepfe","7":"product_tag-geli","8":"product_tag-recycling","9":"thunk-woo-product-list","10":"open-woo-hover-zoom","11":"open-single-product-tab-horizontal","12":"open-shadow-","13":"open-shadow-hover-","14":"wcpa_has_options","16":"first","17":"instock","18":"taxable","19":"shipping-taxable","20":"purchasable","21":"product-type-simple"},"wcpa_form_fields":{"wcpaData":{"product":{"product_price":3.79,"price_html":"<span class=\"woocommerce-Price-amount amount\"><bdi>3,79&nbsp;<span class=\"woocommerce-Price-currencySymbol\">&euro;<\/span><\/bdi><\/span>","original_product_price":3.79,"price_including_tax":3.79,"price_excluding_tax":3.1848739999999998,"product_id":{"parent":279915,"variation":false},"is_variable":false,"stock_status":"instock","stock_quantity":16,"parent_sku":"4000150830867","product_attributes":[],"custom_fields":[],"is_taxable":true,"product_name":"Blumenkast. Standard ca. 80 cm","hasImage":false},"fields":{"sec_069d4c34d075e3":{"extra":{"key":"sec_069d4c34d075e3","section_id":"sec_069d4c34d075e3","name":"Default","status":1,"cl_rule":"show","enableCl":false,"relations":[],"toggle":true,"title_tag":"h3","show_title":false,"showPrice":"default","form_id":245222,"form_rules":{"exclude_from_discount":false,"fee_label":"Steuer","disp_hide_options_price":false,"disp_show_section_price":false,"disp_show_field_price":true,"layout_option":"standard","pric_use_as_fee":false,"process_fee_as":"woo_fee"},"layout_option":"standard"},"fields":[[{"type":"textarea","elementId":"wcpa-textarea-1608033486494","label":"zus. W\u00fcnsche (Farbe, Form o.\u00e4.)","description":"","desc_type":true,"pricingType":"fixed","rows":"2","className":"form-control","name":"textarea-1608033486494","cl_rule":"show","col":6,"relations":false,"active":true,"tooltip":"Hier k\u00f6nnen Sie, falls der Artikel nicht eindeutig ist, Ihre W\u00fcnsche eintragen. Im Zweifelsfall lassen Sie dieses Feld einfach leer.","gt_translate_keys":["label","description","tooltip"],"price_dependency":false,"cl_dependency":false,"value":""}]]}},"config":{"price_override":"","enable_recaptcha":false,"bind_quantity":false,"quantity_bind_formula":false,"disp_summ_show_option_price":true,"disp_summ_show_product_price":true,"disp_summ_show_total_price":true,"disp_summ_show_fee":false,"disp_summ_show_discount":false,"summary_title":"","options_total_label":"ausgew\u00e4hlter Preis","total_label":"Komplett","options_product_label":"Produkt Preis","fee_label":"Steuer","discount_label":"Discount","has_price":true,"has_quantity_formula":false},"mc_unit":1,"tax_rate":1,"tax_rate_real":0.19,"discount":{"percentage":0,"fixed":0},"design":{"conf":{"LabelPosition":"above","DescPosition":"above","UploadField":"custom_1","QuantityFieldStyle":"default"},"css":{"LeftLabelWidth":"120px"}},"formulas":[],"lookuptables":[],"clones":false,"cartKey":false}},"_links":{"self":[{"href":"https:\/\/www.blumen-schwarz.de\/aktuell\/wp-json\/wp\/v2\/product\/279915","targetHints":{"allow":["GET"]}}],"collection":[{"href":"https:\/\/www.blumen-schwarz.de\/aktuell\/wp-json\/wp\/v2\/product"}],"about":[{"href":"https:\/\/www.blumen-schwarz.de\/aktuell\/wp-json\/wp\/v2\/types\/product"}],"replies":[{"embeddable":true,"href":"https:\/\/www.blumen-schwarz.de\/aktuell\/wp-json\/wp\/v2\/comments?post=279915"}],"wp:attachment":[{"href":"https:\/\/www.blumen-schwarz.de\/aktuell\/wp-json\/wp\/v2\/media?parent=279915"}],"wp:term":[{"taxonomy":"product_brand","embeddable":true,"href":"https:\/\/www.blumen-schwarz.de\/aktuell\/wp-json\/wp\/v2\/product_brand?post=279915"},{"taxonomy":"product_cat","embeddable":true,"href":"https:\/\/www.blumen-schwarz.de\/aktuell\/wp-json\/wp\/v2\/product_cat?post=279915"},{"taxonomy":"product_tag","embeddable":true,"href":"https:\/\/www.blumen-schwarz.de\/aktuell\/wp-json\/wp\/v2\/product_tag?post=279915"}],"curies":[{"name":"wp","href":"https:\/\/api.w.org\/{rel}","templated":true}]}}