{"id":279257,"date":"2026-03-23T09:30:35","date_gmt":"2024-03-08T06:41:04","guid":{"rendered":"https:\/\/www.blumen-schwarz.de\/aktuell\/produkt\/begonia-e-sweeties-yellow-elatiorbegonie\/"},"modified":"2026-03-23T09:30:36","modified_gmt":"2026-03-23T08:30:36","slug":"begonia-e-sweeties-yellow-elatiorbegonie","status":"publish","type":"product","link":"https:\/\/www.blumen-schwarz.de\/aktuell\/produkt\/begonia-e-sweeties-yellow-elatiorbegonie\/","title":{"rendered":"Begonia e. Sweeties Yellow, Elatiorbegonie <span class=\"soon\">(Pflanzen wachsen noch (oder Zubeh\u00f6rlieferung ist noch nicht im Betrieb).)<\/span>"},"content":{"rendered":"<p>gelbe Elatiorbegonie<br \/>Begonia Elatior-Hybride Sweeties Yellow<br \/>Begoniaceae<br \/>Bl\u00fcte: gelb, gef\u00fcllt<br \/> Blatt: dunkel gl\u00e4nzend<br \/> Wuchsh\u00f6he: bis 30cm, kompakte Sorte<br \/> Standort: Sonne, Halbschatten <br \/> Nur im Einwachsen wird eine gute Feuchtigkeit ben\u00f6tigt. Danach k\u00f6nnen die Begonien wenig gegossen werden. Die Bl\u00fcte ist best\u00e4ndig und dauerhaft bis zum Frost. Einzig der Pilz echter Mehltau kann dem vorzeitig ein Ende setzen.<\/p>\n","protected":false},"excerpt":{"rendered":"<br \/>\n","protected":false},"featured_media":279258,"comment_status":"open","ping_status":"closed","template":"","meta":{"inline_featured_image":false},"product_brand":[],"product_cat":[1258,1728],"product_tag":[],"class_list":{"0":"post-279257","1":"product","2":"type-product","3":"status-publish","4":"has-post-thumbnail","6":"product_cat-pflanzen","7":"product_cat-sommersortiment","8":"thunk-woo-product-list","9":"open-woo-hover-zoom","10":"open-single-product-tab-horizontal","11":"open-shadow-","12":"open-shadow-hover-","13":"wcpa_has_options","15":"first","16":"instock","17":"taxable","18":"shipping-taxable","19":"purchasable","20":"product-type-simple"},"wcpa_form_fields":{"wcpaData":{"product":{"product_price":5.99,"price_html":"<span class=\"woocommerce-Price-amount amount\"><bdi>5,99&nbsp;<span class=\"woocommerce-Price-currencySymbol\">&euro;<\/span><\/bdi><\/span>","original_product_price":5.99,"price_including_tax":5.99,"price_excluding_tax":5.598131,"product_id":{"parent":279257,"variation":false},"is_variable":false,"stock_status":"instock","stock_quantity":60,"parent_sku":"8350926847","product_attributes":[],"custom_fields":[],"is_taxable":true,"product_name":"Begonia e. Sweeties Yellow, Elatiorbegonie","hasImage":false},"fields":{"sec_669d4c36fc3eed":{"extra":{"key":"sec_669d4c36fc3eed","section_id":"sec_669d4c36fc3eed","name":"Default","status":1,"cl_rule":"show","enableCl":false,"relations":[],"toggle":true,"title_tag":"h3","show_title":false,"showPrice":"default","form_id":245222,"form_rules":{"exclude_from_discount":false,"fee_label":"Steuer","disp_hide_options_price":false,"disp_show_section_price":false,"disp_show_field_price":true,"layout_option":"standard","pric_use_as_fee":false,"process_fee_as":"woo_fee"},"layout_option":"standard"},"fields":[[{"type":"textarea","elementId":"wcpa-textarea-1608033486494","label":"zus. W\u00fcnsche (Farbe, Form o.\u00e4.)","description":"","desc_type":true,"pricingType":"fixed","rows":"2","className":"form-control","name":"textarea-1608033486494","cl_rule":"show","col":6,"relations":false,"active":true,"tooltip":"Hier k\u00f6nnen Sie, falls der Artikel nicht eindeutig ist, Ihre W\u00fcnsche eintragen. Im Zweifelsfall lassen Sie dieses Feld einfach leer.","gt_translate_keys":["label","description","tooltip"],"price_dependency":false,"cl_dependency":false,"value":""}]]}},"config":{"price_override":"","enable_recaptcha":false,"bind_quantity":false,"quantity_bind_formula":false,"disp_summ_show_option_price":true,"disp_summ_show_product_price":true,"disp_summ_show_total_price":true,"disp_summ_show_fee":false,"disp_summ_show_discount":false,"summary_title":"","options_total_label":"ausgew\u00e4hlter Preis","total_label":"Komplett","options_product_label":"Produkt Preis","fee_label":"Steuer","discount_label":"Discount","has_price":true,"has_quantity_formula":false},"mc_unit":1,"tax_rate":1,"tax_rate_real":0.07,"discount":{"percentage":0,"fixed":0},"design":{"conf":{"LabelPosition":"above","DescPosition":"above","UploadField":"custom_1","QuantityFieldStyle":"default"},"css":{"LeftLabelWidth":"120px"}},"formulas":[],"lookuptables":[],"clones":false,"cartKey":false}},"_links":{"self":[{"href":"https:\/\/www.blumen-schwarz.de\/aktuell\/wp-json\/wp\/v2\/product\/279257","targetHints":{"allow":["GET"]}}],"collection":[{"href":"https:\/\/www.blumen-schwarz.de\/aktuell\/wp-json\/wp\/v2\/product"}],"about":[{"href":"https:\/\/www.blumen-schwarz.de\/aktuell\/wp-json\/wp\/v2\/types\/product"}],"replies":[{"embeddable":true,"href":"https:\/\/www.blumen-schwarz.de\/aktuell\/wp-json\/wp\/v2\/comments?post=279257"}],"wp:featuredmedia":[{"embeddable":true,"href":"https:\/\/www.blumen-schwarz.de\/aktuell\/wp-json\/wp\/v2\/media\/279258"}],"wp:attachment":[{"href":"https:\/\/www.blumen-schwarz.de\/aktuell\/wp-json\/wp\/v2\/media?parent=279257"}],"wp:term":[{"taxonomy":"product_brand","embeddable":true,"href":"https:\/\/www.blumen-schwarz.de\/aktuell\/wp-json\/wp\/v2\/product_brand?post=279257"},{"taxonomy":"product_cat","embeddable":true,"href":"https:\/\/www.blumen-schwarz.de\/aktuell\/wp-json\/wp\/v2\/product_cat?post=279257"},{"taxonomy":"product_tag","embeddable":true,"href":"https:\/\/www.blumen-schwarz.de\/aktuell\/wp-json\/wp\/v2\/product_tag?post=279257"}],"curies":[{"name":"wp","href":"https:\/\/api.w.org\/{rel}","templated":true}]}}