{"id":274153,"date":"2026-04-21T16:16:03","date_gmt":"2023-05-06T08:18:52","guid":{"rendered":"https:\/\/www.blumen-schwarz.de\/aktuell\/produkt\/petunia-petchoa-sunray-pink-petunia\/"},"modified":"2026-04-21T16:16:05","modified_gmt":"2026-04-21T14:16:05","slug":"petunia-petchoa-sunray-pink-petunia","status":"publish","type":"product","link":"https:\/\/www.blumen-schwarz.de\/aktuell\/produkt\/petunia-petchoa-sunray-pink-petunia\/","title":{"rendered":"Petunia Sunray Pink, Petunia"},"content":{"rendered":"<p>Petunie<br \/>Petunia cultivars Petchoa Sunray Pink<\/p>\n<p>Bl\u00fcte: rosa-gelb<br \/> Wuchs: Mittelstark h\u00e4ngend<\/p>\n<p> Petchoa ist ein Sortenname, der zeigen soll, dass diese Petunie aus Kreuzung zwischen Petunien und Zaubergl\u00f6ckchen hervorgegangen ist. Im Wuchs und in der Bl\u00fctengr\u00f6\u00dfe liegen die Sorten ziemlich exakt zwischen H\u00e4ngepetunien und Zaubergl\u00f6ckchen (Calibrachoa).<br \/> Andere Z\u00fcchter nennen diese Z\u00fcchtungen Calitunia ...<\/p>\n","protected":false},"excerpt":{"rendered":"<br \/>\n","protected":false},"featured_media":274154,"comment_status":"open","ping_status":"closed","template":"","meta":{"inline_featured_image":false},"product_brand":[],"product_cat":[1258,1728],"product_tag":[],"class_list":{"0":"post-274153","1":"product","2":"type-product","3":"status-publish","4":"has-post-thumbnail","6":"product_cat-pflanzen","7":"product_cat-sommersortiment","8":"thunk-woo-product-list","9":"open-woo-hover-zoom","10":"open-single-product-tab-horizontal","11":"open-shadow-","12":"open-shadow-hover-","13":"wcpa_has_options","15":"first","16":"outofstock","17":"taxable","18":"shipping-taxable","19":"purchasable","20":"product-type-simple"},"wcpa_form_fields":{"wcpaData":{"product":{"product_price":3.29,"price_html":"<span class=\"woocommerce-Price-amount amount\"><bdi>3,29&nbsp;<span class=\"woocommerce-Price-currencySymbol\">&euro;<\/span><\/bdi><\/span>","original_product_price":3.29,"price_including_tax":3.29,"price_excluding_tax":3.074766,"product_id":{"parent":274153,"variation":false},"is_variable":false,"stock_status":"outofstock","stock_quantity":0,"parent_sku":"8350926273","product_attributes":[],"custom_fields":[],"is_taxable":true,"product_name":"Petunia Sunray Pink, Petunia","hasImage":false},"fields":{"sec_069e74a5b8fdec":{"extra":{"key":"sec_069e74a5b8fdec","section_id":"sec_069e74a5b8fdec","name":"Default","status":1,"cl_rule":"show","enableCl":false,"relations":[],"toggle":true,"title_tag":"h3","show_title":false,"showPrice":"default","form_id":245222,"form_rules":{"exclude_from_discount":false,"fee_label":"Steuer","disp_hide_options_price":false,"disp_show_section_price":false,"disp_show_field_price":true,"layout_option":"standard","pric_use_as_fee":false,"process_fee_as":"woo_fee"},"layout_option":"standard"},"fields":[[{"type":"textarea","elementId":"wcpa-textarea-1608033486494","label":"zus. W\u00fcnsche (Farbe, Form o.\u00e4.)","description":"","desc_type":true,"pricingType":"fixed","rows":"2","className":"form-control","name":"textarea-1608033486494","cl_rule":"show","col":6,"relations":false,"active":true,"tooltip":"Hier k\u00f6nnen Sie, falls der Artikel nicht eindeutig ist, Ihre W\u00fcnsche eintragen. Im Zweifelsfall lassen Sie dieses Feld einfach leer.","gt_translate_keys":["label","description","tooltip"],"price_dependency":false,"cl_dependency":false,"value":""}]]}},"config":{"price_override":"","enable_recaptcha":false,"bind_quantity":false,"quantity_bind_formula":false,"disp_summ_show_option_price":true,"disp_summ_show_product_price":true,"disp_summ_show_total_price":true,"disp_summ_show_fee":false,"disp_summ_show_discount":false,"summary_title":"","options_total_label":"ausgew\u00e4hlter Preis","total_label":"Komplett","options_product_label":"Produkt Preis","fee_label":"Steuer","discount_label":"Discount","has_price":true,"has_quantity_formula":false},"mc_unit":1,"tax_rate":1,"tax_rate_real":0.07,"discount":{"percentage":0,"fixed":0},"design":{"conf":{"LabelPosition":"above","DescPosition":"above","UploadField":"custom_1","QuantityFieldStyle":"default"},"css":{"LeftLabelWidth":"120px"}},"formulas":[],"lookuptables":[],"clones":false,"cartKey":false}},"_links":{"self":[{"href":"https:\/\/www.blumen-schwarz.de\/aktuell\/wp-json\/wp\/v2\/product\/274153","targetHints":{"allow":["GET"]}}],"collection":[{"href":"https:\/\/www.blumen-schwarz.de\/aktuell\/wp-json\/wp\/v2\/product"}],"about":[{"href":"https:\/\/www.blumen-schwarz.de\/aktuell\/wp-json\/wp\/v2\/types\/product"}],"replies":[{"embeddable":true,"href":"https:\/\/www.blumen-schwarz.de\/aktuell\/wp-json\/wp\/v2\/comments?post=274153"}],"wp:featuredmedia":[{"embeddable":true,"href":"https:\/\/www.blumen-schwarz.de\/aktuell\/wp-json\/wp\/v2\/media\/274154"}],"wp:attachment":[{"href":"https:\/\/www.blumen-schwarz.de\/aktuell\/wp-json\/wp\/v2\/media?parent=274153"}],"wp:term":[{"taxonomy":"product_brand","embeddable":true,"href":"https:\/\/www.blumen-schwarz.de\/aktuell\/wp-json\/wp\/v2\/product_brand?post=274153"},{"taxonomy":"product_cat","embeddable":true,"href":"https:\/\/www.blumen-schwarz.de\/aktuell\/wp-json\/wp\/v2\/product_cat?post=274153"},{"taxonomy":"product_tag","embeddable":true,"href":"https:\/\/www.blumen-schwarz.de\/aktuell\/wp-json\/wp\/v2\/product_tag?post=274153"}],"curies":[{"name":"wp","href":"https:\/\/api.w.org\/{rel}","templated":true}]}}