{"id":273093,"date":"2025-08-20T12:04:49","date_gmt":"2023-04-27T09:42:49","guid":{"rendered":"https:\/\/www.blumen-schwarz.de\/aktuell\/produkt\/schafwollpellets-400g-zum-selbstabfuellen\/"},"modified":"2025-08-20T12:04:50","modified_gmt":"2025-08-20T10:04:50","slug":"schafwollpellets-400g-zum-selbstabfuellen","status":"publish","type":"product","link":"https:\/\/www.blumen-schwarz.de\/aktuell\/produkt\/schafwollpellets-400g-zum-selbstabfuellen\/","title":{"rendered":"Schafwollpellets ~400g zum Selbstabf\u00fcllen"},"content":{"rendered":"<p>Schafwollpellets<\/p>\n<p>Schafwollpellets eignen sich als Langzeitd\u00fcnger.<br \/> Bitte beachten Sie dazu folgendes:<br \/> ~ 10,5% Stickstoff (N), kein Phosphor und 5% Kalium. <br \/> Beim Abbau entstehen organische Substanzen (u.a. Spurenelemente) und das Bodenleben wird gef\u00f6rdert. Schafwollpellets werden nur mechanisch bearbeitet und sind frei von jeglichen chemischen Zusatzstoffen.<br \/> Unbedingt in den Boden \/ das Substrat einarbeiten!<br \/> Die D\u00fcngewirkung beginnt fr\u00fchestens nach 14 Tage, normal nach 21 bis 28 Tagen.<br \/> Ungef\u00e4hr 10g auf 1 Liter Erde einarbeiten (d.h. 200-400g (100g =eine handvoll) in jeden Balkonkasten.<br \/> 10kg \/ m\u00b3 Erde<br \/> Geh\u00f6lze k\u00f6nnen mit 70 - 140g \/ Pflanze ged\u00fcngt werden (ein bis zwei handvoll).<\/p>\n","protected":false},"excerpt":{"rendered":"<p> entspricht 1kg 7,87 \u20ac <\/p>\n<p> Herkunft: Regional (Baden-W\u00fcrtemberg) <\/p>\n<p> Verkauf erfolgt lose - bitte bringen Sie Ihr Gef\u00e4\u00df mit. Alternativ wiegen wir ab 5kg f\u00fcr Sie ab und verpacken in gebrauchten Folien- Papierbeuteln.<\/p>\n<p> Die Ware kommt ohne Etikett und Beschreibung. <\/p>\n<p> 400g entspricht ungef\u00e4hr einem 12er Topf von uns <\/p>\n<p> Pelletgr\u00f6\u00dfe: 4mm <\/p>\n","protected":false},"featured_media":273094,"comment_status":"open","ping_status":"closed","template":"","meta":{"inline_featured_image":false},"product_brand":[],"product_cat":[1398,1397],"product_tag":[],"class_list":{"0":"post-273093","1":"product","2":"type-product","3":"status-publish","4":"has-post-thumbnail","6":"product_cat-erde","7":"product_cat-gartenbedarf","8":"thunk-woo-product-list","9":"open-woo-hover-zoom","10":"open-single-product-tab-horizontal","11":"open-shadow-","12":"open-shadow-hover-","14":"first","15":"instock","16":"taxable","17":"shipping-taxable","18":"purchasable","19":"product-type-simple"},"wcpa_form_fields":null,"_links":{"self":[{"href":"https:\/\/www.blumen-schwarz.de\/aktuell\/wp-json\/wp\/v2\/product\/273093","targetHints":{"allow":["GET"]}}],"collection":[{"href":"https:\/\/www.blumen-schwarz.de\/aktuell\/wp-json\/wp\/v2\/product"}],"about":[{"href":"https:\/\/www.blumen-schwarz.de\/aktuell\/wp-json\/wp\/v2\/types\/product"}],"replies":[{"embeddable":true,"href":"https:\/\/www.blumen-schwarz.de\/aktuell\/wp-json\/wp\/v2\/comments?post=273093"}],"wp:featuredmedia":[{"embeddable":true,"href":"https:\/\/www.blumen-schwarz.de\/aktuell\/wp-json\/wp\/v2\/media\/273094"}],"wp:attachment":[{"href":"https:\/\/www.blumen-schwarz.de\/aktuell\/wp-json\/wp\/v2\/media?parent=273093"}],"wp:term":[{"taxonomy":"product_brand","embeddable":true,"href":"https:\/\/www.blumen-schwarz.de\/aktuell\/wp-json\/wp\/v2\/product_brand?post=273093"},{"taxonomy":"product_cat","embeddable":true,"href":"https:\/\/www.blumen-schwarz.de\/aktuell\/wp-json\/wp\/v2\/product_cat?post=273093"},{"taxonomy":"product_tag","embeddable":true,"href":"https:\/\/www.blumen-schwarz.de\/aktuell\/wp-json\/wp\/v2\/product_tag?post=273093"}],"curies":[{"name":"wp","href":"https:\/\/api.w.org\/{rel}","templated":true}]}}