{"id":268849,"date":"2023-03-09T11:03:52","date_gmt":"2023-03-09T10:03:52","guid":{"rendered":"https:\/\/www.blumen-schwarz.de\/aktuell\/produkt\/adenium-wuestenrose\/"},"modified":"2025-04-12T10:58:29","modified_gmt":"2025-04-12T08:58:29","slug":"adenium-wuestenrose","status":"publish","type":"product","link":"https:\/\/www.blumen-schwarz.de\/aktuell\/produkt\/adenium-wuestenrose\/","title":{"rendered":"Adenium, W\u00fcstenrose"},"content":{"rendered":"<p>W\u00fcstenrose<br \/>Adenium obesum<br \/>Apocynaceae<br \/>W\u00fcstenrosen haben einen dicken Stamm, in dem sie viel Wasser speichern. Wie der Name schon sagt, sind es \u00fcberlebensk\u00fcnstler.<br \/> Wir kultivieren 10 verschiedene Farben dieser Sch\u00f6nheit. Die W\u00fcstenrose soll f\u00fcr trockene, warme Ecken im Freiland (und nat\u00fcrlich ganzj\u00e4hrig im Zimmer) verwendet werden. <\/p>\n","protected":false},"excerpt":{"rendered":"<p> 10 verschiedene Farbe vorr\u00e4tig<\/p>\n","protected":false},"featured_media":268861,"comment_status":"open","ping_status":"closed","template":"","meta":{"inline_featured_image":false},"product_brand":[],"product_cat":[1258,1728],"product_tag":[2134,3040,3041,2084,1851],"class_list":{"0":"post-268849","1":"product","2":"type-product","3":"status-publish","4":"has-post-thumbnail","6":"product_cat-pflanzen","7":"product_cat-sommersortiment","8":"product_tag-freiland","9":"product_tag-hitze","10":"product_tag-neu_2023","11":"product_tag-trocken","12":"product_tag-zimmer","13":"thunk-woo-product-list","14":"open-woo-hover-zoom","15":"open-single-product-tab-horizontal","16":"open-shadow-","17":"open-shadow-hover-","18":"wcpa_has_options","20":"first","21":"instock","22":"taxable","23":"shipping-taxable","24":"purchasable","25":"product-type-simple"},"wcpa_form_fields":{"wcpaData":{"product":{"product_price":9.75,"price_html":"<span class=\"woocommerce-Price-amount amount\"><bdi>9,75&nbsp;<span class=\"woocommerce-Price-currencySymbol\">&euro;<\/span><\/bdi><\/span>","original_product_price":9.75,"price_including_tax":9.75,"price_excluding_tax":9.11215,"product_id":{"parent":268849,"variation":false},"is_variable":false,"stock_status":"instock","stock_quantity":1,"parent_sku":"8350925932","product_attributes":[],"custom_fields":[],"is_taxable":true,"product_name":"Adenium, W\u00fcstenrose","hasImage":false},"fields":{"sec_469e18253cd811":{"extra":{"key":"sec_469e18253cd811","section_id":"sec_469e18253cd811","name":"Default","status":1,"cl_rule":"show","enableCl":false,"relations":[],"toggle":true,"title_tag":"h3","show_title":false,"showPrice":"default","form_id":245222,"form_rules":{"exclude_from_discount":false,"fee_label":"Steuer","disp_hide_options_price":false,"disp_show_section_price":false,"disp_show_field_price":true,"layout_option":"standard","pric_use_as_fee":false,"process_fee_as":"woo_fee"},"layout_option":"standard"},"fields":[[{"type":"textarea","elementId":"wcpa-textarea-1608033486494","label":"zus. W\u00fcnsche (Farbe, Form o.\u00e4.)","description":"","desc_type":true,"pricingType":"fixed","rows":"2","className":"form-control","name":"textarea-1608033486494","cl_rule":"show","col":6,"relations":false,"active":true,"tooltip":"Hier k\u00f6nnen Sie, falls der Artikel nicht eindeutig ist, Ihre W\u00fcnsche eintragen. Im Zweifelsfall lassen Sie dieses Feld einfach leer.","gt_translate_keys":["label","description","tooltip"],"price_dependency":false,"cl_dependency":false,"value":""}]]}},"config":{"price_override":"","enable_recaptcha":false,"bind_quantity":false,"quantity_bind_formula":false,"disp_summ_show_option_price":true,"disp_summ_show_product_price":true,"disp_summ_show_total_price":true,"disp_summ_show_fee":false,"disp_summ_show_discount":false,"summary_title":"","options_total_label":"ausgew\u00e4hlter Preis","total_label":"Komplett","options_product_label":"Produkt Preis","fee_label":"Steuer","discount_label":"Discount","has_price":true,"has_quantity_formula":false},"mc_unit":1,"tax_rate":1,"tax_rate_real":0.07,"discount":{"percentage":0,"fixed":0},"design":{"conf":{"LabelPosition":"above","DescPosition":"above","UploadField":"custom_1","QuantityFieldStyle":"default"},"css":{"LeftLabelWidth":"120px"}},"formulas":[],"lookuptables":[],"clones":false,"cartKey":false}},"_links":{"self":[{"href":"https:\/\/www.blumen-schwarz.de\/aktuell\/wp-json\/wp\/v2\/product\/268849","targetHints":{"allow":["GET"]}}],"collection":[{"href":"https:\/\/www.blumen-schwarz.de\/aktuell\/wp-json\/wp\/v2\/product"}],"about":[{"href":"https:\/\/www.blumen-schwarz.de\/aktuell\/wp-json\/wp\/v2\/types\/product"}],"replies":[{"embeddable":true,"href":"https:\/\/www.blumen-schwarz.de\/aktuell\/wp-json\/wp\/v2\/comments?post=268849"}],"wp:featuredmedia":[{"embeddable":true,"href":"https:\/\/www.blumen-schwarz.de\/aktuell\/wp-json\/wp\/v2\/media\/268861"}],"wp:attachment":[{"href":"https:\/\/www.blumen-schwarz.de\/aktuell\/wp-json\/wp\/v2\/media?parent=268849"}],"wp:term":[{"taxonomy":"product_brand","embeddable":true,"href":"https:\/\/www.blumen-schwarz.de\/aktuell\/wp-json\/wp\/v2\/product_brand?post=268849"},{"taxonomy":"product_cat","embeddable":true,"href":"https:\/\/www.blumen-schwarz.de\/aktuell\/wp-json\/wp\/v2\/product_cat?post=268849"},{"taxonomy":"product_tag","embeddable":true,"href":"https:\/\/www.blumen-schwarz.de\/aktuell\/wp-json\/wp\/v2\/product_tag?post=268849"}],"curies":[{"name":"wp","href":"https:\/\/api.w.org\/{rel}","templated":true}]}}