{"id":268637,"date":"2025-05-10T10:39:26","date_gmt":"2023-03-01T13:39:36","guid":{"rendered":"https:\/\/www.blumen-schwarz.de\/aktuell\/produkt\/chrysal-unkraut-weg-mit-rasenduenger-3-kg\/"},"modified":"2025-05-10T10:39:27","modified_gmt":"2025-05-10T08:39:27","slug":"chrysal-unkraut-weg-mit-rasenduenger-3-kg","status":"publish","type":"product","link":"https:\/\/www.blumen-schwarz.de\/aktuell\/produkt\/chrysal-unkraut-weg-mit-rasenduenger-3-kg\/","title":{"rendered":"Chrysal Unkraut Weg! mit Rasend\u00fcnger 3 kg"},"content":{"rendered":"","protected":false},"excerpt":{"rendered":"\n<p> Produktinformationen <\/p>\n<p> \u00b7 Sichert zuverl\u00e4ssige Unkrautbek\u00e4mpfung und Rasend\u00fcngung in einem <\/p>\n<p> Arbeitsgang <\/p>\n<p> \u00b7 Wirkt \u00fcber Blatt und Wurzel <\/p>\n<p> \u00b7 Enth\u00e4lt zus\u00e4tzlich Langzeitd\u00fcnger f\u00fcr bis zu acht Wochen <\/p>\n<p> \u00b7 Gut wirksam gegen L\u00f6wenzahn, Wegerich- und G\u00e4nsedistelarten, <\/p>\n<p> Hornkraut, Hopfenklee, Vogelkn\u00f6terich, Gemeine Schafgarbe <\/p>\n<p> \u00b7 Weniger wirksam gegen Wei\u00dfklee, G\u00e4nsebl\u00fcmchen, Ehrenpreis-, <\/p>\n<p> Taubnessel-, Ampfer- und Fingerkrautarten, Vogelsternmiere,Ackerschachtelhalm, <\/p>\n<p> Ackwinde <\/p>\n<p> \u00b7 Nicht ausreichend wirksam gegen kriechende Hahnenfu\u00dfarten, <\/p>\n<p> Kleinbl\u00fctiges Knopfkraut, Gemeine Braunelle, Herbstl\u00f6wenzahn, Wei\u00dfer G\u00e4nsefu\u00df <\/p>\n<p> Dosierung: <\/p>\n<p> Das Produkt hat keine nachhaltige Wirkung. Bei wiederholtem Unkrautbefall wird <\/p>\n<p> eine zweite Behandlung nach fr\u00fchestens 5 Wochen empfohlen. <\/p>\n<p> D\u00fcngekalender: <\/p>\n<p> Januar bis Dezember <\/p>\n<p> Pflegetipps: <\/p>\n<p> F\u00fcr einen sch\u00f6nen, gr\u00fcnen Rasen ist die richtige Pflege sehr wichtig. Wenn das <\/p>\n<p> Gras gut w\u00e4chst, bildet sich eine geschlossene Grasnarbe und weder Unkraut noch<\/p>\n<p> Moos haben eine Chance. <\/p>\n<p> Deklaration: <\/p>\n<p> EG-D\u00dcNGEMITTEL <\/p>\n<p> NPK-D\u00fcnger, Mischd\u00fcnger, 20-5-8 Chlorarm. <\/p>\n<p> Zusammensetzung: <\/p>\n<p> 20% N Gesamtstickstoff <\/p>\n<p> 7,2 % N Ammoniumstickstoff <\/p>\n<p> 12,8 % N Carbamidstickstoff <\/p>\n<p> 5,0 % P[2]O[5 ] neutral- ammoncitratl\u00f6sliches und wasserl\u00f6sliches Phosphat <\/p>\n<p> 4,3 % P[2]O[5 ] wasserl\u00f6sliches Phosphat <\/p>\n<p> 8 % K[2]O wasserl\u00f6sliches <\/p>\n<p> Kaliumoxid <\/p>\n<p> Anwendung: <\/p>\n<p> F\u00fcr Gartenkulturen, Aufwandmenge siehe Packungstext. <\/p>\n<p> Lagerungs- und Sicherheitshinweise: <\/p>\n<p> K\u00fchl und trocken lagern, angebrochene Packungen gut verschlie\u00dfen. Packungen nur<\/p>\n<p> vollst\u00e4ndig restentleert der Wertstoffsammlung zuf\u00fchren. Packungen mit evtl. <\/p>\n<p> anfallenden Produktresten bei Sammelstellen f\u00fcr Haushaltschemikalien abgeben. <\/p>\n<p> F\u00fcr Kinder und Haustiere unerreichbar aufbewahren. Lagerung und Anwendung <\/p>\n<p> liegen au\u00dferhalb unseres Einflusses. Deshalb haften wir nur f\u00fcr die <\/p>\n<p> einwandfreie Qualit\u00e4t zum Zeitpunkt der Auslieferung.<\/p>\n","protected":false},"featured_media":268636,"comment_status":"open","ping_status":"closed","template":"","meta":{"inline_featured_image":false},"product_brand":[],"product_cat":[1399,1397],"product_tag":[3018,3021,3020,2421,3019],"class_list":{"0":"post-268637","1":"product","2":"type-product","3":"status-publish","4":"has-post-thumbnail","6":"product_cat-duenger","7":"product_cat-gartenbedarf","8":"product_tag-bchr","9":"product_tag-duenger-staerkung","10":"product_tag-hygienemittel","11":"product_tag-outdoor","12":"product_tag-pflanzenschutz","13":"thunk-woo-product-list","14":"open-woo-hover-zoom","15":"open-single-product-tab-horizontal","16":"open-shadow-","17":"open-shadow-hover-","19":"first","20":"instock","21":"taxable","22":"shipping-taxable","23":"purchasable","24":"product-type-simple"},"wcpa_form_fields":null,"_links":{"self":[{"href":"https:\/\/www.blumen-schwarz.de\/aktuell\/wp-json\/wp\/v2\/product\/268637","targetHints":{"allow":["GET"]}}],"collection":[{"href":"https:\/\/www.blumen-schwarz.de\/aktuell\/wp-json\/wp\/v2\/product"}],"about":[{"href":"https:\/\/www.blumen-schwarz.de\/aktuell\/wp-json\/wp\/v2\/types\/product"}],"replies":[{"embeddable":true,"href":"https:\/\/www.blumen-schwarz.de\/aktuell\/wp-json\/wp\/v2\/comments?post=268637"}],"wp:featuredmedia":[{"embeddable":true,"href":"https:\/\/www.blumen-schwarz.de\/aktuell\/wp-json\/wp\/v2\/media\/268636"}],"wp:attachment":[{"href":"https:\/\/www.blumen-schwarz.de\/aktuell\/wp-json\/wp\/v2\/media?parent=268637"}],"wp:term":[{"taxonomy":"product_brand","embeddable":true,"href":"https:\/\/www.blumen-schwarz.de\/aktuell\/wp-json\/wp\/v2\/product_brand?post=268637"},{"taxonomy":"product_cat","embeddable":true,"href":"https:\/\/www.blumen-schwarz.de\/aktuell\/wp-json\/wp\/v2\/product_cat?post=268637"},{"taxonomy":"product_tag","embeddable":true,"href":"https:\/\/www.blumen-schwarz.de\/aktuell\/wp-json\/wp\/v2\/product_tag?post=268637"}],"curies":[{"name":"wp","href":"https:\/\/api.w.org\/{rel}","templated":true}]}}