{"id":268635,"date":"2025-04-26T11:05:42","date_gmt":"2023-03-01T13:39:16","guid":{"rendered":"https:\/\/www.blumen-schwarz.de\/aktuell\/produkt\/chrysal-moos-los-gluecklich-7-5-kg\/"},"modified":"2025-04-26T11:05:43","modified_gmt":"2025-04-26T09:05:43","slug":"chrysal-moos-los-gluecklich-7-5-kg","status":"publish","type":"product","link":"https:\/\/www.blumen-schwarz.de\/aktuell\/produkt\/chrysal-moos-los-gluecklich-7-5-kg\/","title":{"rendered":"Chrysal Moos-los gl\u00fccklich 7.5 kg"},"content":{"rendered":"","protected":false},"excerpt":{"rendered":"\n<p> Produktinformationen <\/p>\n<p> \u00b7 Der Rasen wird auf wirkungsvolle Weise mit den richtigen N\u00e4hrstoffen <\/p>\n<p> versorgt <\/p>\n<p> \u00b7 Der vermooste Rasen kann sich wieder regenerieren und schnell wieder <\/p>\n<p> eine geschlossene Grasnarbe bilden <\/p>\n<p> \u00b7 Vertr\u00e4glich f\u00fcr alle Rasensorten <\/p>\n<p> \u00b7 Wirksam gegen die meisten Laubmoose im Rasen. <\/p>\n<p> \u00b7 D\u00fcngewirkung 8-10 Wochen <\/p>\n<p> Dosierung: <\/p>\n<p> 25g pro m\u00b2 <\/p>\n<p> Ideal f\u00fcr eine gleichm\u00e4\u00dfige Ausbringung ist die Verwendung eines Streuwagens, <\/p>\n<p> dabei bitte die Schrittgeschwindigkeit von 1m pro Sek. beachten. <\/p>\n<p> Pflegetipps: <\/p>\n<p> ? Den Rasen zweimal j\u00e4hrlich im Abstand von jeweils mindestens drei Monaten <\/p>\n<p> d\u00fcngen. <\/p>\n<p> ? M\u00e4hen Sie den Rasen regelm\u00e4\u00dfig mit einer Schnitth\u00f6he von etwa 4-5 cm, um der <\/p>\n<p> Bildung <\/p>\n<p> von Moos und Unkraut entgegenzuwirken. Nie k\u00fcrzer als 3 cm m\u00e4hen! <\/p>\n<p> ? M\u00e4hen Sie stets mit scharfen Messern, damit die Gr\u00e4ser nicht ausfransen und <\/p>\n<p> junge <\/p>\n<p> Graspflanzen nicht mit den Wurzeln ausgerissen werden. <\/p>\n<p> ? D\u00fcngen Sie nicht w\u00e4hrend trockener Hitzeperioden, um Verbrennungen der Gr\u00e4ser<\/p>\n<p> vorzubeugen. <\/p>\n<p> Deklaration: <\/p>\n<p> EG-D\u00dcNGEMITTEL <\/p>\n<p> NK-D\u00fcnger mit S und Fe 14 <br \/> 7 (<br \/>17<br \/>9) <\/p>\n<p> 14% N Ammoniumstickstoff <\/p>\n<p> 9,0% N Ammoniumstickstoff <\/p>\n<p> 5,0% N Carbamidstickstoff <\/p>\n<p> 7% K2O wasserl\u00f6sliches Kaliumoxid <\/p>\n<p> 17,4% S Schwefel <\/p>\n<p> 10% wasserl\u00f6slicher Schwefel <\/p>\n<p> 9% Fe wasserl\u00f6sliches Eisen <\/p>\n<p> Enth\u00e4lt Eisen-ll-sulfat, Monohydrat <\/p>\n<p> Anwendung: <\/p>\n<p> F\u00fcr Gartenkulturen, Aufwandmenge siehe Packungstext. <\/p>\n<p> Lagerungs- und Sicherheitshinweise: <\/p>\n<p> K\u00fchl und trocken lagern, angebrochene Packungen gut verschlie\u00dfen. Packungen nur<\/p>\n<p> vollst\u00e4ndig restentleert der Wertstoffsammlung zuf\u00fchren. Packungen mit evtl. <\/p>\n<p> anfallenden Produktresten bei Sammelstellen f\u00fcr Haushaltschemikalien abgeben. <\/p>\n<p> F\u00fcr Kinder und Haustiere unerreichbar aufbewahren. Die Anwendung des Mittels in<\/p>\n<p> oder unmittelbar an oberirdischen Gew\u00e4ssern oder K\u00fcstengew\u00e4ssern ist nicht <\/p>\n<p> zul\u00e4ssig. Unabh\u00e4ngig davon ist der gem\u00e4\u00df L\u00e4nderrecht verbindlich vorgegebene <\/p>\n<p> Mindestabstand zu Oberfl\u00e4chengew\u00e4ssern einzuhalten. Lagerung und Anwendung <\/p>\n<p> liegen au\u00dferhalb unseres Einflusses. Deshalb haften wir nur f\u00fcr die <\/p>\n<p> einwandfreie Qualit\u00e4t zum Zeitpunkt der Auslieferung.<\/p>\n","protected":false},"featured_media":268634,"comment_status":"open","ping_status":"closed","template":"","meta":{"inline_featured_image":false},"product_brand":[],"product_cat":[1399,1397],"product_tag":[3018,3021,3020,2421],"class_list":{"0":"post-268635","1":"product","2":"type-product","3":"status-publish","4":"has-post-thumbnail","6":"product_cat-duenger","7":"product_cat-gartenbedarf","8":"product_tag-bchr","9":"product_tag-duenger-staerkung","10":"product_tag-hygienemittel","11":"product_tag-outdoor","12":"thunk-woo-product-list","13":"open-woo-hover-zoom","14":"open-single-product-tab-horizontal","15":"open-shadow-","16":"open-shadow-hover-","18":"first","19":"instock","20":"taxable","21":"shipping-taxable","22":"purchasable","23":"product-type-simple"},"wcpa_form_fields":null,"_links":{"self":[{"href":"https:\/\/www.blumen-schwarz.de\/aktuell\/wp-json\/wp\/v2\/product\/268635","targetHints":{"allow":["GET"]}}],"collection":[{"href":"https:\/\/www.blumen-schwarz.de\/aktuell\/wp-json\/wp\/v2\/product"}],"about":[{"href":"https:\/\/www.blumen-schwarz.de\/aktuell\/wp-json\/wp\/v2\/types\/product"}],"replies":[{"embeddable":true,"href":"https:\/\/www.blumen-schwarz.de\/aktuell\/wp-json\/wp\/v2\/comments?post=268635"}],"wp:featuredmedia":[{"embeddable":true,"href":"https:\/\/www.blumen-schwarz.de\/aktuell\/wp-json\/wp\/v2\/media\/268634"}],"wp:attachment":[{"href":"https:\/\/www.blumen-schwarz.de\/aktuell\/wp-json\/wp\/v2\/media?parent=268635"}],"wp:term":[{"taxonomy":"product_brand","embeddable":true,"href":"https:\/\/www.blumen-schwarz.de\/aktuell\/wp-json\/wp\/v2\/product_brand?post=268635"},{"taxonomy":"product_cat","embeddable":true,"href":"https:\/\/www.blumen-schwarz.de\/aktuell\/wp-json\/wp\/v2\/product_cat?post=268635"},{"taxonomy":"product_tag","embeddable":true,"href":"https:\/\/www.blumen-schwarz.de\/aktuell\/wp-json\/wp\/v2\/product_tag?post=268635"}],"curies":[{"name":"wp","href":"https:\/\/api.w.org\/{rel}","templated":true}]}}