{"id":268619,"date":"2026-05-13T10:31:15","date_gmt":"2023-03-01T13:10:38","guid":{"rendered":"https:\/\/www.blumen-schwarz.de\/aktuell\/produkt\/solabiol-neem-bio-schaedlingsfrei-60-ml\/"},"modified":"2026-05-13T10:31:16","modified_gmt":"2026-05-13T08:31:16","slug":"solabiol-neem-bio-schaedlingsfrei-60-ml","status":"publish","type":"product","link":"https:\/\/www.blumen-schwarz.de\/aktuell\/produkt\/solabiol-neem-bio-schaedlingsfrei-60-ml\/","title":{"rendered":"Solabiol Neem Bio-Sch\u00e4dlingsfrei 60 ml"},"content":{"rendered":"","protected":false},"excerpt":{"rendered":"\n<p> \u2022 Fra\u00df- &amp; Saugstopp nach kurzer Zeit <\/p>\n<p> \u2022 Bis zu drei Wochen Langzeitwirkung <\/p>\n<p> \u2022 Produkt aus nachwachsenden Rohstoffen <\/p>\n<p> Gegen saugende Sch\u00e4dlinge und bei\u00dfende Sch\u00e4dlinge (einschlie\u00dflich <\/p>\n<p> Buchsbaumz\u00fcnsler, Kartoffelk\u00e4fer) an Zier- pflanzen, frischen Kr\u00e4utern, <\/p>\n<p> Kartoffeln und Gem\u00fcse. Aufgrund eigener Erfahrung werden Spinnmilben in den<\/p>\n<p> festgesetzten Anwendungsgebieten miterfasst. Gegen Trauerm\u00fccken- Larven <\/p>\n<p> (Gie\u00dfanwendung) im Gew\u00e4chshaus zugelassen.<\/p>\n","protected":false},"featured_media":268617,"comment_status":"open","ping_status":"closed","template":"","meta":{"inline_featured_image":false},"product_brand":[],"product_cat":[1399,1397],"product_tag":[3018,3020,2421,3019],"class_list":{"0":"post-268619","1":"product","2":"type-product","3":"status-publish","4":"has-post-thumbnail","6":"product_cat-duenger","7":"product_cat-gartenbedarf","8":"product_tag-bchr","9":"product_tag-hygienemittel","10":"product_tag-outdoor","11":"product_tag-pflanzenschutz","12":"thunk-woo-product-list","13":"open-woo-hover-zoom","14":"open-single-product-tab-horizontal","15":"open-shadow-","16":"open-shadow-hover-","18":"first","19":"instock","20":"taxable","21":"shipping-taxable","22":"purchasable","23":"product-type-simple"},"wcpa_form_fields":null,"_links":{"self":[{"href":"https:\/\/www.blumen-schwarz.de\/aktuell\/wp-json\/wp\/v2\/product\/268619","targetHints":{"allow":["GET"]}}],"collection":[{"href":"https:\/\/www.blumen-schwarz.de\/aktuell\/wp-json\/wp\/v2\/product"}],"about":[{"href":"https:\/\/www.blumen-schwarz.de\/aktuell\/wp-json\/wp\/v2\/types\/product"}],"replies":[{"embeddable":true,"href":"https:\/\/www.blumen-schwarz.de\/aktuell\/wp-json\/wp\/v2\/comments?post=268619"}],"wp:featuredmedia":[{"embeddable":true,"href":"https:\/\/www.blumen-schwarz.de\/aktuell\/wp-json\/wp\/v2\/media\/268617"}],"wp:attachment":[{"href":"https:\/\/www.blumen-schwarz.de\/aktuell\/wp-json\/wp\/v2\/media?parent=268619"}],"wp:term":[{"taxonomy":"product_brand","embeddable":true,"href":"https:\/\/www.blumen-schwarz.de\/aktuell\/wp-json\/wp\/v2\/product_brand?post=268619"},{"taxonomy":"product_cat","embeddable":true,"href":"https:\/\/www.blumen-schwarz.de\/aktuell\/wp-json\/wp\/v2\/product_cat?post=268619"},{"taxonomy":"product_tag","embeddable":true,"href":"https:\/\/www.blumen-schwarz.de\/aktuell\/wp-json\/wp\/v2\/product_tag?post=268619"}],"curies":[{"name":"wp","href":"https:\/\/api.w.org\/{rel}","templated":true}]}}