{"id":268606,"date":"2025-05-26T08:37:01","date_gmt":"2023-03-01T12:58:28","guid":{"rendered":"https:\/\/www.blumen-schwarz.de\/aktuell\/produkt\/protect-garden-permaclean-duo-unkraut-wurzel-ex-1000-ml\/"},"modified":"2025-05-26T08:37:02","modified_gmt":"2025-05-26T06:37:02","slug":"protect-garden-permaclean-duo-unkraut-wurzel-ex-1000-ml","status":"publish","type":"product","link":"https:\/\/www.blumen-schwarz.de\/aktuell\/produkt\/protect-garden-permaclean-duo-unkraut-wurzel-ex-1000-ml\/","title":{"rendered":"Protect Garden Permaclean Duo Unkraut u Wurzel-Ex 1000 ml"},"content":{"rendered":"","protected":false},"excerpt":{"rendered":"\n<p> \u2022 Sichtbare Wirkung bereits nach 1 Std. <\/p>\n<p> \u2022 Wochenlange Wirkung <\/p>\n<p> \u2022 Stark gegen hartn\u00e4ckige Unkr\u00e4uter (z.B. Giersch) sowie gegen Moose und <\/p>\n<p> Algen <\/p>\n<p> Bek\u00e4mpft alle Unkr\u00e4uter und Ungr\u00e4ser bis tief in die Wurzel. Sogar hartn\u00e4ckige<\/p>\n<p> Unkr\u00e4uter, wie Giersch und Ackerschach-telhalm werden effektiv und <\/p>\n<p> langanhaltend bek\u00e4mpft.<\/p>\n","protected":false},"featured_media":268605,"comment_status":"open","ping_status":"closed","template":"","meta":{"inline_featured_image":false},"product_brand":[],"product_cat":[1399,1397],"product_tag":[3018,2421,3019],"class_list":{"0":"post-268606","1":"product","2":"type-product","3":"status-publish","4":"has-post-thumbnail","6":"product_cat-duenger","7":"product_cat-gartenbedarf","8":"product_tag-bchr","9":"product_tag-outdoor","10":"product_tag-pflanzenschutz","11":"thunk-woo-product-list","12":"open-woo-hover-zoom","13":"open-single-product-tab-horizontal","14":"open-shadow-","15":"open-shadow-hover-","17":"first","18":"instock","19":"taxable","20":"shipping-taxable","21":"purchasable","22":"product-type-simple"},"wcpa_form_fields":null,"_links":{"self":[{"href":"https:\/\/www.blumen-schwarz.de\/aktuell\/wp-json\/wp\/v2\/product\/268606","targetHints":{"allow":["GET"]}}],"collection":[{"href":"https:\/\/www.blumen-schwarz.de\/aktuell\/wp-json\/wp\/v2\/product"}],"about":[{"href":"https:\/\/www.blumen-schwarz.de\/aktuell\/wp-json\/wp\/v2\/types\/product"}],"replies":[{"embeddable":true,"href":"https:\/\/www.blumen-schwarz.de\/aktuell\/wp-json\/wp\/v2\/comments?post=268606"}],"wp:featuredmedia":[{"embeddable":true,"href":"https:\/\/www.blumen-schwarz.de\/aktuell\/wp-json\/wp\/v2\/media\/268605"}],"wp:attachment":[{"href":"https:\/\/www.blumen-schwarz.de\/aktuell\/wp-json\/wp\/v2\/media?parent=268606"}],"wp:term":[{"taxonomy":"product_brand","embeddable":true,"href":"https:\/\/www.blumen-schwarz.de\/aktuell\/wp-json\/wp\/v2\/product_brand?post=268606"},{"taxonomy":"product_cat","embeddable":true,"href":"https:\/\/www.blumen-schwarz.de\/aktuell\/wp-json\/wp\/v2\/product_cat?post=268606"},{"taxonomy":"product_tag","embeddable":true,"href":"https:\/\/www.blumen-schwarz.de\/aktuell\/wp-json\/wp\/v2\/product_tag?post=268606"}],"curies":[{"name":"wp","href":"https:\/\/api.w.org\/{rel}","templated":true}]}}