{"id":268601,"date":"2024-05-21T12:45:27","date_gmt":"2023-03-01T07:20:14","guid":{"rendered":"https:\/\/www.blumen-schwarz.de\/aktuell\/produkt\/westland-5l-blaehton-koernung-8-16\/"},"modified":"2024-05-21T12:45:29","modified_gmt":"2024-05-21T10:45:29","slug":"westland-5l-blaehton-koernung-8-16","status":"publish","type":"product","link":"https:\/\/www.blumen-schwarz.de\/aktuell\/produkt\/westland-5l-blaehton-koernung-8-16\/","title":{"rendered":"Westland Tongranulat Bl\u00e4hton K\u00f6rnung 8\/16 5 Liter"},"content":{"rendered":"","protected":false},"excerpt":{"rendered":"\n<p> Hydrokultur und Drainage <\/p>\n<p> \u2022 Nat\u00fcrliches Tongranulat <\/p>\n<p> \u2022 Ideal f\u00fcr Hydrokultur geeignet <\/p>\n<p> \u2022 Optimal zur Verwendung als Drainage <\/p>\n<p> \u2022 Dekorativ und funktional <\/p>\n<p> Das Westland Tongranulat bietet Hydrokulturpflanzen zuverl\u00e4ssigen Halt und <\/p>\n<p> beste Voraussetzungen f\u00fcr ein optimales Wachstum. Der schonend gebrannte Ton <\/p>\n<p> ist strukturstabil und langj\u00e4hrig verwendbar. Ein Umtopfen von <\/p>\n<p> Hydrokulturpflanzen in das mineralische Tongranulat ist unabh\u00e4ngig von Alter <\/p>\n<p> und Gr\u00f6\u00dfe der Pflanze m\u00f6glich. Als Drainage bei Erdpflanzen verhindert es <\/p>\n<p> wirkungsvoll Staun\u00e4sse und eine damit oft einhergehende Wurzelf\u00e4ule. Die <\/p>\n<p> ausgew\u00e4hlten Rohstoffe entsprechen den hohen Anforderungen der <\/p>\n<p> Qualit\u00e4tssicherung von Westland. <\/p>\n<p> * Bitte beachten: Palettenware 5 - 45 Liter wird gestapelt geliefert. Es m\u00fcssen<\/p>\n<p> in Summer immer 2, 4, 6, 8, etc. Paletten betellt werdne. Innerhalb der Gr\u00f6\u00dfen <\/p>\n<p> kann gemischt werden, z.B. 1 x 5l <br \/> 1 x 10l oder 1 x 25l <br \/> 3 x 45l.<\/p>\n","protected":false},"featured_media":268600,"comment_status":"open","ping_status":"closed","template":"","meta":{"inline_featured_image":false},"product_brand":[],"product_cat":[1399,1397],"product_tag":[3018,2427,2421,2422],"class_list":{"0":"post-268601","1":"product","2":"type-product","3":"status-publish","4":"has-post-thumbnail","6":"product_cat-duenger","7":"product_cat-gartenbedarf","8":"product_tag-bchr","9":"product_tag-indoor","10":"product_tag-outdoor","11":"product_tag-ton","12":"thunk-woo-product-list","13":"open-woo-hover-zoom","14":"open-single-product-tab-horizontal","15":"open-shadow-","16":"open-shadow-hover-","18":"first","19":"instock","20":"taxable","21":"shipping-taxable","22":"purchasable","23":"product-type-simple"},"wcpa_form_fields":null,"_links":{"self":[{"href":"https:\/\/www.blumen-schwarz.de\/aktuell\/wp-json\/wp\/v2\/product\/268601","targetHints":{"allow":["GET"]}}],"collection":[{"href":"https:\/\/www.blumen-schwarz.de\/aktuell\/wp-json\/wp\/v2\/product"}],"about":[{"href":"https:\/\/www.blumen-schwarz.de\/aktuell\/wp-json\/wp\/v2\/types\/product"}],"replies":[{"embeddable":true,"href":"https:\/\/www.blumen-schwarz.de\/aktuell\/wp-json\/wp\/v2\/comments?post=268601"}],"wp:featuredmedia":[{"embeddable":true,"href":"https:\/\/www.blumen-schwarz.de\/aktuell\/wp-json\/wp\/v2\/media\/268600"}],"wp:attachment":[{"href":"https:\/\/www.blumen-schwarz.de\/aktuell\/wp-json\/wp\/v2\/media?parent=268601"}],"wp:term":[{"taxonomy":"product_brand","embeddable":true,"href":"https:\/\/www.blumen-schwarz.de\/aktuell\/wp-json\/wp\/v2\/product_brand?post=268601"},{"taxonomy":"product_cat","embeddable":true,"href":"https:\/\/www.blumen-schwarz.de\/aktuell\/wp-json\/wp\/v2\/product_cat?post=268601"},{"taxonomy":"product_tag","embeddable":true,"href":"https:\/\/www.blumen-schwarz.de\/aktuell\/wp-json\/wp\/v2\/product_tag?post=268601"}],"curies":[{"name":"wp","href":"https:\/\/api.w.org\/{rel}","templated":true}]}}