{"id":268586,"date":"2025-03-10T10:26:51","date_gmt":"2023-02-28T13:53:09","guid":{"rendered":"https:\/\/www.blumen-schwarz.de\/aktuell\/produkt\/bayer-garten-1l-unkrautfrei-turboclean\/"},"modified":"2025-03-10T10:26:52","modified_gmt":"2025-03-10T09:26:52","slug":"bayer-garten-1l-unkrautfrei-turboclean","status":"publish","type":"product","link":"https:\/\/www.blumen-schwarz.de\/aktuell\/produkt\/bayer-garten-1l-unkrautfrei-turboclean\/","title":{"rendered":"Protect Garden Turboclean Unkrautfrei 1000 ml"},"content":{"rendered":"","protected":false},"excerpt":{"rendered":"\n<p> \u2022 Auch gegen schwer bek\u00e4mpfbare Unkr\u00e4uter wie Giersch und Ackerschachtelhalm<\/p>\n<p> \u2022 Turboschnelle Wirkung - sichtbar bereits nach 1 - 3 Std. <\/p>\n<p> \u2022 Biologisch abbaubar (nach OECD 301F) <\/p>\n<p> Gegen Unkr\u00e4uter und Ungr\u00e4ser auf Wegen und Pl\u00e4tzen** mit Holzgew\u00e4chsen im <\/p>\n<p> Garten, im Zierpflanzenbeet und unter Ziergeh\u00f6lzen im Freiland. <\/p>\n<p> ** Nichtkulturland, genehmigungspflichtig<\/p>\n","protected":false},"featured_media":268585,"comment_status":"open","ping_status":"closed","template":"","meta":{"inline_featured_image":false},"product_brand":[],"product_cat":[1399,1397],"product_tag":[3018,2421,3019],"class_list":{"0":"post-268586","1":"product","2":"type-product","3":"status-publish","4":"has-post-thumbnail","6":"product_cat-duenger","7":"product_cat-gartenbedarf","8":"product_tag-bchr","9":"product_tag-outdoor","10":"product_tag-pflanzenschutz","11":"thunk-woo-product-list","12":"open-woo-hover-zoom","13":"open-single-product-tab-horizontal","14":"open-shadow-","15":"open-shadow-hover-","17":"first","18":"instock","19":"taxable","20":"shipping-taxable","21":"purchasable","22":"product-type-simple"},"wcpa_form_fields":null,"_links":{"self":[{"href":"https:\/\/www.blumen-schwarz.de\/aktuell\/wp-json\/wp\/v2\/product\/268586","targetHints":{"allow":["GET"]}}],"collection":[{"href":"https:\/\/www.blumen-schwarz.de\/aktuell\/wp-json\/wp\/v2\/product"}],"about":[{"href":"https:\/\/www.blumen-schwarz.de\/aktuell\/wp-json\/wp\/v2\/types\/product"}],"replies":[{"embeddable":true,"href":"https:\/\/www.blumen-schwarz.de\/aktuell\/wp-json\/wp\/v2\/comments?post=268586"}],"wp:featuredmedia":[{"embeddable":true,"href":"https:\/\/www.blumen-schwarz.de\/aktuell\/wp-json\/wp\/v2\/media\/268585"}],"wp:attachment":[{"href":"https:\/\/www.blumen-schwarz.de\/aktuell\/wp-json\/wp\/v2\/media?parent=268586"}],"wp:term":[{"taxonomy":"product_brand","embeddable":true,"href":"https:\/\/www.blumen-schwarz.de\/aktuell\/wp-json\/wp\/v2\/product_brand?post=268586"},{"taxonomy":"product_cat","embeddable":true,"href":"https:\/\/www.blumen-schwarz.de\/aktuell\/wp-json\/wp\/v2\/product_cat?post=268586"},{"taxonomy":"product_tag","embeddable":true,"href":"https:\/\/www.blumen-schwarz.de\/aktuell\/wp-json\/wp\/v2\/product_tag?post=268586"}],"curies":[{"name":"wp","href":"https:\/\/api.w.org\/{rel}","templated":true}]}}