{"id":268582,"date":"2025-03-19T08:10:27","date_gmt":"2023-02-28T13:50:54","guid":{"rendered":"https:\/\/www.blumen-schwarz.de\/aktuell\/produkt\/bayer-garten-25l-dimanin-a\/"},"modified":"2025-03-19T08:10:28","modified_gmt":"2025-03-19T07:10:28","slug":"bayer-garten-25l-dimanin-a","status":"publish","type":"product","link":"https:\/\/www.blumen-schwarz.de\/aktuell\/produkt\/bayer-garten-25l-dimanin-a\/","title":{"rendered":"Protect Home DimaXX A Fl\u00fcssigkeitskonzentrat 2.5 Liter"},"content":{"rendered":"","protected":false},"excerpt":{"rendered":"\n<p> \u2022 Desinfektion und Reinigung <\/p>\n<p> \u2022 Gegen Algen und Gr\u00fcnbel\u00e4ge und Schimmel <\/p>\n<p> \u2022 Kein Nachb\u00fcrsten <\/p>\n<p> Zur Desinfektion von Wasser in Schwimmbecken. Gegen Schimmel und Keime im<\/p>\n<p> Haushalt und Sanit\u00e4rbereich. Gegen Algen und sonstige Gr\u00fcnbel\u00e4ge.<\/p>\n","protected":false},"featured_media":268581,"comment_status":"open","ping_status":"closed","template":"","meta":{"inline_featured_image":false},"product_brand":[],"product_cat":[1399,1397],"product_tag":[3018,3020,2427,2421],"class_list":{"0":"post-268582","1":"product","2":"type-product","3":"status-publish","4":"has-post-thumbnail","6":"product_cat-duenger","7":"product_cat-gartenbedarf","8":"product_tag-bchr","9":"product_tag-hygienemittel","10":"product_tag-indoor","11":"product_tag-outdoor","12":"thunk-woo-product-list","13":"open-woo-hover-zoom","14":"open-single-product-tab-horizontal","15":"open-shadow-","16":"open-shadow-hover-","18":"first","19":"outofstock","20":"taxable","21":"shipping-taxable","22":"purchasable","23":"product-type-simple"},"wcpa_form_fields":null,"_links":{"self":[{"href":"https:\/\/www.blumen-schwarz.de\/aktuell\/wp-json\/wp\/v2\/product\/268582","targetHints":{"allow":["GET"]}}],"collection":[{"href":"https:\/\/www.blumen-schwarz.de\/aktuell\/wp-json\/wp\/v2\/product"}],"about":[{"href":"https:\/\/www.blumen-schwarz.de\/aktuell\/wp-json\/wp\/v2\/types\/product"}],"replies":[{"embeddable":true,"href":"https:\/\/www.blumen-schwarz.de\/aktuell\/wp-json\/wp\/v2\/comments?post=268582"}],"wp:featuredmedia":[{"embeddable":true,"href":"https:\/\/www.blumen-schwarz.de\/aktuell\/wp-json\/wp\/v2\/media\/268581"}],"wp:attachment":[{"href":"https:\/\/www.blumen-schwarz.de\/aktuell\/wp-json\/wp\/v2\/media?parent=268582"}],"wp:term":[{"taxonomy":"product_brand","embeddable":true,"href":"https:\/\/www.blumen-schwarz.de\/aktuell\/wp-json\/wp\/v2\/product_brand?post=268582"},{"taxonomy":"product_cat","embeddable":true,"href":"https:\/\/www.blumen-schwarz.de\/aktuell\/wp-json\/wp\/v2\/product_cat?post=268582"},{"taxonomy":"product_tag","embeddable":true,"href":"https:\/\/www.blumen-schwarz.de\/aktuell\/wp-json\/wp\/v2\/product_tag?post=268582"}],"curies":[{"name":"wp","href":"https:\/\/api.w.org\/{rel}","templated":true}]}}