{"id":267771,"date":"2026-02-07T13:25:43","date_gmt":"2022-12-19T08:20:05","guid":{"rendered":"https:\/\/www.blumen-schwarz.de\/aktuell\/produkt\/oxalis-gluecksklee-ungeschmueckt-mini\/"},"modified":"2026-02-07T13:25:45","modified_gmt":"2026-02-07T12:25:45","slug":"oxalis-gluecksklee-ungeschmueckt-mini","status":"publish","type":"product","link":"https:\/\/www.blumen-schwarz.de\/aktuell\/produkt\/oxalis-gluecksklee-ungeschmueckt-mini\/","title":{"rendered":"Oxalis, Gl\u00fccksklee, ungeschm\u00fcckt, T7"},"content":{"rendered":"<p>vierbl\u00e4ttrigerr Gl\u00fccksklee<br \/>Oxalis tetraphylla<br \/>Oxalidaceae<br \/>Bl\u00fcte: rosa, Juni<br \/> Wuchsh\u00f6he: bis 15cm<br \/> Standort: Im Zimmer k\u00fchleren Standort ausw\u00e4hlen. Bei zu warmen Standort wird der Klee sehr schnell hoch und weich (gerade im Winter zu Neujahr)<br \/> Heimat: Mexiko<br \/> Sommer: Unbedingt ins Freie stellen, bedingt winterhart mit hohem Potential Unkraut zu werden (von daher ist es besser, wenn er in harten Wintern eingeht).<\/p>\n","protected":false},"excerpt":{"rendered":"<p> _<\/p>\n","protected":false},"featured_media":245262,"comment_status":"open","ping_status":"closed","template":"","meta":{"inline_featured_image":false},"product_brand":[],"product_cat":[1258,1406],"product_tag":[],"class_list":{"0":"post-267771","1":"product","2":"type-product","3":"status-publish","4":"has-post-thumbnail","6":"product_cat-pflanzen","7":"product_cat-zimmerpflanzen","8":"thunk-woo-product-list","9":"open-woo-hover-zoom","10":"open-single-product-tab-horizontal","11":"open-shadow-","12":"open-shadow-hover-","13":"wcpa_has_options","15":"first","16":"outofstock","17":"taxable","18":"shipping-taxable","19":"purchasable","20":"product-type-simple"},"wcpa_form_fields":{"wcpaData":{"product":{"product_price":2.65,"price_html":"<span class=\"woocommerce-Price-amount amount\"><bdi>2,65&nbsp;<span class=\"woocommerce-Price-currencySymbol\">&euro;<\/span><\/bdi><\/span>","original_product_price":2.65,"price_including_tax":2.65,"price_excluding_tax":2.476636,"product_id":{"parent":267771,"variation":false},"is_variable":false,"stock_status":"outofstock","stock_quantity":0,"parent_sku":"944","product_attributes":[],"custom_fields":[],"is_taxable":true,"product_name":"Oxalis, Gl\u00fccksklee, ungeschm\u00fcckt, T7","hasImage":false},"fields":{"sec_1069e8fe691d16f":{"extra":{"key":"sec_1069e8fe691d16f","section_id":"sec_1069e8fe691d16f","name":"Default","status":1,"cl_rule":"show","enableCl":false,"relations":[],"toggle":true,"title_tag":"h3","show_title":false,"showPrice":"default","form_id":245222,"form_rules":{"exclude_from_discount":false,"fee_label":"Steuer","disp_hide_options_price":false,"disp_show_section_price":false,"disp_show_field_price":true,"layout_option":"standard","pric_use_as_fee":false,"process_fee_as":"woo_fee"},"layout_option":"standard"},"fields":[[{"type":"textarea","elementId":"wcpa-textarea-1608033486494","label":"zus. W\u00fcnsche (Farbe, Form o.\u00e4.)","description":"","desc_type":true,"pricingType":"fixed","rows":"2","className":"form-control","name":"textarea-1608033486494","cl_rule":"show","col":6,"relations":false,"active":true,"tooltip":"Hier k\u00f6nnen Sie, falls der Artikel nicht eindeutig ist, Ihre W\u00fcnsche eintragen. Im Zweifelsfall lassen Sie dieses Feld einfach leer.","gt_translate_keys":["label","description","tooltip"],"price_dependency":false,"cl_dependency":false,"value":""}]]}},"config":{"price_override":"","enable_recaptcha":false,"bind_quantity":false,"quantity_bind_formula":false,"disp_summ_show_option_price":true,"disp_summ_show_product_price":true,"disp_summ_show_total_price":true,"disp_summ_show_fee":false,"disp_summ_show_discount":false,"summary_title":"","options_total_label":"ausgew\u00e4hlter Preis","total_label":"Komplett","options_product_label":"Produkt Preis","fee_label":"Steuer","discount_label":"Discount","has_price":true,"has_quantity_formula":false},"mc_unit":1,"tax_rate":1,"tax_rate_real":0.07,"discount":{"percentage":0,"fixed":0},"design":{"conf":{"LabelPosition":"above","DescPosition":"above","UploadField":"custom_1","QuantityFieldStyle":"default"},"css":{"LeftLabelWidth":"120px"}},"formulas":[],"lookuptables":[],"clones":false,"cartKey":false}},"_links":{"self":[{"href":"https:\/\/www.blumen-schwarz.de\/aktuell\/wp-json\/wp\/v2\/product\/267771","targetHints":{"allow":["GET"]}}],"collection":[{"href":"https:\/\/www.blumen-schwarz.de\/aktuell\/wp-json\/wp\/v2\/product"}],"about":[{"href":"https:\/\/www.blumen-schwarz.de\/aktuell\/wp-json\/wp\/v2\/types\/product"}],"replies":[{"embeddable":true,"href":"https:\/\/www.blumen-schwarz.de\/aktuell\/wp-json\/wp\/v2\/comments?post=267771"}],"wp:featuredmedia":[{"embeddable":true,"href":"https:\/\/www.blumen-schwarz.de\/aktuell\/wp-json\/wp\/v2\/media\/245262"}],"wp:attachment":[{"href":"https:\/\/www.blumen-schwarz.de\/aktuell\/wp-json\/wp\/v2\/media?parent=267771"}],"wp:term":[{"taxonomy":"product_brand","embeddable":true,"href":"https:\/\/www.blumen-schwarz.de\/aktuell\/wp-json\/wp\/v2\/product_brand?post=267771"},{"taxonomy":"product_cat","embeddable":true,"href":"https:\/\/www.blumen-schwarz.de\/aktuell\/wp-json\/wp\/v2\/product_cat?post=267771"},{"taxonomy":"product_tag","embeddable":true,"href":"https:\/\/www.blumen-schwarz.de\/aktuell\/wp-json\/wp\/v2\/product_tag?post=267771"}],"curies":[{"name":"wp","href":"https:\/\/api.w.org\/{rel}","templated":true}]}}