{"id":266947,"date":"2025-12-24T10:20:06","date_gmt":"2022-10-31T15:46:05","guid":{"rendered":"https:\/\/www.blumen-schwarz.de\/aktuell\/produkt\/hippeastrum-cherry-nymph-amaryllis\/"},"modified":"2025-12-24T10:20:07","modified_gmt":"2025-12-24T09:20:07","slug":"hippeastrum-cherry-nymph-amaryllis","status":"publish","type":"product","link":"https:\/\/www.blumen-schwarz.de\/aktuell\/produkt\/hippeastrum-cherry-nymph-amaryllis\/","title":{"rendered":"Hippeastrum Cherry Nymph, Amaryllis"},"content":{"rendered":"<p>kirschrot, gef\u00fcllte Amaryllis<br \/>Hippeastrum cultivar Cherry Nymph<br \/>Amaryllidaceae<br \/>Bl\u00fcte: hell-rot, gef\u00fcllt<br \/> Standort: Halbschatten - Sonne im Zimmer<br \/> Pflege: nach der Bl\u00fcte gut gie\u00dfen und d\u00fcngen <br \/> (Wachstumsphase), ab August \/ September Ruhephase bei 15\u00b0 C (trocken), danach Bl\u00fctenphase<\/p>\n","protected":false},"excerpt":{"rendered":"<p> Zwiebelherkunft Holland - getopft und kultiviert in eigener G\u00e4rtnerei<\/p>\n<p> Umfang 32\/34cm <\/p>\n<p> fr\u00fchbl\u00fchende Sorte - pr\u00e4pariert<\/p>\n","protected":false},"featured_media":243437,"comment_status":"open","ping_status":"closed","template":"","meta":{"inline_featured_image":false},"product_brand":[],"product_cat":[1258,1406],"product_tag":[2202,2203,1375],"class_list":{"0":"post-266947","1":"product","2":"type-product","3":"status-publish","4":"has-post-thumbnail","6":"product_cat-pflanzen","7":"product_cat-zimmerpflanzen","8":"product_tag-amaryllis","9":"product_tag-gefuellt","10":"product_tag-rot","11":"thunk-woo-product-list","12":"open-woo-hover-zoom","13":"open-single-product-tab-horizontal","14":"open-shadow-","15":"open-shadow-hover-","16":"wcpa_has_options","18":"first","19":"instock","20":"taxable","21":"shipping-taxable","22":"purchasable","23":"product-type-simple"},"wcpa_form_fields":{"wcpaData":{"product":{"product_price":13.67,"price_html":"<span class=\"woocommerce-Price-amount amount\"><bdi>13,67&nbsp;<span class=\"woocommerce-Price-currencySymbol\">&euro;<\/span><\/bdi><\/span>","original_product_price":13.67,"price_including_tax":13.67,"price_excluding_tax":12.775701,"product_id":{"parent":266947,"variation":false},"is_variable":false,"stock_status":"instock","stock_quantity":5,"parent_sku":"835091512","product_attributes":[],"custom_fields":[],"is_taxable":true,"product_name":"Hippeastrum Cherry Nymph, Amaryllis","hasImage":false},"fields":{"sec_269e7e971249cb":{"extra":{"key":"sec_269e7e971249cb","section_id":"sec_269e7e971249cb","name":"Default","status":1,"cl_rule":"show","enableCl":false,"relations":[],"toggle":true,"title_tag":"h3","show_title":false,"showPrice":"default","form_id":245222,"form_rules":{"exclude_from_discount":false,"fee_label":"Steuer","disp_hide_options_price":false,"disp_show_section_price":false,"disp_show_field_price":true,"layout_option":"standard","pric_use_as_fee":false,"process_fee_as":"woo_fee"},"layout_option":"standard"},"fields":[[{"type":"textarea","elementId":"wcpa-textarea-1608033486494","label":"zus. W\u00fcnsche (Farbe, Form o.\u00e4.)","description":"","desc_type":true,"pricingType":"fixed","rows":"2","className":"form-control","name":"textarea-1608033486494","cl_rule":"show","col":6,"relations":false,"active":true,"tooltip":"Hier k\u00f6nnen Sie, falls der Artikel nicht eindeutig ist, Ihre W\u00fcnsche eintragen. Im Zweifelsfall lassen Sie dieses Feld einfach leer.","gt_translate_keys":["label","description","tooltip"],"price_dependency":false,"cl_dependency":false,"value":""}]]}},"config":{"price_override":"","enable_recaptcha":false,"bind_quantity":false,"quantity_bind_formula":false,"disp_summ_show_option_price":true,"disp_summ_show_product_price":true,"disp_summ_show_total_price":true,"disp_summ_show_fee":false,"disp_summ_show_discount":false,"summary_title":"","options_total_label":"ausgew\u00e4hlter Preis","total_label":"Komplett","options_product_label":"Produkt Preis","fee_label":"Steuer","discount_label":"Discount","has_price":true,"has_quantity_formula":false},"mc_unit":1,"tax_rate":1,"tax_rate_real":0.07,"discount":{"percentage":0,"fixed":0},"design":{"conf":{"LabelPosition":"above","DescPosition":"above","UploadField":"custom_1","QuantityFieldStyle":"default"},"css":{"LeftLabelWidth":"120px"}},"formulas":[],"lookuptables":[],"clones":false,"cartKey":false}},"_links":{"self":[{"href":"https:\/\/www.blumen-schwarz.de\/aktuell\/wp-json\/wp\/v2\/product\/266947","targetHints":{"allow":["GET"]}}],"collection":[{"href":"https:\/\/www.blumen-schwarz.de\/aktuell\/wp-json\/wp\/v2\/product"}],"about":[{"href":"https:\/\/www.blumen-schwarz.de\/aktuell\/wp-json\/wp\/v2\/types\/product"}],"replies":[{"embeddable":true,"href":"https:\/\/www.blumen-schwarz.de\/aktuell\/wp-json\/wp\/v2\/comments?post=266947"}],"wp:featuredmedia":[{"embeddable":true,"href":"https:\/\/www.blumen-schwarz.de\/aktuell\/wp-json\/wp\/v2\/media\/243437"}],"wp:attachment":[{"href":"https:\/\/www.blumen-schwarz.de\/aktuell\/wp-json\/wp\/v2\/media?parent=266947"}],"wp:term":[{"taxonomy":"product_brand","embeddable":true,"href":"https:\/\/www.blumen-schwarz.de\/aktuell\/wp-json\/wp\/v2\/product_brand?post=266947"},{"taxonomy":"product_cat","embeddable":true,"href":"https:\/\/www.blumen-schwarz.de\/aktuell\/wp-json\/wp\/v2\/product_cat?post=266947"},{"taxonomy":"product_tag","embeddable":true,"href":"https:\/\/www.blumen-schwarz.de\/aktuell\/wp-json\/wp\/v2\/product_tag?post=266947"}],"curies":[{"name":"wp","href":"https:\/\/api.w.org\/{rel}","templated":true}]}}