{"id":265763,"date":"2022-06-08T16:07:36","date_gmt":"2022-06-08T14:07:36","guid":{"rendered":"https:\/\/www.blumen-schwarz.de\/aktuell\/produkt\/polyscias-scutellaria-fabian-t24h100\/"},"modified":"2023-04-11T11:32:21","modified_gmt":"2023-04-11T09:32:21","slug":"polyscias-scutellaria-fabian-t24h100","status":"publish","type":"product","link":"https:\/\/www.blumen-schwarz.de\/aktuell\/produkt\/polyscias-scutellaria-fabian-t24h100\/","title":{"rendered":"Polyscias scutellaria Fabian T24H100"},"content":{"rendered":"<p>Fiederaralie<br \/>Polyscias scutellaria Fabian<br \/>Araliaceae<br \/>Hell, warm, gleichm\u00e4\u00dfige Feuchte (ohne Staun\u00e4sse).<br \/> Blatt: mittlerere Wuchsst\u00e4rke<br \/> Dankbare Gr\u00fcnpflanze f\u00fcr viele Verwendungen<\/p>\n<p> Fiederaralien kommen urspr\u00fcnglich aus Ostasien oder Madagaskar. Ihr Temperaturanspruch ist hoch (unter 15\u00b0C tritt oft Blattfall ein). In zu trockenen R\u00e4ume kann es Probleme geben.<\/p>\n","protected":false},"excerpt":{"rendered":"<p> Bonsai-Form <\/p>\n<p> T-\u00f830cm <\/p>\n<p> H\u00f6he 120cm <\/p>\n<p> _<\/p>\n","protected":false},"featured_media":246054,"comment_status":"open","ping_status":"closed","template":"","meta":{"inline_featured_image":false},"product_brand":[],"product_cat":[1258,1406],"product_tag":[2282,2285,2278,2283,2277,1851],"class_list":{"0":"post-265763","1":"product","2":"type-product","3":"status-publish","4":"has-post-thumbnail","6":"product_cat-pflanzen","7":"product_cat-zimmerpflanzen","8":"product_tag-anspruchsvoll","9":"product_tag-feucht_halten","10":"product_tag-gruenpflanze","11":"product_tag-halbschattig","12":"product_tag-hell","13":"product_tag-zimmer","14":"thunk-woo-product-list","15":"open-woo-hover-zoom","16":"open-single-product-tab-horizontal","17":"open-shadow-","18":"open-shadow-hover-","19":"wcpa_has_options","21":"first","22":"outofstock","23":"taxable","24":"shipping-taxable","25":"purchasable","26":"product-type-simple"},"wcpa_form_fields":{"wcpaData":{"product":{"product_price":98,"price_html":"<span class=\"woocommerce-Price-amount amount\"><bdi>98,00&nbsp;<span class=\"woocommerce-Price-currencySymbol\">&euro;<\/span><\/bdi><\/span>","original_product_price":98,"price_including_tax":98,"price_excluding_tax":91.588785,"product_id":{"parent":265763,"variation":false},"is_variable":false,"stock_status":"outofstock","stock_quantity":0,"parent_sku":"8350923804","product_attributes":[],"custom_fields":[],"is_taxable":true,"product_name":"Polyscias scutellaria Fabian T24H100","hasImage":false},"fields":{"sec_269d0d54761c1c":{"extra":{"key":"sec_269d0d54761c1c","section_id":"sec_269d0d54761c1c","name":"Default","status":1,"cl_rule":"show","enableCl":false,"relations":[],"toggle":true,"title_tag":"h3","show_title":false,"showPrice":"default","form_id":245222,"form_rules":{"exclude_from_discount":false,"fee_label":"Steuer","disp_hide_options_price":false,"disp_show_section_price":false,"disp_show_field_price":true,"layout_option":"standard","pric_use_as_fee":false,"process_fee_as":"woo_fee"},"layout_option":"standard"},"fields":[[{"type":"textarea","elementId":"wcpa-textarea-1608033486494","label":"zus. W\u00fcnsche (Farbe, Form o.\u00e4.)","description":"","desc_type":true,"pricingType":"fixed","rows":"2","className":"form-control","name":"textarea-1608033486494","cl_rule":"show","col":6,"relations":false,"active":true,"tooltip":"Hier k\u00f6nnen Sie, falls der Artikel nicht eindeutig ist, Ihre W\u00fcnsche eintragen. Im Zweifelsfall lassen Sie dieses Feld einfach leer.","gt_translate_keys":["label","description","tooltip"],"price_dependency":false,"cl_dependency":false,"value":""}]]}},"config":{"price_override":"","enable_recaptcha":false,"bind_quantity":false,"quantity_bind_formula":false,"disp_summ_show_option_price":true,"disp_summ_show_product_price":true,"disp_summ_show_total_price":true,"disp_summ_show_fee":false,"disp_summ_show_discount":false,"summary_title":"","options_total_label":"ausgew\u00e4hlter Preis","total_label":"Komplett","options_product_label":"Produkt Preis","fee_label":"Steuer","discount_label":"Discount","has_price":true,"has_quantity_formula":false},"mc_unit":1,"tax_rate":1,"tax_rate_real":0.07,"discount":{"percentage":0,"fixed":0},"design":{"conf":{"LabelPosition":"above","DescPosition":"above","UploadField":"custom_1","QuantityFieldStyle":"default"},"css":{"LeftLabelWidth":"120px"}},"formulas":[],"lookuptables":[],"clones":false,"cartKey":false}},"_links":{"self":[{"href":"https:\/\/www.blumen-schwarz.de\/aktuell\/wp-json\/wp\/v2\/product\/265763","targetHints":{"allow":["GET"]}}],"collection":[{"href":"https:\/\/www.blumen-schwarz.de\/aktuell\/wp-json\/wp\/v2\/product"}],"about":[{"href":"https:\/\/www.blumen-schwarz.de\/aktuell\/wp-json\/wp\/v2\/types\/product"}],"replies":[{"embeddable":true,"href":"https:\/\/www.blumen-schwarz.de\/aktuell\/wp-json\/wp\/v2\/comments?post=265763"}],"wp:featuredmedia":[{"embeddable":true,"href":"https:\/\/www.blumen-schwarz.de\/aktuell\/wp-json\/wp\/v2\/media\/246054"}],"wp:attachment":[{"href":"https:\/\/www.blumen-schwarz.de\/aktuell\/wp-json\/wp\/v2\/media?parent=265763"}],"wp:term":[{"taxonomy":"product_brand","embeddable":true,"href":"https:\/\/www.blumen-schwarz.de\/aktuell\/wp-json\/wp\/v2\/product_brand?post=265763"},{"taxonomy":"product_cat","embeddable":true,"href":"https:\/\/www.blumen-schwarz.de\/aktuell\/wp-json\/wp\/v2\/product_cat?post=265763"},{"taxonomy":"product_tag","embeddable":true,"href":"https:\/\/www.blumen-schwarz.de\/aktuell\/wp-json\/wp\/v2\/product_tag?post=265763"}],"curies":[{"name":"wp","href":"https:\/\/api.w.org\/{rel}","templated":true}]}}