{"id":265218,"date":"2026-03-31T10:27:04","date_gmt":"2022-05-09T07:58:11","guid":{"rendered":"https:\/\/www.blumen-schwarz.de\/aktuell\/produkt\/phalaenopsis-tablo-niedrigwachsende-1-2-rispen\/"},"modified":"2026-03-31T10:27:05","modified_gmt":"2026-03-31T08:27:05","slug":"phalaenopsis-tablo-niedrigwachsende-1-2-rispen","status":"publish","type":"product","link":"https:\/\/www.blumen-schwarz.de\/aktuell\/produkt\/phalaenopsis-tablo-niedrigwachsende-1-2-rispen\/","title":{"rendered":"Phalaenopsis Tablo, in Farben, niedrigwachsend"},"content":{"rendered":"<p>kompakt, gro\u00dfbl\u00fctige Schmetterlingsorchidee<br \/>Phalaenopsis Hybride Tablo<br \/>Orchideaceae<br \/>Bl\u00fcte: gro\u00df, langhaltend, reichbl\u00fchend<br \/> Standort: sonnig - halbschatten, Erde trocken halten,<br \/> lieber \u00f6fters Bl\u00e4tter befeuchten<br \/> Sonstiges: Stiele nach Bl\u00fcte nicht abschneiden, oft<br \/> treiben Seitenknospen wieder aus<\/p>\n","protected":false},"excerpt":{"rendered":"<br \/>\n","protected":false},"featured_media":243029,"comment_status":"open","ping_status":"closed","template":"","meta":{"inline_featured_image":false},"product_brand":[],"product_cat":[1258,1406],"product_tag":[1691,1495,1494],"class_list":{"0":"post-265218","1":"product","2":"type-product","3":"status-publish","4":"has-post-thumbnail","6":"product_cat-pflanzen","7":"product_cat-zimmerpflanzen","8":"product_tag-dekorativ","9":"product_tag-grossbluetig","10":"product_tag-kompakt","11":"thunk-woo-product-list","12":"open-woo-hover-zoom","13":"open-single-product-tab-horizontal","14":"open-shadow-","15":"open-shadow-hover-","16":"wcpa_has_options","18":"first","19":"instock","20":"taxable","21":"shipping-taxable","22":"purchasable","23":"product-type-simple"},"wcpa_form_fields":{"wcpaData":{"product":{"product_price":39.95,"price_html":"<span class=\"woocommerce-Price-amount amount\"><bdi>39,95&nbsp;<span class=\"woocommerce-Price-currencySymbol\">&euro;<\/span><\/bdi><\/span>","original_product_price":39.95,"price_including_tax":39.95,"price_excluding_tax":37.336449,"product_id":{"parent":265218,"variation":false},"is_variable":false,"stock_status":"instock","stock_quantity":5,"parent_sku":"8350924603","product_attributes":[],"custom_fields":[],"is_taxable":true,"product_name":"Phalaenopsis Tablo, in Farben, niedrigwachsend","hasImage":false},"fields":{"sec_469d77063dd095":{"extra":{"key":"sec_469d77063dd095","section_id":"sec_469d77063dd095","name":"Default","status":1,"cl_rule":"show","enableCl":false,"relations":[],"toggle":true,"title_tag":"h3","show_title":false,"showPrice":"default","form_id":245222,"form_rules":{"exclude_from_discount":false,"fee_label":"Steuer","disp_hide_options_price":false,"disp_show_section_price":false,"disp_show_field_price":true,"layout_option":"standard","pric_use_as_fee":false,"process_fee_as":"woo_fee"},"layout_option":"standard"},"fields":[[{"type":"textarea","elementId":"wcpa-textarea-1608033486494","label":"zus. W\u00fcnsche (Farbe, Form o.\u00e4.)","description":"","desc_type":true,"pricingType":"fixed","rows":"2","className":"form-control","name":"textarea-1608033486494","cl_rule":"show","col":6,"relations":false,"active":true,"tooltip":"Hier k\u00f6nnen Sie, falls der Artikel nicht eindeutig ist, Ihre W\u00fcnsche eintragen. Im Zweifelsfall lassen Sie dieses Feld einfach leer.","gt_translate_keys":["label","description","tooltip"],"price_dependency":false,"cl_dependency":false,"value":""}]]}},"config":{"price_override":"","enable_recaptcha":false,"bind_quantity":false,"quantity_bind_formula":false,"disp_summ_show_option_price":true,"disp_summ_show_product_price":true,"disp_summ_show_total_price":true,"disp_summ_show_fee":false,"disp_summ_show_discount":false,"summary_title":"","options_total_label":"ausgew\u00e4hlter Preis","total_label":"Komplett","options_product_label":"Produkt Preis","fee_label":"Steuer","discount_label":"Discount","has_price":true,"has_quantity_formula":false},"mc_unit":1,"tax_rate":1,"tax_rate_real":0.07,"discount":{"percentage":0,"fixed":0},"design":{"conf":{"LabelPosition":"above","DescPosition":"above","UploadField":"custom_1","QuantityFieldStyle":"default"},"css":{"LeftLabelWidth":"120px"}},"formulas":[],"lookuptables":[],"clones":false,"cartKey":false}},"_links":{"self":[{"href":"https:\/\/www.blumen-schwarz.de\/aktuell\/wp-json\/wp\/v2\/product\/265218","targetHints":{"allow":["GET"]}}],"collection":[{"href":"https:\/\/www.blumen-schwarz.de\/aktuell\/wp-json\/wp\/v2\/product"}],"about":[{"href":"https:\/\/www.blumen-schwarz.de\/aktuell\/wp-json\/wp\/v2\/types\/product"}],"replies":[{"embeddable":true,"href":"https:\/\/www.blumen-schwarz.de\/aktuell\/wp-json\/wp\/v2\/comments?post=265218"}],"wp:featuredmedia":[{"embeddable":true,"href":"https:\/\/www.blumen-schwarz.de\/aktuell\/wp-json\/wp\/v2\/media\/243029"}],"wp:attachment":[{"href":"https:\/\/www.blumen-schwarz.de\/aktuell\/wp-json\/wp\/v2\/media?parent=265218"}],"wp:term":[{"taxonomy":"product_brand","embeddable":true,"href":"https:\/\/www.blumen-schwarz.de\/aktuell\/wp-json\/wp\/v2\/product_brand?post=265218"},{"taxonomy":"product_cat","embeddable":true,"href":"https:\/\/www.blumen-schwarz.de\/aktuell\/wp-json\/wp\/v2\/product_cat?post=265218"},{"taxonomy":"product_tag","embeddable":true,"href":"https:\/\/www.blumen-schwarz.de\/aktuell\/wp-json\/wp\/v2\/product_tag?post=265218"}],"curies":[{"name":"wp","href":"https:\/\/api.w.org\/{rel}","templated":true}]}}