{"id":265045,"date":"2026-03-13T14:34:26","date_gmt":"2022-05-04T10:07:13","guid":{"rendered":"https:\/\/www.blumen-schwarz.de\/aktuell\/produkt\/scabiosa-cauc-skabiose\/"},"modified":"2026-03-13T14:34:27","modified_gmt":"2026-03-13T13:34:27","slug":"scabiosa-cauc-skabiose","status":"publish","type":"product","link":"https:\/\/www.blumen-schwarz.de\/aktuell\/produkt\/scabiosa-cauc-skabiose\/","title":{"rendered":"Scabiosa cauc., Skabiose"},"content":{"rendered":"<p>Skabiose<br \/>Scabiosa caucasica Fama Deep Blue<br \/>Dipsacaceae<br \/>Bl\u00fcte: sch\u00f6nes blau mit wei\u00df, Juni - Juli<br \/> Wuchsh\u00f6he: 50 cm<br \/> Standort: Sonne<br \/> Sonstiges: bl\u00fcht oft ein zweites Mal im Sp\u00e4tsommer<br \/> dauerhafte dekorative Staude, schnittgeeignet<\/p>\n","protected":false},"excerpt":{"rendered":"<p> _ _ _ <\/p>\n","protected":false},"featured_media":285534,"comment_status":"open","ping_status":"closed","template":"","meta":{"inline_featured_image":false},"product_brand":[],"product_cat":[1258,1402],"product_tag":[1819,1557,1849,1507],"class_list":{"0":"post-265045","1":"product","2":"type-product","3":"status-publish","4":"has-post-thumbnail","6":"product_cat-pflanzen","7":"product_cat-stauden","8":"product_tag-biene","9":"product_tag-halbschatten","10":"product_tag-sonne","11":"product_tag-staude","12":"thunk-woo-product-list","13":"open-woo-hover-zoom","14":"open-single-product-tab-horizontal","15":"open-shadow-","16":"open-shadow-hover-","17":"wcpa_has_options","19":"first","20":"instock","21":"taxable","22":"shipping-taxable","23":"purchasable","24":"product-type-simple"},"wcpa_form_fields":{"wcpaData":{"product":{"product_price":5.51,"price_html":"<span class=\"woocommerce-Price-amount amount\"><bdi>5,51&nbsp;<span class=\"woocommerce-Price-currencySymbol\">&euro;<\/span><\/bdi><\/span>","original_product_price":5.51,"price_including_tax":5.51,"price_excluding_tax":5.149533,"product_id":{"parent":265045,"variation":false},"is_variable":false,"stock_status":"instock","stock_quantity":16,"parent_sku":"835091451","product_attributes":[],"custom_fields":[],"is_taxable":true,"product_name":"Scabiosa cauc., Skabiose","hasImage":false},"fields":{"sec_76a03540c28ef4":{"extra":{"key":"sec_76a03540c28ef4","section_id":"sec_76a03540c28ef4","name":"Default","status":1,"cl_rule":"show","enableCl":false,"relations":[],"toggle":true,"title_tag":"h3","show_title":false,"showPrice":"default","form_id":245222,"form_rules":{"exclude_from_discount":false,"fee_label":"Steuer","disp_hide_options_price":false,"disp_show_section_price":false,"disp_show_field_price":true,"layout_option":"standard","pric_use_as_fee":false,"process_fee_as":"woo_fee"},"layout_option":"standard"},"fields":[[{"type":"textarea","elementId":"wcpa-textarea-1608033486494","label":"zus. W\u00fcnsche (Farbe, Form o.\u00e4.)","description":"","desc_type":true,"pricingType":"fixed","rows":"2","className":"form-control","name":"textarea-1608033486494","cl_rule":"show","col":6,"relations":false,"active":true,"tooltip":"Hier k\u00f6nnen Sie, falls der Artikel nicht eindeutig ist, Ihre W\u00fcnsche eintragen. Im Zweifelsfall lassen Sie dieses Feld einfach leer.","gt_translate_keys":["label","description","tooltip"],"price_dependency":false,"cl_dependency":false,"value":""}]]}},"config":{"price_override":"","enable_recaptcha":false,"bind_quantity":false,"quantity_bind_formula":false,"disp_summ_show_option_price":true,"disp_summ_show_product_price":true,"disp_summ_show_total_price":true,"disp_summ_show_fee":false,"disp_summ_show_discount":false,"summary_title":"","options_total_label":"ausgew\u00e4hlter Preis","total_label":"Komplett","options_product_label":"Produkt Preis","fee_label":"Steuer","discount_label":"Discount","has_price":true,"has_quantity_formula":false},"mc_unit":1,"tax_rate":1,"tax_rate_real":0.07,"discount":{"percentage":0,"fixed":0},"design":{"conf":{"LabelPosition":"above","DescPosition":"above","UploadField":"custom_1","QuantityFieldStyle":"default"},"css":{"LeftLabelWidth":"120px"}},"formulas":[],"lookuptables":[],"clones":false,"cartKey":false}},"_links":{"self":[{"href":"https:\/\/www.blumen-schwarz.de\/aktuell\/wp-json\/wp\/v2\/product\/265045","targetHints":{"allow":["GET"]}}],"collection":[{"href":"https:\/\/www.blumen-schwarz.de\/aktuell\/wp-json\/wp\/v2\/product"}],"about":[{"href":"https:\/\/www.blumen-schwarz.de\/aktuell\/wp-json\/wp\/v2\/types\/product"}],"replies":[{"embeddable":true,"href":"https:\/\/www.blumen-schwarz.de\/aktuell\/wp-json\/wp\/v2\/comments?post=265045"}],"wp:featuredmedia":[{"embeddable":true,"href":"https:\/\/www.blumen-schwarz.de\/aktuell\/wp-json\/wp\/v2\/media\/285534"}],"wp:attachment":[{"href":"https:\/\/www.blumen-schwarz.de\/aktuell\/wp-json\/wp\/v2\/media?parent=265045"}],"wp:term":[{"taxonomy":"product_brand","embeddable":true,"href":"https:\/\/www.blumen-schwarz.de\/aktuell\/wp-json\/wp\/v2\/product_brand?post=265045"},{"taxonomy":"product_cat","embeddable":true,"href":"https:\/\/www.blumen-schwarz.de\/aktuell\/wp-json\/wp\/v2\/product_cat?post=265045"},{"taxonomy":"product_tag","embeddable":true,"href":"https:\/\/www.blumen-schwarz.de\/aktuell\/wp-json\/wp\/v2\/product_tag?post=265045"}],"curies":[{"name":"wp","href":"https:\/\/api.w.org\/{rel}","templated":true}]}}