{"id":265007,"date":"2026-04-20T15:30:01","date_gmt":"2022-05-03T06:17:16","guid":{"rendered":"https:\/\/www.blumen-schwarz.de\/aktuell\/produkt\/cucurbita-pepo-ultra-f1-grossfruchtiger-butternut-kuerbis\/"},"modified":"2026-04-20T15:30:02","modified_gmt":"2026-04-20T13:30:02","slug":"cucurbita-pepo-ultra-f1-grossfruchtiger-butternut-kuerbis","status":"publish","type":"product","link":"https:\/\/www.blumen-schwarz.de\/aktuell\/produkt\/cucurbita-pepo-ultra-f1-grossfruchtiger-butternut-kuerbis\/","title":{"rendered":"Cucurbita pepo Ultra F1 - Gro\u00dffruchtiger Butternut-K\u00fcrbis"},"content":{"rendered":"<p>Butternut-K\u00fcrbis<br \/>Cucurbita pepo Ultra F1<\/p>\n<p>Gro\u00dffr\u00fcchtiger Butternut mit l\u00e4nglichen, leicht gebogenen Fr\u00fcchten<br \/> Kr\u00e4ftig wachsend und mittelsp\u00e4t in der Abreife<br \/> Fruchtgewicht von 4-5 kg, ideal f\u00fcr die Verarbeitung <\/p>\n","protected":false},"excerpt":{"rendered":"<br \/>\n","protected":false},"featured_media":238590,"comment_status":"open","ping_status":"closed","template":"","meta":{"inline_featured_image":false},"product_brand":[],"product_cat":[1400,1258],"product_tag":[1971,1970,1566,1462,1756],"class_list":{"0":"post-265007","1":"product","2":"type-product","3":"status-publish","4":"has-post-thumbnail","6":"product_cat-gemuese-kraeuter","7":"product_cat-pflanzen","8":"product_tag-butternut","9":"product_tag-cucurbita","10":"product_tag-frucht","11":"product_tag-gemuese","12":"product_tag-kuerbis","13":"thunk-woo-product-list","14":"open-woo-hover-zoom","15":"open-single-product-tab-horizontal","16":"open-shadow-","17":"open-shadow-hover-","18":"wcpa_has_options","20":"first","21":"instock","22":"taxable","23":"shipping-taxable","24":"purchasable","25":"product-type-simple"},"wcpa_form_fields":{"wcpaData":{"product":{"product_price":2.89,"price_html":"<span class=\"woocommerce-Price-amount amount\"><bdi>2,89&nbsp;<span class=\"woocommerce-Price-currencySymbol\">&euro;<\/span><\/bdi><\/span>","original_product_price":2.89,"price_including_tax":2.89,"price_excluding_tax":2.7009350000000003,"product_id":{"parent":265007,"variation":false},"is_variable":false,"stock_status":"instock","stock_quantity":30,"parent_sku":"8350922744","product_attributes":[],"custom_fields":[],"is_taxable":true,"product_name":"Cucurbita pepo Ultra F1 - Gro\u00dffruchtiger Butternut-K\u00fcrbis","hasImage":false},"fields":{"sec_869e81fc2a9d83":{"extra":{"key":"sec_869e81fc2a9d83","section_id":"sec_869e81fc2a9d83","name":"Default","status":1,"cl_rule":"show","enableCl":false,"relations":[],"toggle":true,"title_tag":"h3","show_title":false,"showPrice":"default","form_id":245222,"form_rules":{"exclude_from_discount":false,"fee_label":"Steuer","disp_hide_options_price":false,"disp_show_section_price":false,"disp_show_field_price":true,"layout_option":"standard","pric_use_as_fee":false,"process_fee_as":"woo_fee"},"layout_option":"standard"},"fields":[[{"type":"textarea","elementId":"wcpa-textarea-1608033486494","label":"zus. W\u00fcnsche (Farbe, Form o.\u00e4.)","description":"","desc_type":true,"pricingType":"fixed","rows":"2","className":"form-control","name":"textarea-1608033486494","cl_rule":"show","col":6,"relations":false,"active":true,"tooltip":"Hier k\u00f6nnen Sie, falls der Artikel nicht eindeutig ist, Ihre W\u00fcnsche eintragen. Im Zweifelsfall lassen Sie dieses Feld einfach leer.","gt_translate_keys":["label","description","tooltip"],"price_dependency":false,"cl_dependency":false,"value":""}]]}},"config":{"price_override":"","enable_recaptcha":false,"bind_quantity":false,"quantity_bind_formula":false,"disp_summ_show_option_price":true,"disp_summ_show_product_price":true,"disp_summ_show_total_price":true,"disp_summ_show_fee":false,"disp_summ_show_discount":false,"summary_title":"","options_total_label":"ausgew\u00e4hlter Preis","total_label":"Komplett","options_product_label":"Produkt Preis","fee_label":"Steuer","discount_label":"Discount","has_price":true,"has_quantity_formula":false},"mc_unit":1,"tax_rate":1,"tax_rate_real":0.07,"discount":{"percentage":0,"fixed":0},"design":{"conf":{"LabelPosition":"above","DescPosition":"above","UploadField":"custom_1","QuantityFieldStyle":"default"},"css":{"LeftLabelWidth":"120px"}},"formulas":[],"lookuptables":[],"clones":false,"cartKey":false}},"_links":{"self":[{"href":"https:\/\/www.blumen-schwarz.de\/aktuell\/wp-json\/wp\/v2\/product\/265007","targetHints":{"allow":["GET"]}}],"collection":[{"href":"https:\/\/www.blumen-schwarz.de\/aktuell\/wp-json\/wp\/v2\/product"}],"about":[{"href":"https:\/\/www.blumen-schwarz.de\/aktuell\/wp-json\/wp\/v2\/types\/product"}],"replies":[{"embeddable":true,"href":"https:\/\/www.blumen-schwarz.de\/aktuell\/wp-json\/wp\/v2\/comments?post=265007"}],"wp:featuredmedia":[{"embeddable":true,"href":"https:\/\/www.blumen-schwarz.de\/aktuell\/wp-json\/wp\/v2\/media\/238590"}],"wp:attachment":[{"href":"https:\/\/www.blumen-schwarz.de\/aktuell\/wp-json\/wp\/v2\/media?parent=265007"}],"wp:term":[{"taxonomy":"product_brand","embeddable":true,"href":"https:\/\/www.blumen-schwarz.de\/aktuell\/wp-json\/wp\/v2\/product_brand?post=265007"},{"taxonomy":"product_cat","embeddable":true,"href":"https:\/\/www.blumen-schwarz.de\/aktuell\/wp-json\/wp\/v2\/product_cat?post=265007"},{"taxonomy":"product_tag","embeddable":true,"href":"https:\/\/www.blumen-schwarz.de\/aktuell\/wp-json\/wp\/v2\/product_tag?post=265007"}],"curies":[{"name":"wp","href":"https:\/\/api.w.org\/{rel}","templated":true}]}}