{"id":265006,"date":"2026-04-20T15:26:48","date_gmt":"2022-05-03T06:17:06","guid":{"rendered":"https:\/\/www.blumen-schwarz.de\/aktuell\/produkt\/cucurbita-maxima-sunshine-f1-speise-kuerbis\/"},"modified":"2026-04-20T15:26:49","modified_gmt":"2026-04-20T13:26:49","slug":"cucurbita-maxima-sunshine-f1-speise-kuerbis","status":"publish","type":"product","link":"https:\/\/www.blumen-schwarz.de\/aktuell\/produkt\/cucurbita-maxima-sunshine-f1-speise-kuerbis\/","title":{"rendered":"Cucurbita maxima Sunshine F1 - Speise-K\u00fcrbis"},"content":{"rendered":"<p>Hokaito K\u00fcrbis<br \/>Cucurbita maxima Sunshine<\/p>\n<p>Flachrunde Fr\u00fcchte mit leuchtender, rotoranger Schale<br \/> Au\u00dfergew\u00f6hnlich s\u00fc\u00dfes, st\u00e4rkereiches Fruchtfleisch<br \/> Mit der All-America-Selection-Medaille ausgezeichnete Sorte<br \/> Mittelfr\u00fch reifend und verh\u00e4ltnism\u00e4\u00dfig kurze Triebe bildend<br \/> Fruchtgewicht ca. 1,5-2 kg <\/p>\n","protected":false},"excerpt":{"rendered":"<br \/>\n","protected":false},"featured_media":238588,"comment_status":"open","ping_status":"closed","template":"","meta":{"inline_featured_image":false},"product_brand":[],"product_cat":[1400,1258],"product_tag":[1970,1566,1462,1756],"class_list":{"0":"post-265006","1":"product","2":"type-product","3":"status-publish","4":"has-post-thumbnail","6":"product_cat-gemuese-kraeuter","7":"product_cat-pflanzen","8":"product_tag-cucurbita","9":"product_tag-frucht","10":"product_tag-gemuese","11":"product_tag-kuerbis","12":"thunk-woo-product-list","13":"open-woo-hover-zoom","14":"open-single-product-tab-horizontal","15":"open-shadow-","16":"open-shadow-hover-","17":"wcpa_has_options","19":"first","20":"instock","21":"taxable","22":"shipping-taxable","23":"purchasable","24":"product-type-simple"},"wcpa_form_fields":{"wcpaData":{"product":{"product_price":2.89,"price_html":"<span class=\"woocommerce-Price-amount amount\"><bdi>2,89&nbsp;<span class=\"woocommerce-Price-currencySymbol\">&euro;<\/span><\/bdi><\/span>","original_product_price":2.89,"price_including_tax":2.89,"price_excluding_tax":2.7009350000000003,"product_id":{"parent":265006,"variation":false},"is_variable":false,"stock_status":"instock","stock_quantity":60,"parent_sku":"8350922743","product_attributes":[],"custom_fields":[],"is_taxable":true,"product_name":"Cucurbita maxima Sunshine F1 - Speise-K\u00fcrbis","hasImage":false},"fields":{"sec_069e789d253638":{"extra":{"key":"sec_069e789d253638","section_id":"sec_069e789d253638","name":"Default","status":1,"cl_rule":"show","enableCl":false,"relations":[],"toggle":true,"title_tag":"h3","show_title":false,"showPrice":"default","form_id":245222,"form_rules":{"exclude_from_discount":false,"fee_label":"Steuer","disp_hide_options_price":false,"disp_show_section_price":false,"disp_show_field_price":true,"layout_option":"standard","pric_use_as_fee":false,"process_fee_as":"woo_fee"},"layout_option":"standard"},"fields":[[{"type":"textarea","elementId":"wcpa-textarea-1608033486494","label":"zus. W\u00fcnsche (Farbe, Form o.\u00e4.)","description":"","desc_type":true,"pricingType":"fixed","rows":"2","className":"form-control","name":"textarea-1608033486494","cl_rule":"show","col":6,"relations":false,"active":true,"tooltip":"Hier k\u00f6nnen Sie, falls der Artikel nicht eindeutig ist, Ihre W\u00fcnsche eintragen. Im Zweifelsfall lassen Sie dieses Feld einfach leer.","gt_translate_keys":["label","description","tooltip"],"price_dependency":false,"cl_dependency":false,"value":""}]]}},"config":{"price_override":"","enable_recaptcha":false,"bind_quantity":false,"quantity_bind_formula":false,"disp_summ_show_option_price":true,"disp_summ_show_product_price":true,"disp_summ_show_total_price":true,"disp_summ_show_fee":false,"disp_summ_show_discount":false,"summary_title":"","options_total_label":"ausgew\u00e4hlter Preis","total_label":"Komplett","options_product_label":"Produkt Preis","fee_label":"Steuer","discount_label":"Discount","has_price":true,"has_quantity_formula":false},"mc_unit":1,"tax_rate":1,"tax_rate_real":0.07,"discount":{"percentage":0,"fixed":0},"design":{"conf":{"LabelPosition":"above","DescPosition":"above","UploadField":"custom_1","QuantityFieldStyle":"default"},"css":{"LeftLabelWidth":"120px"}},"formulas":[],"lookuptables":[],"clones":false,"cartKey":false}},"_links":{"self":[{"href":"https:\/\/www.blumen-schwarz.de\/aktuell\/wp-json\/wp\/v2\/product\/265006","targetHints":{"allow":["GET"]}}],"collection":[{"href":"https:\/\/www.blumen-schwarz.de\/aktuell\/wp-json\/wp\/v2\/product"}],"about":[{"href":"https:\/\/www.blumen-schwarz.de\/aktuell\/wp-json\/wp\/v2\/types\/product"}],"replies":[{"embeddable":true,"href":"https:\/\/www.blumen-schwarz.de\/aktuell\/wp-json\/wp\/v2\/comments?post=265006"}],"wp:featuredmedia":[{"embeddable":true,"href":"https:\/\/www.blumen-schwarz.de\/aktuell\/wp-json\/wp\/v2\/media\/238588"}],"wp:attachment":[{"href":"https:\/\/www.blumen-schwarz.de\/aktuell\/wp-json\/wp\/v2\/media?parent=265006"}],"wp:term":[{"taxonomy":"product_brand","embeddable":true,"href":"https:\/\/www.blumen-schwarz.de\/aktuell\/wp-json\/wp\/v2\/product_brand?post=265006"},{"taxonomy":"product_cat","embeddable":true,"href":"https:\/\/www.blumen-schwarz.de\/aktuell\/wp-json\/wp\/v2\/product_cat?post=265006"},{"taxonomy":"product_tag","embeddable":true,"href":"https:\/\/www.blumen-schwarz.de\/aktuell\/wp-json\/wp\/v2\/product_tag?post=265006"}],"curies":[{"name":"wp","href":"https:\/\/api.w.org\/{rel}","templated":true}]}}