{"id":264698,"date":"2026-05-13T12:24:00","date_gmt":"2022-04-20T09:46:24","guid":{"rendered":"https:\/\/www.blumen-schwarz.de\/aktuell\/produkt\/rosmarinus-abraxas-rosmarin\/"},"modified":"2026-05-13T12:24:02","modified_gmt":"2026-05-13T10:24:02","slug":"rosmarinus-abraxas-rosmarin","status":"publish","type":"product","link":"https:\/\/www.blumen-schwarz.de\/aktuell\/produkt\/rosmarinus-abraxas-rosmarin\/","title":{"rendered":"Rosmarinus AbraxMaxx, Gew\u00fcrz-Rosmarin"},"content":{"rendered":"<p>Gourmetrosmarin<br \/>Rosmarinus officinalis AbraxMaxx<br \/>Labiatae<br \/>Aufrecht wachsend mit violetten Bl\u00fcten.<br \/> Standort: Sonnig. Triebe ca. 30-50cm lang<br \/> Gedeiht gut im K\u00fcbel; hell, k\u00fchl (frostfrei) \u00fcberwintern<br \/> Wichtig: Durchl\u00e4ssiges Substrat u. ausreichend D\u00fcnger <\/p>\n","protected":false},"excerpt":{"rendered":"<p> Jungpflanzen aus BIO Anzucht (DE-\u00d6KO-013) - Weiterkultur chemiefrei ohne Biozertifizierung bei uns im Betrieb<\/p>\n","protected":false},"featured_media":237452,"comment_status":"open","ping_status":"closed","template":"","meta":{"inline_featured_image":false},"product_brand":[],"product_cat":[1400,1258],"product_tag":[1477],"class_list":{"0":"post-264698","1":"product","2":"type-product","3":"status-publish","4":"has-post-thumbnail","6":"product_cat-gemuese-kraeuter","7":"product_cat-pflanzen","8":"product_tag-kraeuter","9":"thunk-woo-product-list","10":"open-woo-hover-zoom","11":"open-single-product-tab-horizontal","12":"open-shadow-","13":"open-shadow-hover-","14":"wcpa_has_options","16":"first","17":"instock","18":"taxable","19":"shipping-taxable","20":"purchasable","21":"product-type-simple"},"wcpa_form_fields":{"wcpaData":{"product":{"product_price":4.99,"price_html":"<span class=\"woocommerce-Price-amount amount\"><bdi>4,99&nbsp;<span class=\"woocommerce-Price-currencySymbol\">&euro;<\/span><\/bdi><\/span>","original_product_price":4.99,"price_including_tax":4.99,"price_excluding_tax":4.663551,"product_id":{"parent":264698,"variation":false},"is_variable":false,"stock_status":"instock","stock_quantity":250,"parent_sku":"4051451201399","product_attributes":[],"custom_fields":[],"is_taxable":true,"product_name":"Rosmarinus AbraxMaxx, Gew\u00fcrz-Rosmarin","hasImage":false},"fields":{"sec_56a0334d9c91c3":{"extra":{"key":"sec_56a0334d9c91c3","section_id":"sec_56a0334d9c91c3","name":"Default","status":1,"cl_rule":"show","enableCl":false,"relations":[],"toggle":true,"title_tag":"h3","show_title":false,"showPrice":"default","form_id":245222,"form_rules":{"exclude_from_discount":false,"fee_label":"Steuer","disp_hide_options_price":false,"disp_show_section_price":false,"disp_show_field_price":true,"layout_option":"standard","pric_use_as_fee":false,"process_fee_as":"woo_fee"},"layout_option":"standard"},"fields":[[{"type":"textarea","elementId":"wcpa-textarea-1608033486494","label":"zus. W\u00fcnsche (Farbe, Form o.\u00e4.)","description":"","desc_type":true,"pricingType":"fixed","rows":"2","className":"form-control","name":"textarea-1608033486494","cl_rule":"show","col":6,"relations":false,"active":true,"tooltip":"Hier k\u00f6nnen Sie, falls der Artikel nicht eindeutig ist, Ihre W\u00fcnsche eintragen. Im Zweifelsfall lassen Sie dieses Feld einfach leer.","gt_translate_keys":["label","description","tooltip"],"price_dependency":false,"cl_dependency":false,"value":""}]]}},"config":{"price_override":"","enable_recaptcha":false,"bind_quantity":false,"quantity_bind_formula":false,"disp_summ_show_option_price":true,"disp_summ_show_product_price":true,"disp_summ_show_total_price":true,"disp_summ_show_fee":false,"disp_summ_show_discount":false,"summary_title":"","options_total_label":"ausgew\u00e4hlter Preis","total_label":"Komplett","options_product_label":"Produkt Preis","fee_label":"Steuer","discount_label":"Discount","has_price":true,"has_quantity_formula":false},"mc_unit":1,"tax_rate":1,"tax_rate_real":0.07,"discount":{"percentage":0,"fixed":0},"design":{"conf":{"LabelPosition":"above","DescPosition":"above","UploadField":"custom_1","QuantityFieldStyle":"default"},"css":{"LeftLabelWidth":"120px"}},"formulas":[],"lookuptables":[],"clones":false,"cartKey":false}},"_links":{"self":[{"href":"https:\/\/www.blumen-schwarz.de\/aktuell\/wp-json\/wp\/v2\/product\/264698","targetHints":{"allow":["GET"]}}],"collection":[{"href":"https:\/\/www.blumen-schwarz.de\/aktuell\/wp-json\/wp\/v2\/product"}],"about":[{"href":"https:\/\/www.blumen-schwarz.de\/aktuell\/wp-json\/wp\/v2\/types\/product"}],"replies":[{"embeddable":true,"href":"https:\/\/www.blumen-schwarz.de\/aktuell\/wp-json\/wp\/v2\/comments?post=264698"}],"wp:featuredmedia":[{"embeddable":true,"href":"https:\/\/www.blumen-schwarz.de\/aktuell\/wp-json\/wp\/v2\/media\/237452"}],"wp:attachment":[{"href":"https:\/\/www.blumen-schwarz.de\/aktuell\/wp-json\/wp\/v2\/media?parent=264698"}],"wp:term":[{"taxonomy":"product_brand","embeddable":true,"href":"https:\/\/www.blumen-schwarz.de\/aktuell\/wp-json\/wp\/v2\/product_brand?post=264698"},{"taxonomy":"product_cat","embeddable":true,"href":"https:\/\/www.blumen-schwarz.de\/aktuell\/wp-json\/wp\/v2\/product_cat?post=264698"},{"taxonomy":"product_tag","embeddable":true,"href":"https:\/\/www.blumen-schwarz.de\/aktuell\/wp-json\/wp\/v2\/product_tag?post=264698"}],"curies":[{"name":"wp","href":"https:\/\/api.w.org\/{rel}","templated":true}]}}