{"id":264115,"date":"2023-05-05T16:59:07","date_gmt":"2022-03-29T07:28:03","guid":{"rendered":"https:\/\/www.blumen-schwarz.de\/aktuell\/produkt\/solanum-jasm-busch-t12\/"},"modified":"2023-05-05T16:59:08","modified_gmt":"2023-05-05T14:59:08","slug":"solanum-jasm-busch-t12","status":"publish","type":"product","link":"https:\/\/www.blumen-schwarz.de\/aktuell\/produkt\/solanum-jasm-busch-t12\/","title":{"rendered":"Solanum jasm., Busch"},"content":{"rendered":"<p>wei\u00dfer Jasmin<br \/>Solanum jasminoides<br \/>Solanaceae<br \/>Bl\u00fcte: wei\u00df, dauerbl\u00fchend<br \/> Wuchsh\u00f6he: h\u00e4ngend bis 70 cm<br \/> Standort: Sonne - Halbschatten<br \/> Sonstiges: gut gie\u00dfen und gut d\u00fcngen<br \/> Achtung: Wir verkaufen ungestauchte Pflanzen, d.h. der Jasmin macht wirklich lange Triebe und bl\u00fcht etwas weniger. Daf\u00fcr bekommen Sie H\u00e4ngepflanzen, die leicht 1m oder mehr herunterwachsen.<\/p>\n","protected":false},"excerpt":{"rendered":"<br \/>\n","protected":false},"featured_media":237495,"comment_status":"open","ping_status":"closed","template":"","meta":{"inline_featured_image":false},"product_brand":[],"product_cat":[1258,1728],"product_tag":[2074,1841,1907,1849,1848,1378],"class_list":{"0":"post-264115","1":"product","2":"type-product","3":"status-publish","4":"has-post-thumbnail","6":"product_cat-pflanzen","7":"product_cat-sommersortiment","8":"product_tag-haenge","9":"product_tag-haengepflanze","10":"product_tag-jasmin","11":"product_tag-sonne","12":"product_tag-starkwachsend","13":"product_tag-weiss","14":"thunk-woo-product-list","15":"open-woo-hover-zoom","16":"open-single-product-tab-horizontal","17":"open-shadow-","18":"open-shadow-hover-","19":"wcpa_has_options","21":"first","22":"outofstock","23":"taxable","24":"shipping-taxable","25":"purchasable","26":"product-type-simple"},"wcpa_form_fields":{"wcpaData":{"product":{"product_price":4.59,"price_html":"<span class=\"woocommerce-Price-amount amount\"><bdi>4,59&nbsp;<span class=\"woocommerce-Price-currencySymbol\">&euro;<\/span><\/bdi><\/span>","original_product_price":4.59,"price_including_tax":4.59,"price_excluding_tax":4.28972,"product_id":{"parent":264115,"variation":false},"is_variable":false,"stock_status":"outofstock","stock_quantity":0,"parent_sku":"3021","product_attributes":[],"custom_fields":[],"is_taxable":true,"product_name":"Solanum jasm., Busch","hasImage":false},"fields":{"sec_369d0aa7a3a7d2":{"extra":{"key":"sec_369d0aa7a3a7d2","section_id":"sec_369d0aa7a3a7d2","name":"Default","status":1,"cl_rule":"show","enableCl":false,"relations":[],"toggle":true,"title_tag":"h3","show_title":false,"showPrice":"default","form_id":245222,"form_rules":{"exclude_from_discount":false,"fee_label":"Steuer","disp_hide_options_price":false,"disp_show_section_price":false,"disp_show_field_price":true,"layout_option":"standard","pric_use_as_fee":false,"process_fee_as":"woo_fee"},"layout_option":"standard"},"fields":[[{"type":"textarea","elementId":"wcpa-textarea-1608033486494","label":"zus. W\u00fcnsche (Farbe, Form o.\u00e4.)","description":"","desc_type":true,"pricingType":"fixed","rows":"2","className":"form-control","name":"textarea-1608033486494","cl_rule":"show","col":6,"relations":false,"active":true,"tooltip":"Hier k\u00f6nnen Sie, falls der Artikel nicht eindeutig ist, Ihre W\u00fcnsche eintragen. Im Zweifelsfall lassen Sie dieses Feld einfach leer.","gt_translate_keys":["label","description","tooltip"],"price_dependency":false,"cl_dependency":false,"value":""}]]}},"config":{"price_override":"","enable_recaptcha":false,"bind_quantity":false,"quantity_bind_formula":false,"disp_summ_show_option_price":true,"disp_summ_show_product_price":true,"disp_summ_show_total_price":true,"disp_summ_show_fee":false,"disp_summ_show_discount":false,"summary_title":"","options_total_label":"ausgew\u00e4hlter Preis","total_label":"Komplett","options_product_label":"Produkt Preis","fee_label":"Steuer","discount_label":"Discount","has_price":true,"has_quantity_formula":false},"mc_unit":1,"tax_rate":1,"tax_rate_real":0.07,"discount":{"percentage":0,"fixed":0},"design":{"conf":{"LabelPosition":"above","DescPosition":"above","UploadField":"custom_1","QuantityFieldStyle":"default"},"css":{"LeftLabelWidth":"120px"}},"formulas":[],"lookuptables":[],"clones":false,"cartKey":false}},"_links":{"self":[{"href":"https:\/\/www.blumen-schwarz.de\/aktuell\/wp-json\/wp\/v2\/product\/264115","targetHints":{"allow":["GET"]}}],"collection":[{"href":"https:\/\/www.blumen-schwarz.de\/aktuell\/wp-json\/wp\/v2\/product"}],"about":[{"href":"https:\/\/www.blumen-schwarz.de\/aktuell\/wp-json\/wp\/v2\/types\/product"}],"replies":[{"embeddable":true,"href":"https:\/\/www.blumen-schwarz.de\/aktuell\/wp-json\/wp\/v2\/comments?post=264115"}],"wp:featuredmedia":[{"embeddable":true,"href":"https:\/\/www.blumen-schwarz.de\/aktuell\/wp-json\/wp\/v2\/media\/237495"}],"wp:attachment":[{"href":"https:\/\/www.blumen-schwarz.de\/aktuell\/wp-json\/wp\/v2\/media?parent=264115"}],"wp:term":[{"taxonomy":"product_brand","embeddable":true,"href":"https:\/\/www.blumen-schwarz.de\/aktuell\/wp-json\/wp\/v2\/product_brand?post=264115"},{"taxonomy":"product_cat","embeddable":true,"href":"https:\/\/www.blumen-schwarz.de\/aktuell\/wp-json\/wp\/v2\/product_cat?post=264115"},{"taxonomy":"product_tag","embeddable":true,"href":"https:\/\/www.blumen-schwarz.de\/aktuell\/wp-json\/wp\/v2\/product_tag?post=264115"}],"curies":[{"name":"wp","href":"https:\/\/api.w.org\/{rel}","templated":true}]}}