{"id":264085,"date":"2025-07-08T13:27:04","date_gmt":"2022-03-29T07:19:50","guid":{"rendered":"https:\/\/www.blumen-schwarz.de\/aktuell\/produkt\/lobularia-princess-in-purple-violettes-steinkraut\/"},"modified":"2025-07-08T13:27:05","modified_gmt":"2025-07-08T11:27:05","slug":"lobularia-princess-in-purple-violettes-steinkraut","status":"publish","type":"product","link":"https:\/\/www.blumen-schwarz.de\/aktuell\/produkt\/lobularia-princess-in-purple-violettes-steinkraut\/","title":{"rendered":"Lobularia Princess in Purple, violettes Steinkraut"},"content":{"rendered":"<p>Steinkraut<br \/>Lobulara maritima Princess in Purple<br \/>Brassicaceae<br \/>Bl\u00fcte: rosa<br \/> Wuchsh\u00f6he: ca. 40 cm h\u00e4ngend,<br \/> Standort: Sonne - Halbschatten<br \/> Sonstiges: dankbarer Bl\u00fcher, der sich wunderbar<br \/> als s\u00fc\u00dfer L\u00fcckenf\u00fcller eignet, w\u00e4chst kissenartig<\/p>\n","protected":false},"excerpt":{"rendered":"<br \/>\n","protected":false},"featured_media":237317,"comment_status":"open","ping_status":"closed","template":"","meta":{"inline_featured_image":false},"product_brand":[],"product_cat":[1258,1728],"product_tag":[1819,1841,1849,1884],"class_list":{"0":"post-264085","1":"product","2":"type-product","3":"status-publish","4":"has-post-thumbnail","6":"product_cat-pflanzen","7":"product_cat-sommersortiment","8":"product_tag-biene","9":"product_tag-haengepflanze","10":"product_tag-sonne","11":"product_tag-steinkraut","12":"thunk-woo-product-list","13":"open-woo-hover-zoom","14":"open-single-product-tab-horizontal","15":"open-shadow-","16":"open-shadow-hover-","17":"wcpa_has_options","19":"first","20":"outofstock","21":"taxable","22":"shipping-taxable","23":"purchasable","24":"product-type-simple"},"wcpa_form_fields":{"wcpaData":{"product":{"product_price":3.89,"price_html":"<span class=\"woocommerce-Price-amount amount\"><bdi>3,89&nbsp;<span class=\"woocommerce-Price-currencySymbol\">&euro;<\/span><\/bdi><\/span>","original_product_price":3.89,"price_including_tax":3.89,"price_excluding_tax":3.635514,"product_id":{"parent":264085,"variation":false},"is_variable":false,"stock_status":"outofstock","stock_quantity":0,"parent_sku":"8350922709","product_attributes":[],"custom_fields":[],"is_taxable":true,"product_name":"Lobularia Princess in Purple, violettes Steinkraut","hasImage":false},"fields":{"sec_669d09f554a633":{"extra":{"key":"sec_669d09f554a633","section_id":"sec_669d09f554a633","name":"Default","status":1,"cl_rule":"show","enableCl":false,"relations":[],"toggle":true,"title_tag":"h3","show_title":false,"showPrice":"default","form_id":245222,"form_rules":{"exclude_from_discount":false,"fee_label":"Steuer","disp_hide_options_price":false,"disp_show_section_price":false,"disp_show_field_price":true,"layout_option":"standard","pric_use_as_fee":false,"process_fee_as":"woo_fee"},"layout_option":"standard"},"fields":[[{"type":"textarea","elementId":"wcpa-textarea-1608033486494","label":"zus. W\u00fcnsche (Farbe, Form o.\u00e4.)","description":"","desc_type":true,"pricingType":"fixed","rows":"2","className":"form-control","name":"textarea-1608033486494","cl_rule":"show","col":6,"relations":false,"active":true,"tooltip":"Hier k\u00f6nnen Sie, falls der Artikel nicht eindeutig ist, Ihre W\u00fcnsche eintragen. Im Zweifelsfall lassen Sie dieses Feld einfach leer.","gt_translate_keys":["label","description","tooltip"],"price_dependency":false,"cl_dependency":false,"value":""}]]}},"config":{"price_override":"","enable_recaptcha":false,"bind_quantity":false,"quantity_bind_formula":false,"disp_summ_show_option_price":true,"disp_summ_show_product_price":true,"disp_summ_show_total_price":true,"disp_summ_show_fee":false,"disp_summ_show_discount":false,"summary_title":"","options_total_label":"ausgew\u00e4hlter Preis","total_label":"Komplett","options_product_label":"Produkt Preis","fee_label":"Steuer","discount_label":"Discount","has_price":true,"has_quantity_formula":false},"mc_unit":1,"tax_rate":1,"tax_rate_real":0.07,"discount":{"percentage":0,"fixed":0},"design":{"conf":{"LabelPosition":"above","DescPosition":"above","UploadField":"custom_1","QuantityFieldStyle":"default"},"css":{"LeftLabelWidth":"120px"}},"formulas":[],"lookuptables":[],"clones":false,"cartKey":false}},"_links":{"self":[{"href":"https:\/\/www.blumen-schwarz.de\/aktuell\/wp-json\/wp\/v2\/product\/264085","targetHints":{"allow":["GET"]}}],"collection":[{"href":"https:\/\/www.blumen-schwarz.de\/aktuell\/wp-json\/wp\/v2\/product"}],"about":[{"href":"https:\/\/www.blumen-schwarz.de\/aktuell\/wp-json\/wp\/v2\/types\/product"}],"replies":[{"embeddable":true,"href":"https:\/\/www.blumen-schwarz.de\/aktuell\/wp-json\/wp\/v2\/comments?post=264085"}],"wp:featuredmedia":[{"embeddable":true,"href":"https:\/\/www.blumen-schwarz.de\/aktuell\/wp-json\/wp\/v2\/media\/237317"}],"wp:attachment":[{"href":"https:\/\/www.blumen-schwarz.de\/aktuell\/wp-json\/wp\/v2\/media?parent=264085"}],"wp:term":[{"taxonomy":"product_brand","embeddable":true,"href":"https:\/\/www.blumen-schwarz.de\/aktuell\/wp-json\/wp\/v2\/product_brand?post=264085"},{"taxonomy":"product_cat","embeddable":true,"href":"https:\/\/www.blumen-schwarz.de\/aktuell\/wp-json\/wp\/v2\/product_cat?post=264085"},{"taxonomy":"product_tag","embeddable":true,"href":"https:\/\/www.blumen-schwarz.de\/aktuell\/wp-json\/wp\/v2\/product_tag?post=264085"}],"curies":[{"name":"wp","href":"https:\/\/api.w.org\/{rel}","templated":true}]}}