{"id":263141,"date":"2026-04-14T17:09:20","date_gmt":"2022-02-23T09:12:25","guid":{"rendered":"https:\/\/www.blumen-schwarz.de\/aktuell\/produkt\/chrysanthemum-essbar-bio-saatgut-speisechrysantheme\/"},"modified":"2026-04-14T17:09:21","modified_gmt":"2026-04-14T15:09:21","slug":"chrysanthemum-essbar-bio-saatgut-speisechrysantheme","status":"publish","type":"product","link":"https:\/\/www.blumen-schwarz.de\/aktuell\/produkt\/chrysanthemum-essbar-bio-saatgut-speisechrysantheme\/","title":{"rendered":"Chrysanthemum essbar Bio-Saatgut - Speisechrysantheme"},"content":{"rendered":"<p>Speisechrysantheme<br \/>Chrysanthemum coronarium<br \/>Asteraceae<br \/>Bl\u00fcte: gelb-wei\u00df. August b. September<br \/> H\u00f6he: 30-80cm<br \/> Standort: Sonne bis Halbschatten<br \/> Einj\u00e4hrig, essbar sind die Bl\u00fcten und Bl\u00e4tter<br \/> W\u00fcrzkraut d.fern\u00f6stlichen K\u00fcche<\/p>\n","protected":false},"excerpt":{"rendered":"<br \/>\n","protected":false},"featured_media":268105,"comment_status":"open","ping_status":"closed","template":"","meta":{"inline_featured_image":false},"product_brand":[],"product_cat":[1400,1258],"product_tag":[2683],"class_list":{"0":"post-263141","1":"product","2":"type-product","3":"status-publish","4":"has-post-thumbnail","6":"product_cat-gemuese-kraeuter","7":"product_cat-pflanzen","8":"product_tag-essbar","9":"thunk-woo-product-list","10":"open-woo-hover-zoom","11":"open-single-product-tab-horizontal","12":"open-shadow-","13":"open-shadow-hover-","14":"wcpa_has_options","16":"first","17":"instock","18":"taxable","19":"shipping-taxable","20":"purchasable","21":"product-type-simple"},"wcpa_form_fields":{"wcpaData":{"product":{"product_price":3.25,"price_html":"<span class=\"woocommerce-Price-amount amount\"><bdi>3,25&nbsp;<span class=\"woocommerce-Price-currencySymbol\">&euro;<\/span><\/bdi><\/span>","original_product_price":3.25,"price_including_tax":3.25,"price_excluding_tax":3.037383,"product_id":{"parent":263141,"variation":false},"is_variable":false,"stock_status":"instock","stock_quantity":51,"parent_sku":"8350924966","product_attributes":[],"custom_fields":[],"is_taxable":true,"product_name":"Chrysanthemum essbar Bio-Saatgut - Speisechrysantheme","hasImage":false},"fields":{"sec_26a040a01c158c":{"extra":{"key":"sec_26a040a01c158c","section_id":"sec_26a040a01c158c","name":"Default","status":1,"cl_rule":"show","enableCl":false,"relations":[],"toggle":true,"title_tag":"h3","show_title":false,"showPrice":"default","form_id":245222,"form_rules":{"exclude_from_discount":false,"fee_label":"Steuer","disp_hide_options_price":false,"disp_show_section_price":false,"disp_show_field_price":true,"layout_option":"standard","pric_use_as_fee":false,"process_fee_as":"woo_fee"},"layout_option":"standard"},"fields":[[{"type":"textarea","elementId":"wcpa-textarea-1608033486494","label":"zus. W\u00fcnsche (Farbe, Form o.\u00e4.)","description":"","desc_type":true,"pricingType":"fixed","rows":"2","className":"form-control","name":"textarea-1608033486494","cl_rule":"show","col":6,"relations":false,"active":true,"tooltip":"Hier k\u00f6nnen Sie, falls der Artikel nicht eindeutig ist, Ihre W\u00fcnsche eintragen. Im Zweifelsfall lassen Sie dieses Feld einfach leer.","gt_translate_keys":["label","description","tooltip"],"price_dependency":false,"cl_dependency":false,"value":""}]]}},"config":{"price_override":"","enable_recaptcha":false,"bind_quantity":false,"quantity_bind_formula":false,"disp_summ_show_option_price":true,"disp_summ_show_product_price":true,"disp_summ_show_total_price":true,"disp_summ_show_fee":false,"disp_summ_show_discount":false,"summary_title":"","options_total_label":"ausgew\u00e4hlter Preis","total_label":"Komplett","options_product_label":"Produkt Preis","fee_label":"Steuer","discount_label":"Discount","has_price":true,"has_quantity_formula":false},"mc_unit":1,"tax_rate":1,"tax_rate_real":0.07,"discount":{"percentage":0,"fixed":0},"design":{"conf":{"LabelPosition":"above","DescPosition":"above","UploadField":"custom_1","QuantityFieldStyle":"default"},"css":{"LeftLabelWidth":"120px"}},"formulas":[],"lookuptables":[],"clones":false,"cartKey":false}},"_links":{"self":[{"href":"https:\/\/www.blumen-schwarz.de\/aktuell\/wp-json\/wp\/v2\/product\/263141","targetHints":{"allow":["GET"]}}],"collection":[{"href":"https:\/\/www.blumen-schwarz.de\/aktuell\/wp-json\/wp\/v2\/product"}],"about":[{"href":"https:\/\/www.blumen-schwarz.de\/aktuell\/wp-json\/wp\/v2\/types\/product"}],"replies":[{"embeddable":true,"href":"https:\/\/www.blumen-schwarz.de\/aktuell\/wp-json\/wp\/v2\/comments?post=263141"}],"wp:featuredmedia":[{"embeddable":true,"href":"https:\/\/www.blumen-schwarz.de\/aktuell\/wp-json\/wp\/v2\/media\/268105"}],"wp:attachment":[{"href":"https:\/\/www.blumen-schwarz.de\/aktuell\/wp-json\/wp\/v2\/media?parent=263141"}],"wp:term":[{"taxonomy":"product_brand","embeddable":true,"href":"https:\/\/www.blumen-schwarz.de\/aktuell\/wp-json\/wp\/v2\/product_brand?post=263141"},{"taxonomy":"product_cat","embeddable":true,"href":"https:\/\/www.blumen-schwarz.de\/aktuell\/wp-json\/wp\/v2\/product_cat?post=263141"},{"taxonomy":"product_tag","embeddable":true,"href":"https:\/\/www.blumen-schwarz.de\/aktuell\/wp-json\/wp\/v2\/product_tag?post=263141"}],"curies":[{"name":"wp","href":"https:\/\/api.w.org\/{rel}","templated":true}]}}