{"id":255530,"date":"2023-09-13T17:26:47","date_gmt":"2021-08-02T15:47:49","guid":{"rendered":"https:\/\/www.blumen-schwarz.de\/aktuell\/produkt\/topf-cube-honig-d30-h30\/"},"modified":"2023-09-13T17:26:49","modified_gmt":"2023-09-13T15:26:49","slug":"topf-cube-honig-d30-h30","status":"publish","type":"product","link":"https:\/\/www.blumen-schwarz.de\/aktuell\/produkt\/topf-cube-honig-d30-h30\/","title":{"rendered":"Topf Cube honig D30 H30"},"content":{"rendered":"<p>TS handgemacht<\/p>\n<p>Das TS Handmade-Sortiment ist weltweit bekannt f\u00fcr seine traditionellen l\u00e4ndlichen Blument\u00f6pfe f\u00fcr den Innenbereich. Diese Kollektion umfasst unz\u00e4hlige einzigartige Serien, die speziell f\u00fcr eine zeitlos stilvolle Einrichtung entworfen wurden. Serien wie Anne, Cresta und Esra sind wahre Evergreens. Ein rustikaler Blumentopf ist in jedem Wohnstil unentbehrlich.<\/p>\n<p> Traditionelle handgefertigte Blument\u00f6pfe aus portugiesischer Keramik<\/p>\n<p> Die meisten unserer TS Handmade-Serien werden traditionell von erfahrenen Handwerkern in Portugal handgedreht. Unsere Zusammenarbeit mit diesen Handwerkern basiert auf jahrelangem gegenseitigem Vertrauen und Respekt. Die Entscheidung f\u00fcr sch\u00f6ne, langlebige Materialien und g\u00fcnstige Arbeitsbedingungen steht f\u00fcr beide Seiten im Mittelpunkt. F\u00fcr uns ist dies der Ausgangspunkt f\u00fcr ein stilvolles und ehrliches Produkt von hoher Qualit\u00e4t.<br \/> Blument\u00f6pfen<\/p>\n<p> Wenn die T\u00f6pfe die richtige Form und Struktur haben, sind sie bereit f\u00fcr den Ofen. Nach dem Backen kommen sie in einer orangefarbenen Farbe, der charakteristischen Terrakotta-Farbe, aus dem Ofen. Vom Ofen aus k\u00fchlen die T\u00f6pfe leise ab und werden in der gew\u00fcnschten Farbe bespr\u00fcht. Diese Bespr\u00fchung erfolgt wiederum manuell, wodurch jeder Topf sein eigenes Farbmuster erh\u00e4lt.<br \/> Handgepresste Blument\u00f6pfe<\/p>\n<p> Ein Teil unserer handgefertigten Kollektion wird in der Handpresstechnik hergestellt. Sch\u00f6ner por\u00f6ser Ton wird von Hand in eine Form gepresst. Dadurch wird die Wahrscheinlichkeit von Gr\u00f6\u00dfenunterschieden stark verringert. Auch die Struktur der T\u00f6pfe ist fast identisch, da sie in der Regel in der Form verarbeitet wird. Mit Ausnahme des Blumentopfes Amber, wo diese Technik jedem Topf seinen eigenen Verwitterungseffekt verleiht. Wie Sie sehen k\u00f6nnen, hat jede Serie ihren eigenen Charakter und ihre eigene Geschichte.<\/p>\n","protected":false},"excerpt":{"rendered":"<br \/>\n","protected":false},"featured_media":255423,"comment_status":"open","ping_status":"closed","template":"","meta":{"inline_featured_image":false},"product_brand":[],"product_cat":[1397,2007],"product_tag":[2410,2383,1708,2381,2012,2392],"class_list":{"0":"post-255530","1":"product","2":"type-product","3":"status-publish","4":"has-post-thumbnail","6":"product_cat-gartenbedarf","7":"product_cat-toepfe","8":"product_tag-d30xh30cm","9":"product_tag-handgemacht","10":"product_tag-keramik","11":"product_tag-ts","12":"product_tag-topf","13":"product_tag-ts_handmade","14":"thunk-woo-product-list","15":"open-woo-hover-zoom","16":"open-single-product-tab-horizontal","17":"open-shadow-","18":"open-shadow-hover-","19":"wcpa_has_options","21":"first","22":"instock","23":"taxable","24":"shipping-taxable","25":"purchasable","26":"product-type-simple"},"wcpa_form_fields":{"wcpaData":{"product":{"product_price":49.99,"price_html":"<span class=\"woocommerce-Price-amount amount\"><bdi>49,99&nbsp;<span class=\"woocommerce-Price-currencySymbol\">&euro;<\/span><\/bdi><\/span>","original_product_price":49.99,"price_including_tax":49.99,"price_excluding_tax":42.008403,"product_id":{"parent":255530,"variation":false},"is_variable":false,"stock_status":"instock","stock_quantity":2,"parent_sku":"8711355999933","product_attributes":[],"custom_fields":[],"is_taxable":true,"product_name":"Topf Cube honig D30 H30","hasImage":false},"fields":{"sec_1069ea8db383702":{"extra":{"key":"sec_1069ea8db383702","section_id":"sec_1069ea8db383702","name":"Default","status":1,"cl_rule":"show","enableCl":false,"relations":[],"toggle":true,"title_tag":"h3","show_title":false,"showPrice":"default","form_id":245222,"form_rules":{"exclude_from_discount":false,"fee_label":"Steuer","disp_hide_options_price":false,"disp_show_section_price":false,"disp_show_field_price":true,"layout_option":"standard","pric_use_as_fee":false,"process_fee_as":"woo_fee"},"layout_option":"standard"},"fields":[[{"type":"textarea","elementId":"wcpa-textarea-1608033486494","label":"zus. W\u00fcnsche (Farbe, Form o.\u00e4.)","description":"","desc_type":true,"pricingType":"fixed","rows":"2","className":"form-control","name":"textarea-1608033486494","cl_rule":"show","col":6,"relations":false,"active":true,"tooltip":"Hier k\u00f6nnen Sie, falls der Artikel nicht eindeutig ist, Ihre W\u00fcnsche eintragen. Im Zweifelsfall lassen Sie dieses Feld einfach leer.","gt_translate_keys":["label","description","tooltip"],"price_dependency":false,"cl_dependency":false,"value":""}]]}},"config":{"price_override":"","enable_recaptcha":false,"bind_quantity":false,"quantity_bind_formula":false,"disp_summ_show_option_price":true,"disp_summ_show_product_price":true,"disp_summ_show_total_price":true,"disp_summ_show_fee":false,"disp_summ_show_discount":false,"summary_title":"","options_total_label":"ausgew\u00e4hlter Preis","total_label":"Komplett","options_product_label":"Produkt Preis","fee_label":"Steuer","discount_label":"Discount","has_price":true,"has_quantity_formula":false},"mc_unit":1,"tax_rate":1,"tax_rate_real":0.19,"discount":{"percentage":0,"fixed":0},"design":{"conf":{"LabelPosition":"above","DescPosition":"above","UploadField":"custom_1","QuantityFieldStyle":"default"},"css":{"LeftLabelWidth":"120px"}},"formulas":[],"lookuptables":[],"clones":false,"cartKey":false}},"_links":{"self":[{"href":"https:\/\/www.blumen-schwarz.de\/aktuell\/wp-json\/wp\/v2\/product\/255530","targetHints":{"allow":["GET"]}}],"collection":[{"href":"https:\/\/www.blumen-schwarz.de\/aktuell\/wp-json\/wp\/v2\/product"}],"about":[{"href":"https:\/\/www.blumen-schwarz.de\/aktuell\/wp-json\/wp\/v2\/types\/product"}],"replies":[{"embeddable":true,"href":"https:\/\/www.blumen-schwarz.de\/aktuell\/wp-json\/wp\/v2\/comments?post=255530"}],"wp:featuredmedia":[{"embeddable":true,"href":"https:\/\/www.blumen-schwarz.de\/aktuell\/wp-json\/wp\/v2\/media\/255423"}],"wp:attachment":[{"href":"https:\/\/www.blumen-schwarz.de\/aktuell\/wp-json\/wp\/v2\/media?parent=255530"}],"wp:term":[{"taxonomy":"product_brand","embeddable":true,"href":"https:\/\/www.blumen-schwarz.de\/aktuell\/wp-json\/wp\/v2\/product_brand?post=255530"},{"taxonomy":"product_cat","embeddable":true,"href":"https:\/\/www.blumen-schwarz.de\/aktuell\/wp-json\/wp\/v2\/product_cat?post=255530"},{"taxonomy":"product_tag","embeddable":true,"href":"https:\/\/www.blumen-schwarz.de\/aktuell\/wp-json\/wp\/v2\/product_tag?post=255530"}],"curies":[{"name":"wp","href":"https:\/\/api.w.org\/{rel}","templated":true}]}}