{"id":255503,"date":"2023-09-13T17:44:32","date_gmt":"2021-08-02T15:42:42","guid":{"rendered":"https:\/\/www.blumen-schwarz.de\/aktuell\/produkt\/topf-ido-naturel-d13-h15\/"},"modified":"2023-09-13T17:44:34","modified_gmt":"2023-09-13T15:44:34","slug":"topf-ido-naturel-d13-h15","status":"publish","type":"product","link":"https:\/\/www.blumen-schwarz.de\/aktuell\/produkt\/topf-ido-naturel-d13-h15\/","title":{"rendered":"Topf Ido naturel D13 H15"},"content":{"rendered":"<p>TS nat\u00fcrlich<\/p>\n<p>Naturals TS Kollektion, Seegras-K\u00f6rbe aus reiner Natur<\/p>\n<p> Naturals aus der Marke TS Kollektion sind f\u00fcr die Zukunft gemacht. Diese 100% nat\u00fcrliche Kollektion ist mit herzerw\u00e4rmenden geflochtenen Pflanzenk\u00f6rben gef\u00fcllt.Unsere TS Naturals-Kollektion ist fortschrittlich in Design und Produktion.<\/p>\n<p> 100% umweltfreundliche Pflanzk\u00f6rbe<\/p>\n<p> Alle unsere Handarbeiten werden von Hand aus Materialien gewebt, die direkt aus der Natur stammen, wie Seegras, Papier, Jute, Textilien und Weiden. TS Naturals ist sehr vielf\u00e4ltig und attraktiv, gef\u00fcllt mit wundersch\u00f6n gearbeiteten, sch\u00f6nen K\u00f6rben und T\u00f6pfen. <\/p>\n","protected":false},"excerpt":{"rendered":"<p> _<\/p>\n","protected":false},"featured_media":255505,"comment_status":"open","ping_status":"closed","template":"","meta":{"inline_featured_image":false},"product_brand":[],"product_cat":[1397,2007],"product_tag":[2383,2384,2381,2012,2385],"class_list":{"0":"post-255503","1":"product","2":"type-product","3":"status-publish","4":"has-post-thumbnail","6":"product_cat-gartenbedarf","7":"product_cat-toepfe","8":"product_tag-handgemacht","9":"product_tag-korbware","10":"product_tag-ts","11":"product_tag-topf","12":"product_tag-ts_naturel","13":"thunk-woo-product-list","14":"open-woo-hover-zoom","15":"open-single-product-tab-horizontal","16":"open-shadow-","17":"open-shadow-hover-","18":"wcpa_has_options","20":"first","21":"instock","22":"taxable","23":"shipping-taxable","24":"purchasable","25":"product-type-simple"},"wcpa_form_fields":{"wcpaData":{"product":{"product_price":4.49,"price_html":"<span class=\"woocommerce-Price-amount amount\"><bdi>4,49&nbsp;<span class=\"woocommerce-Price-currencySymbol\">&euro;<\/span><\/bdi><\/span>","original_product_price":4.49,"price_including_tax":4.49,"price_excluding_tax":3.7731090000000003,"product_id":{"parent":255503,"variation":false},"is_variable":false,"stock_status":"instock","stock_quantity":8,"parent_sku":"8711355002633","product_attributes":[],"custom_fields":[],"is_taxable":true,"product_name":"Topf Ido naturel D13 H15","hasImage":false},"fields":{"sec_169eabf1b4a44a":{"extra":{"key":"sec_169eabf1b4a44a","section_id":"sec_169eabf1b4a44a","name":"Default","status":1,"cl_rule":"show","enableCl":false,"relations":[],"toggle":true,"title_tag":"h3","show_title":false,"showPrice":"default","form_id":245222,"form_rules":{"exclude_from_discount":false,"fee_label":"Steuer","disp_hide_options_price":false,"disp_show_section_price":false,"disp_show_field_price":true,"layout_option":"standard","pric_use_as_fee":false,"process_fee_as":"woo_fee"},"layout_option":"standard"},"fields":[[{"type":"textarea","elementId":"wcpa-textarea-1608033486494","label":"zus. W\u00fcnsche (Farbe, Form o.\u00e4.)","description":"","desc_type":true,"pricingType":"fixed","rows":"2","className":"form-control","name":"textarea-1608033486494","cl_rule":"show","col":6,"relations":false,"active":true,"tooltip":"Hier k\u00f6nnen Sie, falls der Artikel nicht eindeutig ist, Ihre W\u00fcnsche eintragen. Im Zweifelsfall lassen Sie dieses Feld einfach leer.","gt_translate_keys":["label","description","tooltip"],"price_dependency":false,"cl_dependency":false,"value":""}]]}},"config":{"price_override":"","enable_recaptcha":false,"bind_quantity":false,"quantity_bind_formula":false,"disp_summ_show_option_price":true,"disp_summ_show_product_price":true,"disp_summ_show_total_price":true,"disp_summ_show_fee":false,"disp_summ_show_discount":false,"summary_title":"","options_total_label":"ausgew\u00e4hlter Preis","total_label":"Komplett","options_product_label":"Produkt Preis","fee_label":"Steuer","discount_label":"Discount","has_price":true,"has_quantity_formula":false},"mc_unit":1,"tax_rate":1,"tax_rate_real":0.19,"discount":{"percentage":0,"fixed":0},"design":{"conf":{"LabelPosition":"above","DescPosition":"above","UploadField":"custom_1","QuantityFieldStyle":"default"},"css":{"LeftLabelWidth":"120px"}},"formulas":[],"lookuptables":[],"clones":false,"cartKey":false}},"_links":{"self":[{"href":"https:\/\/www.blumen-schwarz.de\/aktuell\/wp-json\/wp\/v2\/product\/255503","targetHints":{"allow":["GET"]}}],"collection":[{"href":"https:\/\/www.blumen-schwarz.de\/aktuell\/wp-json\/wp\/v2\/product"}],"about":[{"href":"https:\/\/www.blumen-schwarz.de\/aktuell\/wp-json\/wp\/v2\/types\/product"}],"replies":[{"embeddable":true,"href":"https:\/\/www.blumen-schwarz.de\/aktuell\/wp-json\/wp\/v2\/comments?post=255503"}],"wp:featuredmedia":[{"embeddable":true,"href":"https:\/\/www.blumen-schwarz.de\/aktuell\/wp-json\/wp\/v2\/media\/255505"}],"wp:attachment":[{"href":"https:\/\/www.blumen-schwarz.de\/aktuell\/wp-json\/wp\/v2\/media?parent=255503"}],"wp:term":[{"taxonomy":"product_brand","embeddable":true,"href":"https:\/\/www.blumen-schwarz.de\/aktuell\/wp-json\/wp\/v2\/product_brand?post=255503"},{"taxonomy":"product_cat","embeddable":true,"href":"https:\/\/www.blumen-schwarz.de\/aktuell\/wp-json\/wp\/v2\/product_cat?post=255503"},{"taxonomy":"product_tag","embeddable":true,"href":"https:\/\/www.blumen-schwarz.de\/aktuell\/wp-json\/wp\/v2\/product_tag?post=255503"}],"curies":[{"name":"wp","href":"https:\/\/api.w.org\/{rel}","templated":true}]}}