{"id":255495,"date":"2023-09-13T17:33:48","date_gmt":"2021-08-02T15:41:57","guid":{"rendered":"https:\/\/www.blumen-schwarz.de\/aktuell\/produkt\/topf-dani-braun-d34-h29\/"},"modified":"2023-09-13T17:33:51","modified_gmt":"2023-09-13T15:33:51","slug":"topf-dani-braun-d34-h29","status":"publish","type":"product","link":"https:\/\/www.blumen-schwarz.de\/aktuell\/produkt\/topf-dani-braun-d34-h29\/","title":{"rendered":"Topf Dani braun D34 H29"},"content":{"rendered":"<p>TS Metall<\/p>\n<p>Metall Kollektion | warm und industriell<\/p>\n<p> Entdecken Sie die innovative Serie TS Metall. Eine Kollektion mit wundersch\u00f6n gestalteten industriellen Blument\u00f6pfen und Gegenst\u00e4nden. Blument\u00f6pfe aus Metall bringen Atmosph\u00e4re und Charakter in den Innenraum.<br \/> Wie wird ein Blumentopf aus Metall hergestellt?<\/p>\n<p> TS Metallt\u00f6pfe sind traditionell handgefertigte Gegenst\u00e4nde. Die meisten Gegenst\u00e4nde werden von Hand zusammengeschwei\u00dft. Das bedeutet, dass die T\u00f6pfe niemals garantiert wasserdicht sind, aber sie sind zu 100% einzigartig und traditionell. Der Blumentopf Minou aus Metall wird sogar von Hand bemalt. Nicht mit dem Pinsel, sondern buchst\u00e4blich mit den Fingern in der Farbe. Wenn Sie genau hinsehen, k\u00f6nnen Sie dies erkennen. Linske ist ein Blumentopf auf Beinen. F\u00fcr einen gro\u00dfen Metallblumentopf mit einem exklusiven Look und Feeling m\u00fcssen Sie zu Elisa gehen. TS Metallt\u00f6pfe haben alle etwas Besonderes. Sie sind T\u00f6pfe mit einer Geschichte, und das kann man sehen und f\u00fchlen. <\/p>\n","protected":false},"excerpt":{"rendered":"<br \/>\n","protected":false},"featured_media":255443,"comment_status":"open","ping_status":"closed","template":"","meta":{"inline_featured_image":false},"product_brand":[],"product_cat":[1397,2007],"product_tag":[2398,2383,1706,2381,2012,2386],"class_list":{"0":"post-255495","1":"product","2":"type-product","3":"status-publish","4":"has-post-thumbnail","6":"product_cat-gartenbedarf","7":"product_cat-toepfe","8":"product_tag-d34xh29cm","9":"product_tag-handgemacht","10":"product_tag-metall","11":"product_tag-ts","12":"product_tag-topf","13":"product_tag-ts_metal","14":"thunk-woo-product-list","15":"open-woo-hover-zoom","16":"open-single-product-tab-horizontal","17":"open-shadow-","18":"open-shadow-hover-","19":"wcpa_has_options","21":"first","22":"instock","23":"taxable","24":"shipping-taxable","25":"purchasable","26":"product-type-simple"},"wcpa_form_fields":{"wcpaData":{"product":{"product_price":49.95,"price_html":"<span class=\"woocommerce-Price-amount amount\"><bdi>49,95&nbsp;<span class=\"woocommerce-Price-currencySymbol\">&euro;<\/span><\/bdi><\/span>","original_product_price":49.95,"price_including_tax":49.95,"price_excluding_tax":41.974790000000006,"product_id":{"parent":255495,"variation":false},"is_variable":false,"stock_status":"instock","stock_quantity":2,"parent_sku":"8711355979782","product_attributes":[],"custom_fields":[],"is_taxable":true,"product_name":"Topf Dani braun D34 H29","hasImage":false},"fields":{"sec_16a034729c8321":{"extra":{"key":"sec_16a034729c8321","section_id":"sec_16a034729c8321","name":"Default","status":1,"cl_rule":"show","enableCl":false,"relations":[],"toggle":true,"title_tag":"h3","show_title":false,"showPrice":"default","form_id":245222,"form_rules":{"exclude_from_discount":false,"fee_label":"Steuer","disp_hide_options_price":false,"disp_show_section_price":false,"disp_show_field_price":true,"layout_option":"standard","pric_use_as_fee":false,"process_fee_as":"woo_fee"},"layout_option":"standard"},"fields":[[{"type":"textarea","elementId":"wcpa-textarea-1608033486494","label":"zus. W\u00fcnsche (Farbe, Form o.\u00e4.)","description":"","desc_type":true,"pricingType":"fixed","rows":"2","className":"form-control","name":"textarea-1608033486494","cl_rule":"show","col":6,"relations":false,"active":true,"tooltip":"Hier k\u00f6nnen Sie, falls der Artikel nicht eindeutig ist, Ihre W\u00fcnsche eintragen. Im Zweifelsfall lassen Sie dieses Feld einfach leer.","gt_translate_keys":["label","description","tooltip"],"price_dependency":false,"cl_dependency":false,"value":""}]]}},"config":{"price_override":"","enable_recaptcha":false,"bind_quantity":false,"quantity_bind_formula":false,"disp_summ_show_option_price":true,"disp_summ_show_product_price":true,"disp_summ_show_total_price":true,"disp_summ_show_fee":false,"disp_summ_show_discount":false,"summary_title":"","options_total_label":"ausgew\u00e4hlter Preis","total_label":"Komplett","options_product_label":"Produkt Preis","fee_label":"Steuer","discount_label":"Discount","has_price":true,"has_quantity_formula":false},"mc_unit":1,"tax_rate":1,"tax_rate_real":0.19,"discount":{"percentage":0,"fixed":0},"design":{"conf":{"LabelPosition":"above","DescPosition":"above","UploadField":"custom_1","QuantityFieldStyle":"default"},"css":{"LeftLabelWidth":"120px"}},"formulas":[],"lookuptables":[],"clones":false,"cartKey":false}},"_links":{"self":[{"href":"https:\/\/www.blumen-schwarz.de\/aktuell\/wp-json\/wp\/v2\/product\/255495","targetHints":{"allow":["GET"]}}],"collection":[{"href":"https:\/\/www.blumen-schwarz.de\/aktuell\/wp-json\/wp\/v2\/product"}],"about":[{"href":"https:\/\/www.blumen-schwarz.de\/aktuell\/wp-json\/wp\/v2\/types\/product"}],"replies":[{"embeddable":true,"href":"https:\/\/www.blumen-schwarz.de\/aktuell\/wp-json\/wp\/v2\/comments?post=255495"}],"wp:featuredmedia":[{"embeddable":true,"href":"https:\/\/www.blumen-schwarz.de\/aktuell\/wp-json\/wp\/v2\/media\/255443"}],"wp:attachment":[{"href":"https:\/\/www.blumen-schwarz.de\/aktuell\/wp-json\/wp\/v2\/media?parent=255495"}],"wp:term":[{"taxonomy":"product_brand","embeddable":true,"href":"https:\/\/www.blumen-schwarz.de\/aktuell\/wp-json\/wp\/v2\/product_brand?post=255495"},{"taxonomy":"product_cat","embeddable":true,"href":"https:\/\/www.blumen-schwarz.de\/aktuell\/wp-json\/wp\/v2\/product_cat?post=255495"},{"taxonomy":"product_tag","embeddable":true,"href":"https:\/\/www.blumen-schwarz.de\/aktuell\/wp-json\/wp\/v2\/product_tag?post=255495"}],"curies":[{"name":"wp","href":"https:\/\/api.w.org\/{rel}","templated":true}]}}