{"id":253868,"date":"2026-04-22T10:13:22","date_gmt":"2021-05-12T07:13:13","guid":{"rendered":"https:\/\/www.blumen-schwarz.de\/aktuell\/produkt\/rhododendron-hybr-wineroses-pgiii\/"},"modified":"2026-04-22T10:13:23","modified_gmt":"2026-04-22T08:13:23","slug":"rhododendron-hybr-wineroses-pgiii","status":"publish","type":"product","link":"https:\/\/www.blumen-schwarz.de\/aktuell\/produkt\/rhododendron-hybr-wineroses-pgiii\/","title":{"rendered":"Rhododendron Hybr. Wine Roses PGIII"},"content":{"rendered":"<p>Rhododendron<br \/>Rhododendron Hybriden<br \/>Ericaceae<br \/>Bl\u00fcte: je nach Sorte April - Mai<br \/> Blatt: immergr\u00fcn, l\u00e4ngliche Bl\u00e4tter<br \/> Wuchsh\u00f6he: bis 3m<br \/> Standort: saurer Boden (Rhodoerde oder Torf verwenden)<br \/> Sonstiges: Anf\u00e4llig gegen Rhododedronzikade und Dickmaulr\u00fc\u00dfler<\/p>\n","protected":false},"excerpt":{"rendered":"<p> C5 30- 40 Rhododendron-Hybride Wine&amp;Roses\u00ae<\/p>\n","protected":false},"featured_media":250439,"comment_status":"open","ping_status":"closed","template":"","meta":{"inline_featured_image":false},"product_brand":[],"product_cat":[1259,1258],"product_tag":[2324],"class_list":{"0":"post-253868","1":"product","2":"type-product","3":"status-publish","4":"has-post-thumbnail","6":"product_cat-gehoelze","7":"product_cat-pflanzen","8":"product_tag-gc","9":"thunk-woo-product-list","10":"open-woo-hover-zoom","11":"open-single-product-tab-horizontal","12":"open-shadow-","13":"open-shadow-hover-","14":"wcpa_has_options","16":"first","17":"instock","18":"taxable","19":"shipping-taxable","20":"purchasable","21":"product-type-simple"},"wcpa_form_fields":{"wcpaData":{"product":{"product_price":34.99,"price_html":"<span class=\"woocommerce-Price-amount amount\"><bdi>34,99&nbsp;<span class=\"woocommerce-Price-currencySymbol\">&euro;<\/span><\/bdi><\/span>","original_product_price":34.99,"price_including_tax":34.99,"price_excluding_tax":32.700935,"product_id":{"parent":253868,"variation":false},"is_variable":false,"stock_status":"instock","stock_quantity":2,"parent_sku":"4251853811145","product_attributes":[],"custom_fields":[],"is_taxable":true,"product_name":"Rhododendron Hybr. Wine Roses PGIII","hasImage":false},"fields":{"sec_469e88323b205d":{"extra":{"key":"sec_469e88323b205d","section_id":"sec_469e88323b205d","name":"Default","status":1,"cl_rule":"show","enableCl":false,"relations":[],"toggle":true,"title_tag":"h3","show_title":false,"showPrice":"default","form_id":245222,"form_rules":{"exclude_from_discount":false,"fee_label":"Steuer","disp_hide_options_price":false,"disp_show_section_price":false,"disp_show_field_price":true,"layout_option":"standard","pric_use_as_fee":false,"process_fee_as":"woo_fee"},"layout_option":"standard"},"fields":[[{"type":"textarea","elementId":"wcpa-textarea-1608033486494","label":"zus. W\u00fcnsche (Farbe, Form o.\u00e4.)","description":"","desc_type":true,"pricingType":"fixed","rows":"2","className":"form-control","name":"textarea-1608033486494","cl_rule":"show","col":6,"relations":false,"active":true,"tooltip":"Hier k\u00f6nnen Sie, falls der Artikel nicht eindeutig ist, Ihre W\u00fcnsche eintragen. Im Zweifelsfall lassen Sie dieses Feld einfach leer.","gt_translate_keys":["label","description","tooltip"],"price_dependency":false,"cl_dependency":false,"value":""}]]}},"config":{"price_override":"","enable_recaptcha":false,"bind_quantity":false,"quantity_bind_formula":false,"disp_summ_show_option_price":true,"disp_summ_show_product_price":true,"disp_summ_show_total_price":true,"disp_summ_show_fee":false,"disp_summ_show_discount":false,"summary_title":"","options_total_label":"ausgew\u00e4hlter Preis","total_label":"Komplett","options_product_label":"Produkt Preis","fee_label":"Steuer","discount_label":"Discount","has_price":true,"has_quantity_formula":false},"mc_unit":1,"tax_rate":1,"tax_rate_real":0.07,"discount":{"percentage":0,"fixed":0},"design":{"conf":{"LabelPosition":"above","DescPosition":"above","UploadField":"custom_1","QuantityFieldStyle":"default"},"css":{"LeftLabelWidth":"120px"}},"formulas":[],"lookuptables":[],"clones":false,"cartKey":false}},"_links":{"self":[{"href":"https:\/\/www.blumen-schwarz.de\/aktuell\/wp-json\/wp\/v2\/product\/253868","targetHints":{"allow":["GET"]}}],"collection":[{"href":"https:\/\/www.blumen-schwarz.de\/aktuell\/wp-json\/wp\/v2\/product"}],"about":[{"href":"https:\/\/www.blumen-schwarz.de\/aktuell\/wp-json\/wp\/v2\/types\/product"}],"replies":[{"embeddable":true,"href":"https:\/\/www.blumen-schwarz.de\/aktuell\/wp-json\/wp\/v2\/comments?post=253868"}],"wp:featuredmedia":[{"embeddable":true,"href":"https:\/\/www.blumen-schwarz.de\/aktuell\/wp-json\/wp\/v2\/media\/250439"}],"wp:attachment":[{"href":"https:\/\/www.blumen-schwarz.de\/aktuell\/wp-json\/wp\/v2\/media?parent=253868"}],"wp:term":[{"taxonomy":"product_brand","embeddable":true,"href":"https:\/\/www.blumen-schwarz.de\/aktuell\/wp-json\/wp\/v2\/product_brand?post=253868"},{"taxonomy":"product_cat","embeddable":true,"href":"https:\/\/www.blumen-schwarz.de\/aktuell\/wp-json\/wp\/v2\/product_cat?post=253868"},{"taxonomy":"product_tag","embeddable":true,"href":"https:\/\/www.blumen-schwarz.de\/aktuell\/wp-json\/wp\/v2\/product_tag?post=253868"}],"curies":[{"name":"wp","href":"https:\/\/api.w.org\/{rel}","templated":true}]}}