{"id":253855,"date":"2026-05-05T10:09:49","date_gmt":"2021-05-12T07:09:39","guid":{"rendered":"https:\/\/www.blumen-schwarz.de\/aktuell\/produkt\/cotoneaster-dam-frieders-evergreen\/"},"modified":"2026-05-05T10:09:50","modified_gmt":"2026-05-05T08:09:50","slug":"cotoneaster-dam-frieders-evergreen","status":"publish","type":"product","link":"https:\/\/www.blumen-schwarz.de\/aktuell\/produkt\/cotoneaster-dam-frieders-evergreen\/","title":{"rendered":"Cotoneaster dam. Frieders Evergreen"},"content":{"rendered":"<p>Zwergmispel<br \/>Cotoneaster dammeri Frieders Evergreen<br \/>Rosaceae<br \/>kleinbl\u00e4ttrige Bodenmispel, m\u00e4ssiger Wuchs,<br \/> im Fr\u00fchjahr kleine wei\u00dfe Bl\u00fcten, ab Sommer knallrote Beeren<\/p>\n","protected":false},"excerpt":{"rendered":"<br \/>\n","protected":false},"featured_media":253886,"comment_status":"open","ping_status":"closed","template":"","meta":{"inline_featured_image":false},"product_brand":[],"product_cat":[1258,1402],"product_tag":[1415,2073,2324],"class_list":{"0":"post-253855","1":"product","2":"type-product","3":"status-publish","4":"has-post-thumbnail","6":"product_cat-pflanzen","7":"product_cat-stauden","8":"product_tag-bodendecker","9":"product_tag-eigenproduktion","10":"product_tag-gc","11":"thunk-woo-product-list","12":"open-woo-hover-zoom","13":"open-single-product-tab-horizontal","14":"open-shadow-","15":"open-shadow-hover-","16":"wcpa_has_options","18":"first","19":"instock","20":"taxable","21":"shipping-taxable","22":"purchasable","23":"product-type-simple"},"wcpa_form_fields":{"wcpaData":{"product":{"product_price":2.79,"price_html":"<span class=\"woocommerce-Price-amount amount\"><bdi>2,79&nbsp;<span class=\"woocommerce-Price-currencySymbol\">&euro;<\/span><\/bdi><\/span>","original_product_price":2.79,"price_including_tax":2.79,"price_excluding_tax":2.6074770000000003,"product_id":{"parent":253855,"variation":false},"is_variable":false,"stock_status":"instock","stock_quantity":263,"parent_sku":"4011261032668","product_attributes":[],"custom_fields":[],"is_taxable":true,"product_name":"Cotoneaster dam. Frieders Evergreen","hasImage":false},"fields":{"sec_106a05eb7c775b2":{"extra":{"key":"sec_106a05eb7c775b2","section_id":"sec_106a05eb7c775b2","name":"Default","status":1,"cl_rule":"show","enableCl":false,"relations":[],"toggle":true,"title_tag":"h3","show_title":false,"showPrice":"default","form_id":245222,"form_rules":{"exclude_from_discount":false,"fee_label":"Steuer","disp_hide_options_price":false,"disp_show_section_price":false,"disp_show_field_price":true,"layout_option":"standard","pric_use_as_fee":false,"process_fee_as":"woo_fee"},"layout_option":"standard"},"fields":[[{"type":"textarea","elementId":"wcpa-textarea-1608033486494","label":"zus. W\u00fcnsche (Farbe, Form o.\u00e4.)","description":"","desc_type":true,"pricingType":"fixed","rows":"2","className":"form-control","name":"textarea-1608033486494","cl_rule":"show","col":6,"relations":false,"active":true,"tooltip":"Hier k\u00f6nnen Sie, falls der Artikel nicht eindeutig ist, Ihre W\u00fcnsche eintragen. Im Zweifelsfall lassen Sie dieses Feld einfach leer.","gt_translate_keys":["label","description","tooltip"],"price_dependency":false,"cl_dependency":false,"value":""}]]}},"config":{"price_override":"","enable_recaptcha":false,"bind_quantity":false,"quantity_bind_formula":false,"disp_summ_show_option_price":true,"disp_summ_show_product_price":true,"disp_summ_show_total_price":true,"disp_summ_show_fee":false,"disp_summ_show_discount":false,"summary_title":"","options_total_label":"ausgew\u00e4hlter Preis","total_label":"Komplett","options_product_label":"Produkt Preis","fee_label":"Steuer","discount_label":"Discount","has_price":true,"has_quantity_formula":false},"mc_unit":1,"tax_rate":1,"tax_rate_real":0.07,"discount":{"percentage":0,"fixed":0},"design":{"conf":{"LabelPosition":"above","DescPosition":"above","UploadField":"custom_1","QuantityFieldStyle":"default"},"css":{"LeftLabelWidth":"120px"}},"formulas":[],"lookuptables":[],"clones":false,"cartKey":false}},"_links":{"self":[{"href":"https:\/\/www.blumen-schwarz.de\/aktuell\/wp-json\/wp\/v2\/product\/253855","targetHints":{"allow":["GET"]}}],"collection":[{"href":"https:\/\/www.blumen-schwarz.de\/aktuell\/wp-json\/wp\/v2\/product"}],"about":[{"href":"https:\/\/www.blumen-schwarz.de\/aktuell\/wp-json\/wp\/v2\/types\/product"}],"replies":[{"embeddable":true,"href":"https:\/\/www.blumen-schwarz.de\/aktuell\/wp-json\/wp\/v2\/comments?post=253855"}],"wp:featuredmedia":[{"embeddable":true,"href":"https:\/\/www.blumen-schwarz.de\/aktuell\/wp-json\/wp\/v2\/media\/253886"}],"wp:attachment":[{"href":"https:\/\/www.blumen-schwarz.de\/aktuell\/wp-json\/wp\/v2\/media?parent=253855"}],"wp:term":[{"taxonomy":"product_brand","embeddable":true,"href":"https:\/\/www.blumen-schwarz.de\/aktuell\/wp-json\/wp\/v2\/product_brand?post=253855"},{"taxonomy":"product_cat","embeddable":true,"href":"https:\/\/www.blumen-schwarz.de\/aktuell\/wp-json\/wp\/v2\/product_cat?post=253855"},{"taxonomy":"product_tag","embeddable":true,"href":"https:\/\/www.blumen-schwarz.de\/aktuell\/wp-json\/wp\/v2\/product_tag?post=253855"}],"curies":[{"name":"wp","href":"https:\/\/api.w.org\/{rel}","templated":true}]}}