{"id":253536,"date":"2026-04-20T11:14:13","date_gmt":"2021-05-05T14:27:21","guid":{"rendered":"https:\/\/www.blumen-schwarz.de\/aktuell\/produkt\/clematis-in-sorten\/"},"modified":"2026-04-20T11:14:13","modified_gmt":"2026-04-20T09:14:13","slug":"clematis-in-sorten","status":"publish","type":"product","link":"https:\/\/www.blumen-schwarz.de\/aktuell\/produkt\/clematis-in-sorten\/","title":{"rendered":"Clematis in Sorten"},"content":{"rendered":"<p>Waldrebe<br \/>Clematis Poulsensorten<br \/>Ranunculaceae<br \/>Bl\u00fcte: in div. Farben ab Mai, dauerbl\u00fchend u. gro\u00dfblumig<br \/> Wuchsh\u00f6he: mittelstarkwachsende Clematis bis 2,50m<br \/> Standort: Fuss schattig, oben Sonne <\/p>\n","protected":false},"excerpt":{"rendered":"<br \/>\n","protected":false},"featured_media":239556,"comment_status":"open","ping_status":"closed","template":"","meta":{"inline_featured_image":false},"product_brand":[],"product_cat":[1259,1258],"product_tag":[1600],"class_list":{"0":"post-253536","1":"product","2":"type-product","3":"status-publish","4":"has-post-thumbnail","6":"product_cat-gehoelze","7":"product_cat-pflanzen","8":"product_tag-kletterpflanze","9":"thunk-woo-product-list","10":"open-woo-hover-zoom","11":"open-single-product-tab-horizontal","12":"open-shadow-","13":"open-shadow-hover-","14":"wcpa_has_options","16":"first","17":"instock","18":"taxable","19":"shipping-taxable","20":"purchasable","21":"product-type-simple"},"wcpa_form_fields":{"wcpaData":{"product":{"product_price":29.85,"price_html":"<span class=\"woocommerce-Price-amount amount\"><bdi>29,85&nbsp;<span class=\"woocommerce-Price-currencySymbol\">&euro;<\/span><\/bdi><\/span>","original_product_price":29.85,"price_including_tax":29.85,"price_excluding_tax":27.897196,"product_id":{"parent":253536,"variation":false},"is_variable":false,"stock_status":"instock","stock_quantity":29,"parent_sku":"8350924177","product_attributes":[],"custom_fields":[],"is_taxable":true,"product_name":"Clematis in Sorten","hasImage":false},"fields":{"sec_069e7fb9d7c214":{"extra":{"key":"sec_069e7fb9d7c214","section_id":"sec_069e7fb9d7c214","name":"Default","status":1,"cl_rule":"show","enableCl":false,"relations":[],"toggle":true,"title_tag":"h3","show_title":false,"showPrice":"default","form_id":245222,"form_rules":{"exclude_from_discount":false,"fee_label":"Steuer","disp_hide_options_price":false,"disp_show_section_price":false,"disp_show_field_price":true,"layout_option":"standard","pric_use_as_fee":false,"process_fee_as":"woo_fee"},"layout_option":"standard"},"fields":[[{"type":"textarea","elementId":"wcpa-textarea-1608033486494","label":"zus. W\u00fcnsche (Farbe, Form o.\u00e4.)","description":"","desc_type":true,"pricingType":"fixed","rows":"2","className":"form-control","name":"textarea-1608033486494","cl_rule":"show","col":6,"relations":false,"active":true,"tooltip":"Hier k\u00f6nnen Sie, falls der Artikel nicht eindeutig ist, Ihre W\u00fcnsche eintragen. Im Zweifelsfall lassen Sie dieses Feld einfach leer.","gt_translate_keys":["label","description","tooltip"],"price_dependency":false,"cl_dependency":false,"value":""}]]}},"config":{"price_override":"","enable_recaptcha":false,"bind_quantity":false,"quantity_bind_formula":false,"disp_summ_show_option_price":true,"disp_summ_show_product_price":true,"disp_summ_show_total_price":true,"disp_summ_show_fee":false,"disp_summ_show_discount":false,"summary_title":"","options_total_label":"ausgew\u00e4hlter Preis","total_label":"Komplett","options_product_label":"Produkt Preis","fee_label":"Steuer","discount_label":"Discount","has_price":true,"has_quantity_formula":false},"mc_unit":1,"tax_rate":1,"tax_rate_real":0.07,"discount":{"percentage":0,"fixed":0},"design":{"conf":{"LabelPosition":"above","DescPosition":"above","UploadField":"custom_1","QuantityFieldStyle":"default"},"css":{"LeftLabelWidth":"120px"}},"formulas":[],"lookuptables":[],"clones":false,"cartKey":false}},"_links":{"self":[{"href":"https:\/\/www.blumen-schwarz.de\/aktuell\/wp-json\/wp\/v2\/product\/253536","targetHints":{"allow":["GET"]}}],"collection":[{"href":"https:\/\/www.blumen-schwarz.de\/aktuell\/wp-json\/wp\/v2\/product"}],"about":[{"href":"https:\/\/www.blumen-schwarz.de\/aktuell\/wp-json\/wp\/v2\/types\/product"}],"replies":[{"embeddable":true,"href":"https:\/\/www.blumen-schwarz.de\/aktuell\/wp-json\/wp\/v2\/comments?post=253536"}],"wp:featuredmedia":[{"embeddable":true,"href":"https:\/\/www.blumen-schwarz.de\/aktuell\/wp-json\/wp\/v2\/media\/239556"}],"wp:attachment":[{"href":"https:\/\/www.blumen-schwarz.de\/aktuell\/wp-json\/wp\/v2\/media?parent=253536"}],"wp:term":[{"taxonomy":"product_brand","embeddable":true,"href":"https:\/\/www.blumen-schwarz.de\/aktuell\/wp-json\/wp\/v2\/product_brand?post=253536"},{"taxonomy":"product_cat","embeddable":true,"href":"https:\/\/www.blumen-schwarz.de\/aktuell\/wp-json\/wp\/v2\/product_cat?post=253536"},{"taxonomy":"product_tag","embeddable":true,"href":"https:\/\/www.blumen-schwarz.de\/aktuell\/wp-json\/wp\/v2\/product_tag?post=253536"}],"curies":[{"name":"wp","href":"https:\/\/api.w.org\/{rel}","templated":true}]}}