{"id":250422,"date":"2024-04-03T11:11:27","date_gmt":"2021-03-30T07:13:40","guid":{"rendered":"https:\/\/www.blumen-schwarz.de\/aktuell\/produkt\/prunus-lusitanica-angustifolia\/"},"modified":"2024-04-03T11:11:31","modified_gmt":"2024-04-03T09:11:31","slug":"prunus-lusitanica-angustifolia","status":"publish","type":"product","link":"https:\/\/www.blumen-schwarz.de\/aktuell\/produkt\/prunus-lusitanica-angustifolia\/","title":{"rendered":"Prunus lusitanica Angustifolia"},"content":{"rendered":"<p>portugiesischer Kirschlorbeer<br \/>Prunus lusitanica Angustifolia<br \/>Rosaceae<br \/>Bl\u00fcte: wei\u00dfe Rispen, ab Mitte April<br \/> Blatt: gl\u00e4nzend, immergr\u00fcn, l\u00e4nglich<br \/> Wuchsh\u00f6he: je nach Sorte zwischen 150 - 400 cm<br \/> Standort: halbschattiger - schattiger Standort, gut winterhart<br \/> Sonstiges: dem klassischen Kirschlorbeer sehr \u00e4hnlich<\/p>\n","protected":false},"excerpt":{"rendered":"<p> C7,5 60- 70 Portug.Lorbeerkirsche<\/p>\n","protected":false},"featured_media":250421,"comment_status":"open","ping_status":"closed","template":"","meta":{"inline_featured_image":false},"product_brand":[],"product_cat":[1259,1258],"product_tag":[2324,2224,1619,2199,1585,1591],"class_list":{"0":"post-250422","1":"product","2":"type-product","3":"status-publish","4":"has-post-thumbnail","6":"product_cat-gehoelze","7":"product_cat-pflanzen","8":"product_tag-gc","9":"product_tag-heckenpflanze","10":"product_tag-immergruen","11":"product_tag-kirschlorbeer","12":"product_tag-prunus","13":"product_tag-strauch","14":"thunk-woo-product-list","15":"open-woo-hover-zoom","16":"open-single-product-tab-horizontal","17":"open-shadow-","18":"open-shadow-hover-","19":"wcpa_has_options","21":"first","22":"outofstock","23":"taxable","24":"shipping-taxable","25":"purchasable","26":"product-type-simple"},"wcpa_form_fields":{"wcpaData":{"product":{"product_price":24.99,"price_html":"<span class=\"woocommerce-Price-amount amount\"><bdi>24,99&nbsp;<span class=\"woocommerce-Price-currencySymbol\">&euro;<\/span><\/bdi><\/span>","original_product_price":24.99,"price_including_tax":24.99,"price_excluding_tax":23.35514,"product_id":{"parent":250422,"variation":false},"is_variable":false,"stock_status":"outofstock","stock_quantity":0,"parent_sku":"4251424591544","product_attributes":[],"custom_fields":[],"is_taxable":true,"product_name":"Prunus lusitanica Angustifolia","hasImage":false},"fields":{"sec_669d2814351900":{"extra":{"key":"sec_669d2814351900","section_id":"sec_669d2814351900","name":"Default","status":1,"cl_rule":"show","enableCl":false,"relations":[],"toggle":true,"title_tag":"h3","show_title":false,"showPrice":"default","form_id":245222,"form_rules":{"exclude_from_discount":false,"fee_label":"Steuer","disp_hide_options_price":false,"disp_show_section_price":false,"disp_show_field_price":true,"layout_option":"standard","pric_use_as_fee":false,"process_fee_as":"woo_fee"},"layout_option":"standard"},"fields":[[{"type":"textarea","elementId":"wcpa-textarea-1608033486494","label":"zus. W\u00fcnsche (Farbe, Form o.\u00e4.)","description":"","desc_type":true,"pricingType":"fixed","rows":"2","className":"form-control","name":"textarea-1608033486494","cl_rule":"show","col":6,"relations":false,"active":true,"tooltip":"Hier k\u00f6nnen Sie, falls der Artikel nicht eindeutig ist, Ihre W\u00fcnsche eintragen. Im Zweifelsfall lassen Sie dieses Feld einfach leer.","gt_translate_keys":["label","description","tooltip"],"price_dependency":false,"cl_dependency":false,"value":""}]]}},"config":{"price_override":"","enable_recaptcha":false,"bind_quantity":false,"quantity_bind_formula":false,"disp_summ_show_option_price":true,"disp_summ_show_product_price":true,"disp_summ_show_total_price":true,"disp_summ_show_fee":false,"disp_summ_show_discount":false,"summary_title":"","options_total_label":"ausgew\u00e4hlter Preis","total_label":"Komplett","options_product_label":"Produkt Preis","fee_label":"Steuer","discount_label":"Discount","has_price":true,"has_quantity_formula":false},"mc_unit":1,"tax_rate":1,"tax_rate_real":0.07,"discount":{"percentage":0,"fixed":0},"design":{"conf":{"LabelPosition":"above","DescPosition":"above","UploadField":"custom_1","QuantityFieldStyle":"default"},"css":{"LeftLabelWidth":"120px"}},"formulas":[],"lookuptables":[],"clones":false,"cartKey":false}},"_links":{"self":[{"href":"https:\/\/www.blumen-schwarz.de\/aktuell\/wp-json\/wp\/v2\/product\/250422","targetHints":{"allow":["GET"]}}],"collection":[{"href":"https:\/\/www.blumen-schwarz.de\/aktuell\/wp-json\/wp\/v2\/product"}],"about":[{"href":"https:\/\/www.blumen-schwarz.de\/aktuell\/wp-json\/wp\/v2\/types\/product"}],"replies":[{"embeddable":true,"href":"https:\/\/www.blumen-schwarz.de\/aktuell\/wp-json\/wp\/v2\/comments?post=250422"}],"wp:featuredmedia":[{"embeddable":true,"href":"https:\/\/www.blumen-schwarz.de\/aktuell\/wp-json\/wp\/v2\/media\/250421"}],"wp:attachment":[{"href":"https:\/\/www.blumen-schwarz.de\/aktuell\/wp-json\/wp\/v2\/media?parent=250422"}],"wp:term":[{"taxonomy":"product_brand","embeddable":true,"href":"https:\/\/www.blumen-schwarz.de\/aktuell\/wp-json\/wp\/v2\/product_brand?post=250422"},{"taxonomy":"product_cat","embeddable":true,"href":"https:\/\/www.blumen-schwarz.de\/aktuell\/wp-json\/wp\/v2\/product_cat?post=250422"},{"taxonomy":"product_tag","embeddable":true,"href":"https:\/\/www.blumen-schwarz.de\/aktuell\/wp-json\/wp\/v2\/product_tag?post=250422"}],"curies":[{"name":"wp","href":"https:\/\/api.w.org\/{rel}","templated":true}]}}