{"id":245212,"date":"2021-05-03T10:44:57","date_gmt":"2021-05-03T08:44:57","guid":{"rendered":"https:\/\/www.blumen-schwarz.de\/aktuell\/produkt\/legestrauss-mit-nelken-3er\/"},"modified":"2021-10-27T17:48:22","modified_gmt":"2021-10-27T15:48:22","slug":"legestrauss-mit-nelken-3er","status":"publish","type":"product","link":"https:\/\/www.blumen-schwarz.de\/aktuell\/produkt\/legestrauss-mit-nelken-3er\/","title":{"rendered":"Legestrau\u00df mit Nelken, 3er, div. Farben"},"content":{"rendered":"<p>Nelkenstrau\u00df<\/p>\n<p>Wir binden Ihnen frisch in vielen sch\u00f6nen und ausgefallenen Farben unsere haltbaren Nelken.<br \/> Vom klassischen rot bis zum zweifarbigen Violettton oder einem sanften alt-rose.<br \/> Bitte geben Sie bei der Bestellung Ihre Wunschfarbe an.<\/p>\n<p> Gerne liefern wir direkt auf Ihr Grab. Gr\u00e4ber, die wir pflegen, k\u00f6nnen wir kostenlos beliefern. Bei allen anderen Grabstellen fallen Liefergeb\u00fchren an. Bitte teilen Sie uns Ihre Grabnummer mit.<\/p>\n","protected":false},"excerpt":{"rendered":"<p> 3 Nelken auf Tanne gebunden._<\/p>\n","protected":false},"featured_media":245224,"comment_status":"open","ping_status":"closed","template":"","meta":{"inline_featured_image":false},"product_brand":[],"product_cat":[1361,2236],"product_tag":[1664,1413,2246],"class_list":{"0":"post-245212","1":"product","2":"type-product","3":"status-publish","4":"has-post-thumbnail","6":"product_cat-floristik","7":"product_cat-winterlicher_grabschmuck","8":"product_tag-grab","9":"product_tag-haltbar","10":"product_tag-schnittblumen","11":"thunk-woo-product-list","12":"open-woo-hover-zoom","13":"open-single-product-tab-horizontal","14":"open-shadow-","15":"open-shadow-hover-","16":"wcpa_has_options","18":"first","19":"instock","20":"taxable","21":"shipping-taxable","22":"purchasable","23":"product-type-simple"},"wcpa_form_fields":{"wcpaData":{"product":{"product_price":7,"price_html":"<span class=\"woocommerce-Price-amount amount\"><bdi>7,00&nbsp;<span class=\"woocommerce-Price-currencySymbol\">&euro;<\/span><\/bdi><\/span>","original_product_price":7,"price_including_tax":7,"price_excluding_tax":6.542056,"product_id":{"parent":245212,"variation":false},"is_variable":false,"stock_status":"instock","stock_quantity":5,"parent_sku":"8350923675","product_attributes":[],"custom_fields":[],"is_taxable":true,"product_name":"Legestrau\u00df mit Nelken, 3er, div. Farben","hasImage":false},"fields":{"sec_269d16eb845224":{"extra":{"key":"sec_269d16eb845224","section_id":"sec_269d16eb845224","name":"Default","status":1,"cl_rule":"show","enableCl":false,"relations":[],"toggle":true,"title_tag":"h3","show_title":false,"showPrice":"default","form_id":245222,"form_rules":{"exclude_from_discount":false,"fee_label":"Steuer","disp_hide_options_price":false,"disp_show_section_price":false,"disp_show_field_price":true,"layout_option":"standard","pric_use_as_fee":false,"process_fee_as":"woo_fee"},"layout_option":"standard"},"fields":[[{"type":"textarea","elementId":"wcpa-textarea-1608033486494","label":"zus. W\u00fcnsche (Farbe, Form o.\u00e4.)","description":"","desc_type":true,"pricingType":"fixed","rows":"2","className":"form-control","name":"textarea-1608033486494","cl_rule":"show","col":6,"relations":false,"active":true,"tooltip":"Hier k\u00f6nnen Sie, falls der Artikel nicht eindeutig ist, Ihre W\u00fcnsche eintragen. Im Zweifelsfall lassen Sie dieses Feld einfach leer.","gt_translate_keys":["label","description","tooltip"],"price_dependency":false,"cl_dependency":false,"value":""}]]}},"config":{"price_override":"","enable_recaptcha":false,"bind_quantity":false,"quantity_bind_formula":false,"disp_summ_show_option_price":true,"disp_summ_show_product_price":true,"disp_summ_show_total_price":true,"disp_summ_show_fee":false,"disp_summ_show_discount":false,"summary_title":"","options_total_label":"ausgew\u00e4hlter Preis","total_label":"Komplett","options_product_label":"Produkt Preis","fee_label":"Steuer","discount_label":"Discount","has_price":true,"has_quantity_formula":false},"mc_unit":1,"tax_rate":1,"tax_rate_real":0.07,"discount":{"percentage":0,"fixed":0},"design":{"conf":{"LabelPosition":"above","DescPosition":"above","UploadField":"custom_1","QuantityFieldStyle":"default"},"css":{"LeftLabelWidth":"120px"}},"formulas":[],"lookuptables":[],"clones":false,"cartKey":false}},"_links":{"self":[{"href":"https:\/\/www.blumen-schwarz.de\/aktuell\/wp-json\/wp\/v2\/product\/245212","targetHints":{"allow":["GET"]}}],"collection":[{"href":"https:\/\/www.blumen-schwarz.de\/aktuell\/wp-json\/wp\/v2\/product"}],"about":[{"href":"https:\/\/www.blumen-schwarz.de\/aktuell\/wp-json\/wp\/v2\/types\/product"}],"replies":[{"embeddable":true,"href":"https:\/\/www.blumen-schwarz.de\/aktuell\/wp-json\/wp\/v2\/comments?post=245212"}],"wp:featuredmedia":[{"embeddable":true,"href":"https:\/\/www.blumen-schwarz.de\/aktuell\/wp-json\/wp\/v2\/media\/245224"}],"wp:attachment":[{"href":"https:\/\/www.blumen-schwarz.de\/aktuell\/wp-json\/wp\/v2\/media?parent=245212"}],"wp:term":[{"taxonomy":"product_brand","embeddable":true,"href":"https:\/\/www.blumen-schwarz.de\/aktuell\/wp-json\/wp\/v2\/product_brand?post=245212"},{"taxonomy":"product_cat","embeddable":true,"href":"https:\/\/www.blumen-schwarz.de\/aktuell\/wp-json\/wp\/v2\/product_cat?post=245212"},{"taxonomy":"product_tag","embeddable":true,"href":"https:\/\/www.blumen-schwarz.de\/aktuell\/wp-json\/wp\/v2\/product_tag?post=245212"}],"curies":[{"name":"wp","href":"https:\/\/api.w.org\/{rel}","templated":true}]}}