{"id":241335,"date":"2023-09-13T17:28:25","date_gmt":"2020-07-06T11:37:09","guid":{"rendered":"https:\/\/www.blumen-schwarz.de\/aktuell\/produkt\/solabiol-brennnessel-sud-100ml\/"},"modified":"2023-09-13T17:28:28","modified_gmt":"2023-09-13T15:28:28","slug":"solabiol-brennnessel-sud-100ml","status":"publish","type":"product","link":"https:\/\/www.blumen-schwarz.de\/aktuell\/produkt\/solabiol-brennnessel-sud-100ml\/","title":{"rendered":"Solabiol Brennnessel Sud 1000 ml"},"content":{"rendered":"","protected":false},"excerpt":{"rendered":"<p> Der Solabiol Brennnessel Sud ist reich an Zink, Eisen und Mangan und sorgt f\u00fcr <\/p>\n<p> starke Abwehrkr\u00e4fte. Besonders anf\u00e4llige Pflanzen wappnet er vor einer Vielzahl<\/p>\n<p> an sch\u00e4dlichen \u00e4u\u00dferen Einfl\u00fcssen. Zus\u00e4tzlich aktiviert der Sud das Wachstum <\/p>\n<p> der Mikroorganismen im Boden.<\/p>\n","protected":false},"featured_media":241348,"comment_status":"open","ping_status":"closed","template":"","meta":{"inline_featured_image":false},"product_brand":[],"product_cat":[1399,1397],"product_tag":[3018,3021,2427,2421,2124,2123],"class_list":{"0":"post-241335","1":"product","2":"type-product","3":"status-publish","4":"has-post-thumbnail","6":"product_cat-duenger","7":"product_cat-gartenbedarf","8":"product_tag-bchr","9":"product_tag-duenger-staerkung","10":"product_tag-indoor","11":"product_tag-outdoor","12":"product_tag-solabiol","13":"product_tag-staerkungsmittel","14":"thunk-woo-product-list","15":"open-woo-hover-zoom","16":"open-single-product-tab-horizontal","17":"open-shadow-","18":"open-shadow-hover-","20":"first","21":"instock","22":"taxable","23":"shipping-taxable","24":"purchasable","25":"product-type-simple"},"wcpa_form_fields":null,"_links":{"self":[{"href":"https:\/\/www.blumen-schwarz.de\/aktuell\/wp-json\/wp\/v2\/product\/241335","targetHints":{"allow":["GET"]}}],"collection":[{"href":"https:\/\/www.blumen-schwarz.de\/aktuell\/wp-json\/wp\/v2\/product"}],"about":[{"href":"https:\/\/www.blumen-schwarz.de\/aktuell\/wp-json\/wp\/v2\/types\/product"}],"replies":[{"embeddable":true,"href":"https:\/\/www.blumen-schwarz.de\/aktuell\/wp-json\/wp\/v2\/comments?post=241335"}],"wp:featuredmedia":[{"embeddable":true,"href":"https:\/\/www.blumen-schwarz.de\/aktuell\/wp-json\/wp\/v2\/media\/241348"}],"wp:attachment":[{"href":"https:\/\/www.blumen-schwarz.de\/aktuell\/wp-json\/wp\/v2\/media?parent=241335"}],"wp:term":[{"taxonomy":"product_brand","embeddable":true,"href":"https:\/\/www.blumen-schwarz.de\/aktuell\/wp-json\/wp\/v2\/product_brand?post=241335"},{"taxonomy":"product_cat","embeddable":true,"href":"https:\/\/www.blumen-schwarz.de\/aktuell\/wp-json\/wp\/v2\/product_cat?post=241335"},{"taxonomy":"product_tag","embeddable":true,"href":"https:\/\/www.blumen-schwarz.de\/aktuell\/wp-json\/wp\/v2\/product_tag?post=241335"}],"curies":[{"name":"wp","href":"https:\/\/api.w.org\/{rel}","templated":true}]}}