{"id":239339,"date":"2022-02-24T14:31:21","date_gmt":"2020-04-29T12:12:54","guid":{"rendered":"https:\/\/www.blumen-schwarz.de\/aktuell\/produkt\/hydrangea-limelight-rispenhortensie\/"},"modified":"2022-02-24T14:31:23","modified_gmt":"2022-02-24T13:31:23","slug":"hydrangea-limelight-rispenhortensie","status":"publish","type":"product","link":"https:\/\/www.blumen-schwarz.de\/aktuell\/produkt\/hydrangea-limelight-rispenhortensie\/","title":{"rendered":"Hydrangea Limelight, Rispenhortensie"},"content":{"rendered":"<p>Wei\u00dfgr\u00fcne Rispenhortensie<br \/>Hydrangea paniculata Limelight<br \/>Hydrangeaceae<br \/>Bl\u00fcte: wei\u00df-gr\u00fcnlich, spitz<br \/> Blatt: sommergr\u00fcn<br \/> Wuchsh\u00f6he: bis 2 m<br \/> Standort: Sonne - Schatten, feucht!<br \/> Sonstiges: sehr winterhart, auch f\u00fcr Schnitt, dauerbl\u00fchend<\/p>\n","protected":false},"excerpt":{"rendered":"<p> Rispenhortensie C 4 30- 40<\/p>\n","protected":false},"featured_media":237955,"comment_status":"open","ping_status":"closed","template":"","meta":{"inline_featured_image":false},"product_brand":[],"product_cat":[1259,1258],"product_tag":[1591,1500],"class_list":{"0":"post-239339","1":"product","2":"type-product","3":"status-publish","4":"has-post-thumbnail","6":"product_cat-gehoelze","7":"product_cat-pflanzen","8":"product_tag-strauch","9":"product_tag-winterhart","10":"thunk-woo-product-list","11":"open-woo-hover-zoom","12":"open-single-product-tab-horizontal","13":"open-shadow-","14":"open-shadow-hover-","15":"wcpa_has_options","17":"first","18":"outofstock","19":"taxable","20":"shipping-taxable","21":"purchasable","22":"product-type-simple"},"wcpa_form_fields":{"wcpaData":{"product":{"product_price":12.15,"price_html":"<span class=\"woocommerce-Price-amount amount\"><bdi>12,15&nbsp;<span class=\"woocommerce-Price-currencySymbol\">&euro;<\/span><\/bdi><\/span>","original_product_price":12.15,"price_including_tax":12.15,"price_excluding_tax":11.35514,"product_id":{"parent":239339,"variation":false},"is_variable":false,"stock_status":"outofstock","stock_quantity":0,"parent_sku":"4260356025591","product_attributes":[],"custom_fields":[],"is_taxable":true,"product_name":"Hydrangea Limelight, Rispenhortensie","hasImage":false},"fields":{"sec_769d1c8625fe61":{"extra":{"key":"sec_769d1c8625fe61","section_id":"sec_769d1c8625fe61","name":"Default","status":1,"cl_rule":"show","enableCl":false,"relations":[],"toggle":true,"title_tag":"h3","show_title":false,"showPrice":"default","form_id":245222,"form_rules":{"exclude_from_discount":false,"fee_label":"Steuer","disp_hide_options_price":false,"disp_show_section_price":false,"disp_show_field_price":true,"layout_option":"standard","pric_use_as_fee":false,"process_fee_as":"woo_fee"},"layout_option":"standard"},"fields":[[{"type":"textarea","elementId":"wcpa-textarea-1608033486494","label":"zus. W\u00fcnsche (Farbe, Form o.\u00e4.)","description":"","desc_type":true,"pricingType":"fixed","rows":"2","className":"form-control","name":"textarea-1608033486494","cl_rule":"show","col":6,"relations":false,"active":true,"tooltip":"Hier k\u00f6nnen Sie, falls der Artikel nicht eindeutig ist, Ihre W\u00fcnsche eintragen. Im Zweifelsfall lassen Sie dieses Feld einfach leer.","gt_translate_keys":["label","description","tooltip"],"price_dependency":false,"cl_dependency":false,"value":""}]]}},"config":{"price_override":"","enable_recaptcha":false,"bind_quantity":false,"quantity_bind_formula":false,"disp_summ_show_option_price":true,"disp_summ_show_product_price":true,"disp_summ_show_total_price":true,"disp_summ_show_fee":false,"disp_summ_show_discount":false,"summary_title":"","options_total_label":"ausgew\u00e4hlter Preis","total_label":"Komplett","options_product_label":"Produkt Preis","fee_label":"Steuer","discount_label":"Discount","has_price":true,"has_quantity_formula":false},"mc_unit":1,"tax_rate":1,"tax_rate_real":0.07,"discount":{"percentage":0,"fixed":0},"design":{"conf":{"LabelPosition":"above","DescPosition":"above","UploadField":"custom_1","QuantityFieldStyle":"default"},"css":{"LeftLabelWidth":"120px"}},"formulas":[],"lookuptables":[],"clones":false,"cartKey":false}},"_links":{"self":[{"href":"https:\/\/www.blumen-schwarz.de\/aktuell\/wp-json\/wp\/v2\/product\/239339","targetHints":{"allow":["GET"]}}],"collection":[{"href":"https:\/\/www.blumen-schwarz.de\/aktuell\/wp-json\/wp\/v2\/product"}],"about":[{"href":"https:\/\/www.blumen-schwarz.de\/aktuell\/wp-json\/wp\/v2\/types\/product"}],"replies":[{"embeddable":true,"href":"https:\/\/www.blumen-schwarz.de\/aktuell\/wp-json\/wp\/v2\/comments?post=239339"}],"wp:featuredmedia":[{"embeddable":true,"href":"https:\/\/www.blumen-schwarz.de\/aktuell\/wp-json\/wp\/v2\/media\/237955"}],"wp:attachment":[{"href":"https:\/\/www.blumen-schwarz.de\/aktuell\/wp-json\/wp\/v2\/media?parent=239339"}],"wp:term":[{"taxonomy":"product_brand","embeddable":true,"href":"https:\/\/www.blumen-schwarz.de\/aktuell\/wp-json\/wp\/v2\/product_brand?post=239339"},{"taxonomy":"product_cat","embeddable":true,"href":"https:\/\/www.blumen-schwarz.de\/aktuell\/wp-json\/wp\/v2\/product_cat?post=239339"},{"taxonomy":"product_tag","embeddable":true,"href":"https:\/\/www.blumen-schwarz.de\/aktuell\/wp-json\/wp\/v2\/product_tag?post=239339"}],"curies":[{"name":"wp","href":"https:\/\/api.w.org\/{rel}","templated":true}]}}