{"id":239296,"date":"2026-04-01T18:01:56","date_gmt":"2020-04-29T11:06:14","guid":{"rendered":"https:\/\/www.blumen-schwarz.de\/aktuell\/produkt\/buddleja-royal-red-schmetterlingsflieder\/"},"modified":"2026-04-01T18:01:58","modified_gmt":"2026-04-01T16:01:58","slug":"buddleja-royal-red-schmetterlingsflieder","status":"publish","type":"product","link":"https:\/\/www.blumen-schwarz.de\/aktuell\/produkt\/buddleja-royal-red-schmetterlingsflieder\/","title":{"rendered":"Buddleja White Profusion T17 - Wei\u00dfer Schmetterlingsflieder"},"content":{"rendered":"<p>wei\u00dfer Schmetterlingsflieder<br \/>Buddleja davidii White Profusion<\/p>\n<p>Bl\u00fcte Juli August<br \/> zieht Schmetterlinge wie ein Magnet an<br \/> friert bei uns \u00f6fters im Winter zur\u00fcck, treibt aber immer wieder neu aus<br \/> optimaler R\u00fcckschnitt nach der Bl\u00fctte im Fr\u00fchherbst<\/p>\n","protected":false},"excerpt":{"rendered":"<p> _ T17 wei\u00df<\/p>\n","protected":false},"featured_media":281421,"comment_status":"open","ping_status":"closed","template":"","meta":{"inline_featured_image":false},"product_brand":[],"product_cat":[1259,1258],"product_tag":[1819,1483,1985,1591,1378],"class_list":{"0":"post-239296","1":"product","2":"type-product","3":"status-publish","4":"has-post-thumbnail","6":"product_cat-gehoelze","7":"product_cat-pflanzen","8":"product_tag-biene","9":"product_tag-gehoelz","10":"product_tag-schmetterlingsflieder","11":"product_tag-strauch","12":"product_tag-weiss","13":"thunk-woo-product-list","14":"open-woo-hover-zoom","15":"open-single-product-tab-horizontal","16":"open-shadow-","17":"open-shadow-hover-","18":"wcpa_has_options","20":"first","21":"instock","22":"taxable","23":"shipping-taxable","24":"purchasable","25":"product-type-simple"},"wcpa_form_fields":{"wcpaData":{"product":{"product_price":12.49,"price_html":"<span class=\"woocommerce-Price-amount amount\"><bdi>12,49&nbsp;<span class=\"woocommerce-Price-currencySymbol\">&euro;<\/span><\/bdi><\/span>","original_product_price":12.49,"price_including_tax":12.49,"price_excluding_tax":11.672897,"product_id":{"parent":239296,"variation":false},"is_variable":false,"stock_status":"instock","stock_quantity":53,"parent_sku":"8350924347","product_attributes":[],"custom_fields":[],"is_taxable":true,"product_name":"Buddleja White Profusion T17 - Wei\u00dfer Schmetterlingsflieder","hasImage":false},"fields":{"sec_669e8aa3e2715d":{"extra":{"key":"sec_669e8aa3e2715d","section_id":"sec_669e8aa3e2715d","name":"Default","status":1,"cl_rule":"show","enableCl":false,"relations":[],"toggle":true,"title_tag":"h3","show_title":false,"showPrice":"default","form_id":245222,"form_rules":{"exclude_from_discount":false,"fee_label":"Steuer","disp_hide_options_price":false,"disp_show_section_price":false,"disp_show_field_price":true,"layout_option":"standard","pric_use_as_fee":false,"process_fee_as":"woo_fee"},"layout_option":"standard"},"fields":[[{"type":"textarea","elementId":"wcpa-textarea-1608033486494","label":"zus. W\u00fcnsche (Farbe, Form o.\u00e4.)","description":"","desc_type":true,"pricingType":"fixed","rows":"2","className":"form-control","name":"textarea-1608033486494","cl_rule":"show","col":6,"relations":false,"active":true,"tooltip":"Hier k\u00f6nnen Sie, falls der Artikel nicht eindeutig ist, Ihre W\u00fcnsche eintragen. Im Zweifelsfall lassen Sie dieses Feld einfach leer.","gt_translate_keys":["label","description","tooltip"],"price_dependency":false,"cl_dependency":false,"value":""}]]}},"config":{"price_override":"","enable_recaptcha":false,"bind_quantity":false,"quantity_bind_formula":false,"disp_summ_show_option_price":true,"disp_summ_show_product_price":true,"disp_summ_show_total_price":true,"disp_summ_show_fee":false,"disp_summ_show_discount":false,"summary_title":"","options_total_label":"ausgew\u00e4hlter Preis","total_label":"Komplett","options_product_label":"Produkt Preis","fee_label":"Steuer","discount_label":"Discount","has_price":true,"has_quantity_formula":false},"mc_unit":1,"tax_rate":1,"tax_rate_real":0.07,"discount":{"percentage":0,"fixed":0},"design":{"conf":{"LabelPosition":"above","DescPosition":"above","UploadField":"custom_1","QuantityFieldStyle":"default"},"css":{"LeftLabelWidth":"120px"}},"formulas":[],"lookuptables":[],"clones":false,"cartKey":false}},"_links":{"self":[{"href":"https:\/\/www.blumen-schwarz.de\/aktuell\/wp-json\/wp\/v2\/product\/239296","targetHints":{"allow":["GET"]}}],"collection":[{"href":"https:\/\/www.blumen-schwarz.de\/aktuell\/wp-json\/wp\/v2\/product"}],"about":[{"href":"https:\/\/www.blumen-schwarz.de\/aktuell\/wp-json\/wp\/v2\/types\/product"}],"replies":[{"embeddable":true,"href":"https:\/\/www.blumen-schwarz.de\/aktuell\/wp-json\/wp\/v2\/comments?post=239296"}],"wp:featuredmedia":[{"embeddable":true,"href":"https:\/\/www.blumen-schwarz.de\/aktuell\/wp-json\/wp\/v2\/media\/281421"}],"wp:attachment":[{"href":"https:\/\/www.blumen-schwarz.de\/aktuell\/wp-json\/wp\/v2\/media?parent=239296"}],"wp:term":[{"taxonomy":"product_brand","embeddable":true,"href":"https:\/\/www.blumen-schwarz.de\/aktuell\/wp-json\/wp\/v2\/product_brand?post=239296"},{"taxonomy":"product_cat","embeddable":true,"href":"https:\/\/www.blumen-schwarz.de\/aktuell\/wp-json\/wp\/v2\/product_cat?post=239296"},{"taxonomy":"product_tag","embeddable":true,"href":"https:\/\/www.blumen-schwarz.de\/aktuell\/wp-json\/wp\/v2\/product_tag?post=239296"}],"curies":[{"name":"wp","href":"https:\/\/api.w.org\/{rel}","templated":true}]}}