{"id":238461,"date":"2025-06-06T12:37:25","date_gmt":"2020-04-20T17:38:45","guid":{"rendered":"https:\/\/www.blumen-schwarz.de\/aktuell\/produkt\/blumen-schwarz-langzeitduenger-universal-plus\/"},"modified":"2025-06-06T12:37:24","modified_gmt":"2025-06-06T10:37:24","slug":"blumen-schwarz-langzeitduenger-universal-plus","status":"publish","type":"product","link":"https:\/\/www.blumen-schwarz.de\/aktuell\/produkt\/blumen-schwarz-langzeitduenger-universal-plus\/","title":{"rendered":"Blumen Schwarz Langzeitd\u00fcnger Universal Plus"},"content":{"rendered":"","protected":false},"excerpt":{"rendered":"<p> Universal- und Volld\u00fcnger f\u00fcr alle Pflanzen. 6 Monate in der Wirkung (maximal - in Balkonk\u00e4sten sind die N\u00e4hrstoffe deutlich schneller verbraucht). <\/p>\n<p> F\u00fcr alle, die es sicher, schnell und einfach m\u00f6chten. <\/p>\n<p> F\u00fcr diesen D\u00fcnger haben wir Nachf\u00fcllstationen in unserer G\u00e4rtnerei (mit reduzierten Kosten).<\/p>\n","protected":false},"featured_media":238460,"comment_status":"open","ping_status":"closed","template":"","meta":{"inline_featured_image":false},"product_brand":[],"product_cat":[1399,1397],"product_tag":[1434,1965,1967],"class_list":{"0":"post-238461","1":"product","2":"type-product","3":"status-publish","4":"has-post-thumbnail","6":"product_cat-duenger","7":"product_cat-gartenbedarf","8":"product_tag-duenger","9":"product_tag-langzeitduenger","10":"product_tag-vollduenger","11":"thunk-woo-product-list","12":"open-woo-hover-zoom","13":"open-single-product-tab-horizontal","14":"open-shadow-","15":"open-shadow-hover-","17":"first","18":"outofstock","19":"taxable","20":"shipping-taxable","21":"purchasable","22":"product-type-simple"},"wcpa_form_fields":null,"_links":{"self":[{"href":"https:\/\/www.blumen-schwarz.de\/aktuell\/wp-json\/wp\/v2\/product\/238461","targetHints":{"allow":["GET"]}}],"collection":[{"href":"https:\/\/www.blumen-schwarz.de\/aktuell\/wp-json\/wp\/v2\/product"}],"about":[{"href":"https:\/\/www.blumen-schwarz.de\/aktuell\/wp-json\/wp\/v2\/types\/product"}],"replies":[{"embeddable":true,"href":"https:\/\/www.blumen-schwarz.de\/aktuell\/wp-json\/wp\/v2\/comments?post=238461"}],"wp:featuredmedia":[{"embeddable":true,"href":"https:\/\/www.blumen-schwarz.de\/aktuell\/wp-json\/wp\/v2\/media\/238460"}],"wp:attachment":[{"href":"https:\/\/www.blumen-schwarz.de\/aktuell\/wp-json\/wp\/v2\/media?parent=238461"}],"wp:term":[{"taxonomy":"product_brand","embeddable":true,"href":"https:\/\/www.blumen-schwarz.de\/aktuell\/wp-json\/wp\/v2\/product_brand?post=238461"},{"taxonomy":"product_cat","embeddable":true,"href":"https:\/\/www.blumen-schwarz.de\/aktuell\/wp-json\/wp\/v2\/product_cat?post=238461"},{"taxonomy":"product_tag","embeddable":true,"href":"https:\/\/www.blumen-schwarz.de\/aktuell\/wp-json\/wp\/v2\/product_tag?post=238461"}],"curies":[{"name":"wp","href":"https:\/\/api.w.org\/{rel}","templated":true}]}}