{"id":238459,"date":"2026-05-06T14:15:13","date_gmt":"2020-04-20T17:33:38","guid":{"rendered":"https:\/\/www.blumen-schwarz.de\/aktuell\/produkt\/bluetentraum-naehrsalz-1kg\/"},"modified":"2026-05-06T14:15:14","modified_gmt":"2026-05-06T12:15:14","slug":"bluetentraum-naehrsalz-1kg","status":"publish","type":"product","link":"https:\/\/www.blumen-schwarz.de\/aktuell\/produkt\/bluetentraum-naehrsalz-1kg\/","title":{"rendered":"Bl\u00fctentraum N\u00e4hrsalz, 1kg"},"content":{"rendered":"","protected":false},"excerpt":{"rendered":"<p> Bl\u00fctentraum - Fl\u00fcssigd\u00fcnger ohne Wasser. Deutlich g\u00fcnstiger als fertig anger\u00fchrter Fl\u00fcssigd\u00fcnger. Das N\u00e4hrsalz l\u00f6st sich schnell und komplett auf. <\/p>\n","protected":false},"featured_media":238458,"comment_status":"open","ping_status":"closed","template":"","meta":{"inline_featured_image":false},"product_brand":[],"product_cat":[1399,1397],"product_tag":[1434,1966],"class_list":{"0":"post-238459","1":"product","2":"type-product","3":"status-publish","4":"has-post-thumbnail","6":"product_cat-duenger","7":"product_cat-gartenbedarf","8":"product_tag-duenger","9":"product_tag-naehrsalz","10":"thunk-woo-product-list","11":"open-woo-hover-zoom","12":"open-single-product-tab-horizontal","13":"open-shadow-","14":"open-shadow-hover-","16":"first","17":"instock","18":"taxable","19":"shipping-taxable","20":"purchasable","21":"product-type-simple"},"wcpa_form_fields":null,"_links":{"self":[{"href":"https:\/\/www.blumen-schwarz.de\/aktuell\/wp-json\/wp\/v2\/product\/238459","targetHints":{"allow":["GET"]}}],"collection":[{"href":"https:\/\/www.blumen-schwarz.de\/aktuell\/wp-json\/wp\/v2\/product"}],"about":[{"href":"https:\/\/www.blumen-schwarz.de\/aktuell\/wp-json\/wp\/v2\/types\/product"}],"replies":[{"embeddable":true,"href":"https:\/\/www.blumen-schwarz.de\/aktuell\/wp-json\/wp\/v2\/comments?post=238459"}],"wp:featuredmedia":[{"embeddable":true,"href":"https:\/\/www.blumen-schwarz.de\/aktuell\/wp-json\/wp\/v2\/media\/238458"}],"wp:attachment":[{"href":"https:\/\/www.blumen-schwarz.de\/aktuell\/wp-json\/wp\/v2\/media?parent=238459"}],"wp:term":[{"taxonomy":"product_brand","embeddable":true,"href":"https:\/\/www.blumen-schwarz.de\/aktuell\/wp-json\/wp\/v2\/product_brand?post=238459"},{"taxonomy":"product_cat","embeddable":true,"href":"https:\/\/www.blumen-schwarz.de\/aktuell\/wp-json\/wp\/v2\/product_cat?post=238459"},{"taxonomy":"product_tag","embeddable":true,"href":"https:\/\/www.blumen-schwarz.de\/aktuell\/wp-json\/wp\/v2\/product_tag?post=238459"}],"curies":[{"name":"wp","href":"https:\/\/api.w.org\/{rel}","templated":true}]}}