{"id":237698,"date":"2025-06-17T16:19:36","date_gmt":"2020-04-14T14:43:33","guid":{"rendered":"https:\/\/www.blumen-schwarz.de\/aktuell\/produkt\/paeonia-rosa-gefuellt-pfingstrose\/"},"modified":"2025-06-17T16:19:37","modified_gmt":"2025-06-17T14:19:37","slug":"paeonia-rosa-gefuellt-pfingstrose","status":"publish","type":"product","link":"https:\/\/www.blumen-schwarz.de\/aktuell\/produkt\/paeonia-rosa-gefuellt-pfingstrose\/","title":{"rendered":"Paeonia, rosa gef\u00fcllt, Pfingstrose"},"content":{"rendered":"<p>gef. rosa Pfingstrose<br \/>Paeonia lactiflora Sarah Bernhardt<br \/>Paeoniaceae<br \/>Bl\u00fcte: zartrosa gef\u00fcllt, Juni<br \/> Wuchsh\u00f6he: 80cm, locker <br \/> Standort: Sonne<br \/> Sonstiges: unbedingt selten verpflanzen, <br \/> Pfingstrosen bl\u00fchen oft erst nach 2 - 3 Jahren<\/p>\n","protected":false},"excerpt":{"rendered":"<p>gef. rosa PfingstrosePaeonia lactiflora Sarah BernhardtPaeoniaceaeBl\u00fcte: zartrosa gef\u00fcllt, Juni Wuchsh\u00f6he: 80cm, locker Standort: Sonne Sonstiges: &hellip;<\/p>\n<p class=\"read-more\"> <a class=\" thunk-readmore button \" href=\"https:\/\/www.blumen-schwarz.de\/aktuell\/produkt\/paeonia-rosa-gefuellt-pfingstrose\/\"> <span class=\"screen-reader-text\">Paeonia, rosa gef\u00fcllt, Pfingstrose<\/span>weiterlesen<\/a><\/p>\n","protected":false},"featured_media":237700,"comment_status":"open","ping_status":"closed","template":"","meta":{"inline_featured_image":false},"product_brand":[],"product_cat":[1258,1402],"product_tag":[2203,2006,1371],"class_list":{"0":"post-237698","1":"product","2":"type-product","3":"status-publish","4":"has-post-thumbnail","6":"product_cat-pflanzen","7":"product_cat-stauden","8":"product_tag-gefuellt","9":"product_tag-pfingstrose","10":"product_tag-rosa","11":"thunk-woo-product-list","12":"open-woo-hover-zoom","13":"open-single-product-tab-horizontal","14":"open-shadow-","15":"open-shadow-hover-","16":"wcpa_has_options","18":"first","19":"outofstock","20":"taxable","21":"shipping-taxable","22":"purchasable","23":"product-type-simple"},"wcpa_form_fields":{"wcpaData":{"product":{"product_price":12.78,"price_html":"<span class=\"woocommerce-Price-amount amount\"><bdi>12,78&nbsp;<span class=\"woocommerce-Price-currencySymbol\">&euro;<\/span><\/bdi><\/span>","original_product_price":12.78,"price_including_tax":12.78,"price_excluding_tax":11.943925,"product_id":{"parent":237698,"variation":false},"is_variable":false,"stock_status":"outofstock","stock_quantity":0,"parent_sku":"835091597","product_attributes":[],"custom_fields":[],"is_taxable":true,"product_name":"Paeonia, rosa gef\u00fcllt, Pfingstrose","hasImage":false},"fields":{"sec_36a034d7f37ca1":{"extra":{"key":"sec_36a034d7f37ca1","section_id":"sec_36a034d7f37ca1","name":"Default","status":1,"cl_rule":"show","enableCl":false,"relations":[],"toggle":true,"title_tag":"h3","show_title":false,"showPrice":"default","form_id":245222,"form_rules":{"exclude_from_discount":false,"fee_label":"Steuer","disp_hide_options_price":false,"disp_show_section_price":false,"disp_show_field_price":true,"layout_option":"standard","pric_use_as_fee":false,"process_fee_as":"woo_fee"},"layout_option":"standard"},"fields":[[{"type":"textarea","elementId":"wcpa-textarea-1608033486494","label":"zus. W\u00fcnsche (Farbe, Form o.\u00e4.)","description":"","desc_type":true,"pricingType":"fixed","rows":"2","className":"form-control","name":"textarea-1608033486494","cl_rule":"show","col":6,"relations":false,"active":true,"tooltip":"Hier k\u00f6nnen Sie, falls der Artikel nicht eindeutig ist, Ihre W\u00fcnsche eintragen. Im Zweifelsfall lassen Sie dieses Feld einfach leer.","gt_translate_keys":["label","description","tooltip"],"price_dependency":false,"cl_dependency":false,"value":""}]]}},"config":{"price_override":"","enable_recaptcha":false,"bind_quantity":false,"quantity_bind_formula":false,"disp_summ_show_option_price":true,"disp_summ_show_product_price":true,"disp_summ_show_total_price":true,"disp_summ_show_fee":false,"disp_summ_show_discount":false,"summary_title":"","options_total_label":"ausgew\u00e4hlter Preis","total_label":"Komplett","options_product_label":"Produkt Preis","fee_label":"Steuer","discount_label":"Discount","has_price":true,"has_quantity_formula":false},"mc_unit":1,"tax_rate":1,"tax_rate_real":0.07,"discount":{"percentage":0,"fixed":0},"design":{"conf":{"LabelPosition":"above","DescPosition":"above","UploadField":"custom_1","QuantityFieldStyle":"default"},"css":{"LeftLabelWidth":"120px"}},"formulas":[],"lookuptables":[],"clones":false,"cartKey":false}},"_links":{"self":[{"href":"https:\/\/www.blumen-schwarz.de\/aktuell\/wp-json\/wp\/v2\/product\/237698","targetHints":{"allow":["GET"]}}],"collection":[{"href":"https:\/\/www.blumen-schwarz.de\/aktuell\/wp-json\/wp\/v2\/product"}],"about":[{"href":"https:\/\/www.blumen-schwarz.de\/aktuell\/wp-json\/wp\/v2\/types\/product"}],"replies":[{"embeddable":true,"href":"https:\/\/www.blumen-schwarz.de\/aktuell\/wp-json\/wp\/v2\/comments?post=237698"}],"wp:featuredmedia":[{"embeddable":true,"href":"https:\/\/www.blumen-schwarz.de\/aktuell\/wp-json\/wp\/v2\/media\/237700"}],"wp:attachment":[{"href":"https:\/\/www.blumen-schwarz.de\/aktuell\/wp-json\/wp\/v2\/media?parent=237698"}],"wp:term":[{"taxonomy":"product_brand","embeddable":true,"href":"https:\/\/www.blumen-schwarz.de\/aktuell\/wp-json\/wp\/v2\/product_brand?post=237698"},{"taxonomy":"product_cat","embeddable":true,"href":"https:\/\/www.blumen-schwarz.de\/aktuell\/wp-json\/wp\/v2\/product_cat?post=237698"},{"taxonomy":"product_tag","embeddable":true,"href":"https:\/\/www.blumen-schwarz.de\/aktuell\/wp-json\/wp\/v2\/product_tag?post=237698"}],"curies":[{"name":"wp","href":"https:\/\/api.w.org\/{rel}","templated":true}]}}