{"id":234933,"date":"2025-04-26T09:44:32","date_gmt":"2020-04-01T15:11:52","guid":{"rendered":"https:\/\/www.blumen-schwarz.de\/aktuell\/produkt\/helianthus-winterharte-sonnenblume\/"},"modified":"2025-04-26T09:44:33","modified_gmt":"2025-04-26T07:44:33","slug":"helianthus-winterharte-sonnenblume","status":"publish","type":"product","link":"https:\/\/www.blumen-schwarz.de\/aktuell\/produkt\/helianthus-winterharte-sonnenblume\/","title":{"rendered":"Helianthus, winterharte Sonnenblume"},"content":{"rendered":"<p>winterhart. gro\u00dfe Sonnenblume<br \/>Helianthus atrorubens <br \/>Asteraceae<br \/>Bl\u00fcte: gelb, schwarze Mitte, Sp\u00e4tsommer<br \/> Wuchsh\u00f6he: starkwachsend bis 180cm<br \/> Standort: Sonne, Beete<br \/> Tolle winterharte Sonnenblume, die erst richtig sch\u00f6n wird, wenn viele andere Stauden verbl\u00fcht sind.<\/p>\n","protected":false},"excerpt":{"rendered":"<p>winterhart. gro\u00dfe SonnenblumeHelianthus atrorubens AsteraceaeBl\u00fcte: gelb, schwarze Mitte, Sp\u00e4tsommer Wuchsh\u00f6he: starkwachsend bis 180cm Standort: Sonne, &hellip;<\/p>\n<p class=\"read-more\"> <a class=\" thunk-readmore button \" href=\"https:\/\/www.blumen-schwarz.de\/aktuell\/produkt\/helianthus-winterharte-sonnenblume\/\"> <span class=\"screen-reader-text\">Helianthus, winterharte Sonnenblume<\/span>weiterlesen<\/a><\/p>\n","protected":false},"featured_media":241126,"comment_status":"open","ping_status":"closed","template":"","meta":{"inline_featured_image":false},"product_brand":[],"product_cat":[1258,1402],"product_tag":[1574,1819,1849,1507,1496],"class_list":{"0":"post-234933","1":"product","2":"type-product","3":"status-publish","4":"has-post-thumbnail","6":"product_cat-pflanzen","7":"product_cat-stauden","8":"product_tag-10-20cm","9":"product_tag-biene","10":"product_tag-sonne","11":"product_tag-staude","12":"product_tag-t14","13":"thunk-woo-product-list","14":"open-woo-hover-zoom","15":"open-single-product-tab-horizontal","16":"open-shadow-","17":"open-shadow-hover-","18":"wcpa_has_options","20":"first","21":"outofstock","22":"taxable","23":"shipping-taxable","24":"purchasable","25":"product-type-simple"},"wcpa_form_fields":{"wcpaData":{"product":{"product_price":6.35,"price_html":"<span class=\"woocommerce-Price-amount amount\"><bdi>6,35&nbsp;<span class=\"woocommerce-Price-currencySymbol\">&euro;<\/span><\/bdi><\/span>","original_product_price":6.35,"price_including_tax":6.35,"price_excluding_tax":5.934578999999999,"product_id":{"parent":234933,"variation":false},"is_variable":false,"stock_status":"outofstock","stock_quantity":0,"parent_sku":"8350922372","product_attributes":[],"custom_fields":[],"is_taxable":true,"product_name":"Helianthus, winterharte Sonnenblume","hasImage":false},"fields":{"sec_26a05f1da56962":{"extra":{"key":"sec_26a05f1da56962","section_id":"sec_26a05f1da56962","name":"Default","status":1,"cl_rule":"show","enableCl":false,"relations":[],"toggle":true,"title_tag":"h3","show_title":false,"showPrice":"default","form_id":245222,"form_rules":{"exclude_from_discount":false,"fee_label":"Steuer","disp_hide_options_price":false,"disp_show_section_price":false,"disp_show_field_price":true,"layout_option":"standard","pric_use_as_fee":false,"process_fee_as":"woo_fee"},"layout_option":"standard"},"fields":[[{"type":"textarea","elementId":"wcpa-textarea-1608033486494","label":"zus. W\u00fcnsche (Farbe, Form o.\u00e4.)","description":"","desc_type":true,"pricingType":"fixed","rows":"2","className":"form-control","name":"textarea-1608033486494","cl_rule":"show","col":6,"relations":false,"active":true,"tooltip":"Hier k\u00f6nnen Sie, falls der Artikel nicht eindeutig ist, Ihre W\u00fcnsche eintragen. Im Zweifelsfall lassen Sie dieses Feld einfach leer.","gt_translate_keys":["label","description","tooltip"],"price_dependency":false,"cl_dependency":false,"value":""}]]}},"config":{"price_override":"","enable_recaptcha":false,"bind_quantity":false,"quantity_bind_formula":false,"disp_summ_show_option_price":true,"disp_summ_show_product_price":true,"disp_summ_show_total_price":true,"disp_summ_show_fee":false,"disp_summ_show_discount":false,"summary_title":"","options_total_label":"ausgew\u00e4hlter Preis","total_label":"Komplett","options_product_label":"Produkt Preis","fee_label":"Steuer","discount_label":"Discount","has_price":true,"has_quantity_formula":false},"mc_unit":1,"tax_rate":1,"tax_rate_real":0.07,"discount":{"percentage":0,"fixed":0},"design":{"conf":{"LabelPosition":"above","DescPosition":"above","UploadField":"custom_1","QuantityFieldStyle":"default"},"css":{"LeftLabelWidth":"120px"}},"formulas":[],"lookuptables":[],"clones":false,"cartKey":false}},"_links":{"self":[{"href":"https:\/\/www.blumen-schwarz.de\/aktuell\/wp-json\/wp\/v2\/product\/234933","targetHints":{"allow":["GET"]}}],"collection":[{"href":"https:\/\/www.blumen-schwarz.de\/aktuell\/wp-json\/wp\/v2\/product"}],"about":[{"href":"https:\/\/www.blumen-schwarz.de\/aktuell\/wp-json\/wp\/v2\/types\/product"}],"replies":[{"embeddable":true,"href":"https:\/\/www.blumen-schwarz.de\/aktuell\/wp-json\/wp\/v2\/comments?post=234933"}],"wp:featuredmedia":[{"embeddable":true,"href":"https:\/\/www.blumen-schwarz.de\/aktuell\/wp-json\/wp\/v2\/media\/241126"}],"wp:attachment":[{"href":"https:\/\/www.blumen-schwarz.de\/aktuell\/wp-json\/wp\/v2\/media?parent=234933"}],"wp:term":[{"taxonomy":"product_brand","embeddable":true,"href":"https:\/\/www.blumen-schwarz.de\/aktuell\/wp-json\/wp\/v2\/product_brand?post=234933"},{"taxonomy":"product_cat","embeddable":true,"href":"https:\/\/www.blumen-schwarz.de\/aktuell\/wp-json\/wp\/v2\/product_cat?post=234933"},{"taxonomy":"product_tag","embeddable":true,"href":"https:\/\/www.blumen-schwarz.de\/aktuell\/wp-json\/wp\/v2\/product_tag?post=234933"}],"curies":[{"name":"wp","href":"https:\/\/api.w.org\/{rel}","templated":true}]}}